{"id":974,"date":"2025-01-07T10:51:39","date_gmt":"2025-01-07T07:51:39","guid":{"rendered":"https:\/\/hbbkimya.com\/?post_type=product&#038;p=974"},"modified":"2026-04-17T11:20:52","modified_gmt":"2026-04-17T08:20:52","slug":"su-banyosu-15l-4-hazneli-kapakli-wb15","status":"publish","type":"product","link":"https:\/\/hbbkimya.com\/?product=su-banyosu-15l-4-hazneli-kapakli-wb15","title":{"rendered":"Su Banyosu 15L 4 Hazneli Kapakl\u0131 WB15"},"content":{"rendered":"<p><a href=\"https:\/\/hbbkimya.com\/wp-content\/uploads\/2025\/01\/su-banyosu-15-litre-wb15-water-bath.webp\"><img loading=\"lazy\" decoding=\"async\" class=\"alignnone size-medium wp-image-975\" src=\"https:\/\/hbbkimya.com\/wp-content\/uploads\/2025\/01\/su-banyosu-15-litre-wb15-water-bath-300x300.webp\" alt=\"\" width=\"300\" height=\"300\" srcset=\"https:\/\/hbbkimya.com\/wp-content\/uploads\/2025\/01\/su-banyosu-15-litre-wb15-water-bath-300x300.webp 300w, https:\/\/hbbkimya.com\/wp-content\/uploads\/2025\/01\/su-banyosu-15-litre-wb15-water-bath-100x100.webp 100w, https:\/\/hbbkimya.com\/wp-content\/uploads\/2025\/01\/su-banyosu-15-litre-wb15-water-bath-600x600.webp 600w, https:\/\/hbbkimya.com\/wp-content\/uploads\/2025\/01\/su-banyosu-15-litre-wb15-water-bath-1024x1024.webp 1024w, https:\/\/hbbkimya.com\/wp-content\/uploads\/2025\/01\/su-banyosu-15-litre-wb15-water-bath-150x150.webp 150w, https:\/\/hbbkimya.com\/wp-content\/uploads\/2025\/01\/su-banyosu-15-litre-wb15-water-bath-768x768.webp 768w, https:\/\/hbbkimya.com\/wp-content\/uploads\/2025\/01\/su-banyosu-15-litre-wb15-water-bath.webp 1280w\" sizes=\"auto, (max-width: 300px) 100vw, 300px\" \/><\/a><\/p>\n","protected":false},"excerpt":{"rendered":"<ul>\n<li>Marka: Thermomac &#8211; model WB15<\/li>\n<li style=\"font-weight: 400;\">-S\u0131v\u0131 ve buharla temas eden i\u00e7 y\u00fczey, delikli tabla, \u0131s\u0131t\u0131c\u0131 elemanlar ve \u00fcst kapak paslanmaz \u00e7elikten yap\u0131lm\u0131\u015ft\u0131r.<\/li>\n<li style=\"font-weight: 400;\">-D\u0131\u015f y\u00fczey elektrostatik toz boyal\u0131 \u00e7elikten \u00fcretilmi\u015ftir<\/li>\n<li style=\"font-weight: 400;\">-PID program\u0131 ile ak\u0131ll\u0131 s\u0131cakl\u0131k kontrol\u00fc<\/li>\n<li style=\"font-weight: 400;\">-A\u015f\u0131r\u0131 s\u0131cakl\u0131k art\u0131\u015f\u0131n\u0131 engelleme ve zaman ayarlama fonksiyonlar\u0131<\/li>\n<li style=\"font-weight: 400;\">-Dijital ekran<\/li>\n<li style=\"font-weight: 400;\">-S\u0131cakl\u0131k ve zaman i\u00e7in iki ayr\u0131 LED g\u00f6sterge<\/li>\n<li style=\"font-weight: 400;\">-Tank i\u00e7indeki suyun kolayca bo\u015falt\u0131lmas\u0131n\u0131 sa\u011flayan pratik drenaj sistemi<\/li>\n<li style=\"font-weight: 400;\">-Dijital termostat sayesinde s\u0131cakl\u0131k de\u011ferleri homojen \u0131s\u0131ya ula\u015f\u0131r.<\/li>\n<li style=\"font-weight: 400;\">-CE belgeli<br \/>\n<table style=\"font-weight: 400;\" width=\"0\">\n<tbody>\n<tr>\n<td>MODEL<\/td>\n<td>WB6<\/td>\n<td>WB15<\/td>\n<td>WB22<\/td>\n<\/tr>\n<tr>\n<td>Kapasite<\/td>\n<td>\u00a06.1 L<\/td>\n<td>14.6 L<\/td>\n<td>22.5 L<\/td>\n<\/tr>\n<tr>\n<td>S\u0131cakl\u0131k Aral\u0131\u011f\u0131<\/td>\n<td colspan=\"3\">\u00a0RT +5\u00a0\uff5e\u00a0100\u00a0\u2070\u00a0C<\/td>\n<\/tr>\n<tr>\n<td>S\u0131cakl\u0131k De\u011fi\u015fimi<\/td>\n<td colspan=\"3\">\u00b10.5\u00a0\u2070\u00a0C<\/td>\n<\/tr>\n<tr>\n<td>S\u0131cakl\u0131k Kontrol Hasssal\u0131\u011f\u0131<\/td>\n<td colspan=\"3\">\u2264 \u00b11\u00a0\u2070\u00a0C<\/td>\n<\/tr>\n<tr>\n<td>G\u00f6r\u00fcnt\u00fc Hatas\u0131<\/td>\n<td colspan=\"3\">\u2264 \u00b12.5\u00a0\u2070\u00a0C<\/td>\n<\/tr>\n<tr>\n<td>\u0130\u00e7 Ebatlar(w x d x h),mm<\/td>\n<td>300 x 135 x 150<\/td>\n<td>325 x 300 x 150<\/td>\n<td>500 x 300 x 150<\/td>\n<\/tr>\n<tr>\n<td>D\u0131\u015f Ebatlar(w x d x h),mm<\/td>\n<td>318 x 168 x 210<\/td>\n<td>350 x 318 x 210<\/td>\n<td>524 x 322 x 210<\/td>\n<\/tr>\n<tr>\n<td>Net A\u011f\u0131rl\u0131k(kg)<\/td>\n<td>4.5<\/td>\n<td>6<\/td>\n<td>7.5<\/td>\n<\/tr>\n<tr>\n<td>G\u00fc\u00e7<\/td>\n<td>500W<\/td>\n<td>1000W<\/td>\n<td>1500W<\/td>\n<\/tr>\n<tr>\n<td>G\u00fc\u00e7 Kayna\u011f\u0131<\/td>\n<td colspan=\"3\">200-240V<\/td>\n<\/tr>\n<\/tbody>\n<\/table>\n<\/li>\n<\/ul>\n","protected":false},"featured_media":975,"comment_status":"open","ping_status":"closed","template":"","meta":{"neve_meta_sidebar":"","neve_meta_container":"","neve_meta_enable_content_width":"off","neve_meta_content_width":100,"neve_meta_title_alignment":"","neve_meta_author_avatar":"","neve_post_elements_order":"","neve_meta_disable_header":"","neve_meta_disable_footer":"","neve_meta_disable_title":"","_themeisle_gutenberg_block_has_review":false},"product_brand":[],"product_cat":[57],"product_tag":[],"class_list":{"0":"post-974","1":"product","2":"type-product","3":"status-publish","4":"has-post-thumbnail","6":"product_cat-su-banyolari","8":"first","9":"instock","10":"sold-individually","11":"taxable","12":"shipping-taxable","13":"purchasable","14":"product-type-simple"},"_links":{"self":[{"href":"https:\/\/hbbkimya.com\/index.php?rest_route=\/wp\/v2\/product\/974","targetHints":{"allow":["GET"]}}],"collection":[{"href":"https:\/\/hbbkimya.com\/index.php?rest_route=\/wp\/v2\/product"}],"about":[{"href":"https:\/\/hbbkimya.com\/index.php?rest_route=\/wp\/v2\/types\/product"}],"replies":[{"embeddable":true,"href":"https:\/\/hbbkimya.com\/index.php?rest_route=%2Fwp%2Fv2%2Fcomments&post=974"}],"wp:featuredmedia":[{"embeddable":true,"href":"https:\/\/hbbkimya.com\/index.php?rest_route=\/wp\/v2\/media\/975"}],"wp:attachment":[{"href":"https:\/\/hbbkimya.com\/index.php?rest_route=%2Fwp%2Fv2%2Fmedia&parent=974"}],"wp:term":[{"taxonomy":"product_brand","embeddable":true,"href":"https:\/\/hbbkimya.com\/index.php?rest_route=%2Fwp%2Fv2%2Fproduct_brand&post=974"},{"taxonomy":"product_cat","embeddable":true,"href":"https:\/\/hbbkimya.com\/index.php?rest_route=%2Fwp%2Fv2%2Fproduct_cat&post=974"},{"taxonomy":"product_tag","embeddable":true,"href":"https:\/\/hbbkimya.com\/index.php?rest_route=%2Fwp%2Fv2%2Fproduct_tag&post=974"}],"curies":[{"name":"wp","href":"https:\/\/api.w.org\/{rel}","templated":true}]}}