{"id":968,"date":"2025-01-07T00:00:09","date_gmt":"2025-01-06T21:00:09","guid":{"rendered":"https:\/\/hbbkimya.com\/?post_type=product&#038;p=968"},"modified":"2026-04-12T13:46:34","modified_gmt":"2026-04-12T10:46:34","slug":"968","status":"publish","type":"product","link":"https:\/\/hbbkimya.com\/?product=968","title":{"rendered":"Milwaukee MW102 PRO pH metre &#8211; Epoxy Problu"},"content":{"rendered":"<p><a href=\"https:\/\/hbbkimya.com\/wp-content\/uploads\/2025\/01\/mw102-pro-milwaukee-ph-metre.webp\"><img loading=\"lazy\" decoding=\"async\" class=\"alignnone size-medium wp-image-969\" src=\"https:\/\/hbbkimya.com\/wp-content\/uploads\/2025\/01\/mw102-pro-milwaukee-ph-metre-300x300.webp\" alt=\"\" width=\"300\" height=\"300\" srcset=\"https:\/\/hbbkimya.com\/wp-content\/uploads\/2025\/01\/mw102-pro-milwaukee-ph-metre-300x300.webp 300w, https:\/\/hbbkimya.com\/wp-content\/uploads\/2025\/01\/mw102-pro-milwaukee-ph-metre-100x100.webp 100w, https:\/\/hbbkimya.com\/wp-content\/uploads\/2025\/01\/mw102-pro-milwaukee-ph-metre-600x600.webp 600w, https:\/\/hbbkimya.com\/wp-content\/uploads\/2025\/01\/mw102-pro-milwaukee-ph-metre-1024x1024.webp 1024w, https:\/\/hbbkimya.com\/wp-content\/uploads\/2025\/01\/mw102-pro-milwaukee-ph-metre-150x150.webp 150w, https:\/\/hbbkimya.com\/wp-content\/uploads\/2025\/01\/mw102-pro-milwaukee-ph-metre-768x768.webp 768w, https:\/\/hbbkimya.com\/wp-content\/uploads\/2025\/01\/mw102-pro-milwaukee-ph-metre.webp 1173w\" sizes=\"auto, (max-width: 300px) 100vw, 300px\" \/><\/a><\/p>\n","protected":false},"excerpt":{"rendered":"<p>Paket \u0130\u00e7eri\u011fi:<\/p>\n<table border=\"1\" width=\"0\" cellspacing=\"0\" cellpadding=\"0\">\n<tbody>\n<tr>\n<td width=\"241\">\n<p align=\"center\">MW102<\/p>\n<\/td>\n<td width=\"392\">\n<p align=\"center\"><span lang=\"EN-US\">Cihaz\u0131n Kendisi<\/span><\/p>\n<\/td>\n<\/tr>\n<tr>\n<td width=\"241\">\n<p align=\"center\"><span lang=\"EN-US\">SE220<\/span><\/p>\n<\/td>\n<td width=\"392\">\n<p align=\"center\"><span lang=\"EN-US\">pH elektrodu<\/span><\/p>\n<\/td>\n<\/tr>\n<tr>\n<td width=\"241\">\n<p align=\"center\"><span lang=\"EN-US\">MA830R<\/span><\/p>\n<\/td>\n<td width=\"392\">\n<p align=\"center\"><span lang=\"EN-US\">paslanmaz \u00e7elik s\u0131cakl\u0131k probu<\/span><\/p>\n<\/td>\n<\/tr>\n<tr>\n<td width=\"241\">\n<p align=\"center\"><span lang=\"EN-US\">M10004\/M10007<\/span><\/p>\n<\/td>\n<td width=\"392\">\n<p align=\"center\">pH4.01 ve 7.01 kalibrasyon \u00e7\u00f6zeltilerinin 20mL&#8217;lik numunesi<\/p>\n<\/td>\n<\/tr>\n<tr>\n<td width=\"241\">\n<p align=\"center\"><span lang=\"EN-US\">1adet<\/span><\/p>\n<\/td>\n<td width=\"392\">\n<p align=\"center\"><span lang=\"EN-US\">Kullan\u0131m k\u0131lavuzu<\/span><\/p>\n<\/td>\n<\/tr>\n<tr>\n<td width=\"241\">\n<p align=\"center\"><span lang=\"EN-US\">1adet<\/span><\/p>\n<\/td>\n<td width=\"392\">\n<p align=\"center\"><span lang=\"EN-US\">9 V pil<\/span><\/p>\n<\/td>\n<\/tr>\n<tr>\n<td width=\"241\">\n<p align=\"center\"><span lang=\"EN-US\">1adet<\/span><\/p>\n<\/td>\n<td width=\"392\">\n<p align=\"center\"><span lang=\"EN-US\">Sert koruma \u00e7antas\u0131<\/span><\/p>\n<\/td>\n<\/tr>\n<\/tbody>\n<\/table>\n<p>&nbsp;<\/p>\n<p>&nbsp;<\/p>\n<p>\u00d6zellikleri<\/p>\n<p>&#8211; Otomatik S\u0131cakl\u0131k Dengeleme (0-70\uff9fC ) ile tasarlanm\u0131\u015ft\u0131r.<\/p>\n<p>&#8211; \u00b1 0.02 pH do\u011frulu\u011fu ile \u00f6l\u00e7\u00fcmlerinizde g\u00fcvenilir \u00f6l\u00e7\u00fcmler sunar.<\/p>\n<p>&#8211; B\u00fcy\u00fck dijital LCD ekran ile h\u0131zl\u0131 okunmas\u0131 kolay sonu\u00e7lar<\/p>\n<p>&#8211; Kolay \u00f6l\u00e7\u00fcm: sadece probu numuneye yerle\u015ftirin, hafif\u00e7e kar\u0131\u015ft\u0131r\u0131n ve okuman\u0131n stabilize olmas\u0131n\u0131 bekleyin<\/p>\n<p>&#8211; Art\u0131r\u0131lm\u0131\u015f do\u011fruluk i\u00e7in otomatik iki noktal\u0131 kalibrasyon<\/p>\n<p>&#8211; Uygun depolamay\u0131 sa\u011flamak i\u00e7in vidal\u0131 kapakl\u0131, d\u00fc\u015f\u00fck bak\u0131m ve y\u00fcksek performans i\u00e7in jel dolgulu, \u00e7ift ba\u011flant\u0131 laboratuvar s\u0131n\u0131f\u0131 pH elektrodu<\/p>\n<p>&#8211; Sa\u011flam paslanmaz s\u0131cakl\u0131k probu<\/p>\n<p>&#8211; Otomatik kapanma ve d\u00fc\u015f\u00fck g\u00fc\u00e7 g\u00f6stergesi. 300 saat s\u00fcrekli kullan\u0131m (pil dahil)<\/p>\n<p>&nbsp;<\/p>\n<p>&nbsp;<\/p>\n<p>Teknik \u00d6zellikleri:<\/p>\n<table border=\"1\" width=\"0\" cellspacing=\"0\" cellpadding=\"0\">\n<tbody>\n<tr>\n<td width=\"241\">\n<p align=\"center\"><span lang=\"EN-US\">Model<\/span><\/p>\n<\/td>\n<td width=\"392\">\n<p align=\"center\">MW102<\/p>\n<\/td>\n<\/tr>\n<tr>\n<td width=\"241\">\n<p align=\"center\"><span lang=\"EN-US\">pH Aral\u0131\u011f\u0131<\/span><\/p>\n<\/td>\n<td width=\"392\">\n<p align=\"center\"><span lang=\"EN-US\">0 &#8211; 14.00 pH<\/span><\/p>\n<\/td>\n<\/tr>\n<tr>\n<td width=\"241\">\n<p align=\"center\"><span lang=\"EN-US\">S\u0131cakl\u0131k Aral\u0131\u011f\u0131<\/span><\/p>\n<\/td>\n<td width=\"392\">\n<p align=\"center\"><span lang=\"EN-US\">-5 &#8211; 70\u00b0C<\/span><\/p>\n<\/td>\n<\/tr>\n<tr>\n<td width=\"241\">\n<p align=\"center\"><span lang=\"EN-US\">pH \u00c7\u00f6z\u00fcn\u00fcrl\u00fc\u011f\u00fc<\/span><\/p>\n<\/td>\n<td width=\"392\">\n<p align=\"center\"><span lang=\"EN-US\">0.01 pH<\/span><\/p>\n<\/td>\n<\/tr>\n<tr>\n<td width=\"241\">\n<p align=\"center\"><span lang=\"EN-US\">S\u0131cakl\u0131k \u00c7\u00f6z\u00fcn\u00fcrl\u00fc\u011f\u00fc<\/span><\/p>\n<\/td>\n<td width=\"392\">\n<p align=\"center\"><span lang=\"EN-US\">0.1\u00b0C<\/span><\/p>\n<\/td>\n<\/tr>\n<tr>\n<td width=\"241\">\n<p align=\"center\"><span lang=\"EN-US\">pH Do\u011frulu\u011fu<\/span><\/p>\n<\/td>\n<td width=\"392\">\n<p align=\"center\"><span lang=\"EN-US\">\u00b10.02 pH<\/span><\/p>\n<\/td>\n<\/tr>\n<tr>\n<td width=\"241\">\n<p align=\"center\"><span lang=\"EN-US\">S\u0131cakl\u0131k Do\u011frulu\u011fu(25\u00b0C)<\/span><\/p>\n<\/td>\n<td width=\"392\">\n<p align=\"center\"><span lang=\"EN-US\">\u00b10.5\u00b0C<\/span><\/p>\n<\/td>\n<\/tr>\n<tr>\n<td width=\"241\">\n<p align=\"center\"><span lang=\"EN-US\">pH Tipik EMC Sapmas\u0131<\/span><\/p>\n<\/td>\n<td width=\"392\">\n<p align=\"center\"><span lang=\"EN-US\">\u00b10.02 pH<\/span><\/p>\n<\/td>\n<\/tr>\n<tr>\n<td width=\"241\">\n<p align=\"center\"><span lang=\"EN-US\">S\u0131cakl\u0131k Tipik EMC Sapmas\u0131<\/span><\/p>\n<\/td>\n<td width=\"392\">\n<p align=\"center\"><span lang=\"EN-US\">\u00b10.5\u00b0C<\/span><\/p>\n<\/td>\n<\/tr>\n<tr>\n<td width=\"241\">\n<p align=\"center\"><span lang=\"EN-US\">S\u0131cakl\u0131k Dengeleme<\/span><\/p>\n<\/td>\n<td width=\"392\">\n<p align=\"center\"><span lang=\"EN-US\">otomatik, 0 &#8211; 70\u00b0C<\/span><\/p>\n<\/td>\n<\/tr>\n<tr>\n<td width=\"241\">\n<p align=\"center\"><span lang=\"EN-US\">Kalibrasyon<\/span><\/p>\n<\/td>\n<td width=\"392\">\n<p align=\"center\"><span lang=\"EN-US\">otomatik, 1 &#8211; 2noktal\u0131<\/span><\/p>\n<\/td>\n<\/tr>\n<tr>\n<td width=\"241\">\n<p align=\"center\"><span lang=\"EN-US\">pH elektrodu<\/span><\/p>\n<\/td>\n<td width=\"392\">\n<p align=\"center\"><span lang=\"EN-US\">SE220 (pakete dahil)<\/span><\/p>\n<\/td>\n<\/tr>\n<tr>\n<td width=\"241\">\n<p align=\"center\"><span lang=\"EN-US\">S\u0131cakl\u0131k Probu<\/span><\/p>\n<\/td>\n<td width=\"392\">\n<p align=\"center\"><span lang=\"EN-US\">MA830R (pakete dahil)<\/span><\/p>\n<\/td>\n<\/tr>\n<tr>\n<td width=\"241\">\n<p align=\"center\"><span lang=\"EN-US\">\u00c7evre S\u0131cakl\u0131k\/nem<\/span><\/p>\n<\/td>\n<td width=\"392\">\n<p align=\"center\"><span lang=\"EN-US\">0 &#8211; 50\u00b0C \/ 32 &#8211; 122\u00b0F; maks. RH 95%<\/span><\/p>\n<\/td>\n<\/tr>\n<tr>\n<td width=\"241\">\n<p align=\"center\"><span lang=\"EN-US\">Pil<\/span><\/p>\n<\/td>\n<td width=\"392\">\n<p align=\"center\"><span lang=\"EN-US\">1 x 9V (pakete dahil)<\/span><\/p>\n<\/td>\n<\/tr>\n<tr>\n<td width=\"241\">\n<p align=\"center\"><span lang=\"EN-US\">Pil \u00d6mr\u00fc<\/span><\/p>\n<\/td>\n<td width=\"392\">\n<p align=\"center\"><span lang=\"EN-US\">yak. 300 saat s\u00fcrekli kullan\u0131m<\/span><\/p>\n<\/td>\n<\/tr>\n<tr>\n<td width=\"241\">\n<p align=\"center\"><span lang=\"EN-US\">Otomatik Kapanma<\/span><\/p>\n<\/td>\n<td width=\"392\">\n<p align=\"center\"><span lang=\"EN-US\">Kullan\u0131m bitiminden 8dakika sonra<\/span><\/p>\n<\/td>\n<\/tr>\n<tr>\n<td width=\"241\">\n<p align=\"center\"><span lang=\"EN-US\">Cihaz boyut\/a\u011f\u0131rl\u0131k<\/span><\/p>\n<\/td>\n<td width=\"392\">\n<p align=\"center\"><span lang=\"EN-US\">145 x 80 x 40 mm\/ 220 g (pil dahil)<\/span><\/p>\n<\/td>\n<\/tr>\n<\/tbody>\n<\/table>\n","protected":false},"featured_media":969,"comment_status":"open","ping_status":"closed","template":"","meta":{"neve_meta_sidebar":"","neve_meta_container":"","neve_meta_enable_content_width":"off","neve_meta_content_width":100,"neve_meta_title_alignment":"","neve_meta_author_avatar":"","neve_post_elements_order":"","neve_meta_disable_header":"","neve_meta_disable_footer":"","neve_meta_disable_title":"","_themeisle_gutenberg_block_has_review":false},"product_brand":[],"product_cat":[50],"product_tag":[],"class_list":{"0":"post-968","1":"product","2":"type-product","3":"status-publish","4":"has-post-thumbnail","6":"product_cat-ph-metre-iletkenlik-orp","8":"first","9":"instock","10":"sale","11":"taxable","12":"shipping-taxable","13":"purchasable","14":"product-type-simple"},"_links":{"self":[{"href":"https:\/\/hbbkimya.com\/index.php?rest_route=\/wp\/v2\/product\/968","targetHints":{"allow":["GET"]}}],"collection":[{"href":"https:\/\/hbbkimya.com\/index.php?rest_route=\/wp\/v2\/product"}],"about":[{"href":"https:\/\/hbbkimya.com\/index.php?rest_route=\/wp\/v2\/types\/product"}],"replies":[{"embeddable":true,"href":"https:\/\/hbbkimya.com\/index.php?rest_route=%2Fwp%2Fv2%2Fcomments&post=968"}],"wp:featuredmedia":[{"embeddable":true,"href":"https:\/\/hbbkimya.com\/index.php?rest_route=\/wp\/v2\/media\/969"}],"wp:attachment":[{"href":"https:\/\/hbbkimya.com\/index.php?rest_route=%2Fwp%2Fv2%2Fmedia&parent=968"}],"wp:term":[{"taxonomy":"product_brand","embeddable":true,"href":"https:\/\/hbbkimya.com\/index.php?rest_route=%2Fwp%2Fv2%2Fproduct_brand&post=968"},{"taxonomy":"product_cat","embeddable":true,"href":"https:\/\/hbbkimya.com\/index.php?rest_route=%2Fwp%2Fv2%2Fproduct_cat&post=968"},{"taxonomy":"product_tag","embeddable":true,"href":"https:\/\/hbbkimya.com\/index.php?rest_route=%2Fwp%2Fv2%2Fproduct_tag&post=968"}],"curies":[{"name":"wp","href":"https:\/\/api.w.org\/{rel}","templated":true}]}}