{"id":962,"date":"2025-01-06T23:42:45","date_gmt":"2025-01-06T20:42:45","guid":{"rendered":"https:\/\/hbbkimya.com\/?post_type=product&#038;p=962"},"modified":"2026-04-12T13:47:15","modified_gmt":"2026-04-12T10:47:15","slug":"hi98100-checker-ph-test-cihazi-0-01-ph-cozunurluklu","status":"publish","type":"product","link":"https:\/\/hbbkimya.com\/?product=hi98100-checker-ph-test-cihazi-0-01-ph-cozunurluklu","title":{"rendered":"Milwaukee PH55 De\u011fi\u015ftirilebilir Problu pH Metre"},"content":{"rendered":"<p><a href=\"https:\/\/hbbkimya.com\/wp-content\/uploads\/2025\/01\/ph-metre-olcum-olcer-olcum-cihazi-degistirilebilir-problu-elektrotlu-ph55-ph-kalem-tipi-portatif-phmetre.jpg\"><img loading=\"lazy\" decoding=\"async\" class=\"alignnone size-medium wp-image-2070\" src=\"https:\/\/hbbkimya.com\/wp-content\/uploads\/2025\/01\/ph-metre-olcum-olcer-olcum-cihazi-degistirilebilir-problu-elektrotlu-ph55-ph-kalem-tipi-portatif-phmetre-300x300.jpg\" alt=\"\" width=\"300\" height=\"300\" srcset=\"https:\/\/hbbkimya.com\/wp-content\/uploads\/2025\/01\/ph-metre-olcum-olcer-olcum-cihazi-degistirilebilir-problu-elektrotlu-ph55-ph-kalem-tipi-portatif-phmetre-300x300.jpg 300w, https:\/\/hbbkimya.com\/wp-content\/uploads\/2025\/01\/ph-metre-olcum-olcer-olcum-cihazi-degistirilebilir-problu-elektrotlu-ph55-ph-kalem-tipi-portatif-phmetre-150x150.jpg 150w, https:\/\/hbbkimya.com\/wp-content\/uploads\/2025\/01\/ph-metre-olcum-olcer-olcum-cihazi-degistirilebilir-problu-elektrotlu-ph55-ph-kalem-tipi-portatif-phmetre-600x600.jpg 600w, https:\/\/hbbkimya.com\/wp-content\/uploads\/2025\/01\/ph-metre-olcum-olcer-olcum-cihazi-degistirilebilir-problu-elektrotlu-ph55-ph-kalem-tipi-portatif-phmetre-100x100.jpg 100w, https:\/\/hbbkimya.com\/wp-content\/uploads\/2025\/01\/ph-metre-olcum-olcer-olcum-cihazi-degistirilebilir-problu-elektrotlu-ph55-ph-kalem-tipi-portatif-phmetre.jpg 647w\" sizes=\"auto, (max-width: 300px) 100vw, 300px\" \/><\/a><\/p>\n","protected":false},"excerpt":{"rendered":"<p>Paket \u0130\u00e7eri\u011fi:<\/p>\n<table border=\"1\" width=\"0\" cellspacing=\"0\" cellpadding=\"0\">\n<tbody>\n<tr>\n<td width=\"241\">\n<p align=\"center\">pH55<\/p>\n<\/td>\n<td width=\"392\">\n<p align=\"center\"><span lang=\"EN-US\">Cihaz\u0131n Kendisi<\/span><\/p>\n<\/td>\n<\/tr>\n<tr>\n<td width=\"241\">\n<p align=\"center\"><span lang=\"EN-US\">Mi56P<\/span><\/p>\n<\/td>\n<td width=\"392\">\n<p align=\"center\">pH elektrodu (cihaza tak\u0131l\u0131)<\/p>\n<\/td>\n<\/tr>\n<tr>\n<td width=\"241\">\n<p align=\"center\"><span lang=\"EN-US\">M10004\/M10007<\/span><\/p>\n<\/td>\n<td width=\"392\">\n<p align=\"center\">pH 4.01 ve 7.01 kalibrasyon \u00e7\u00f6zeltilerinin 20 mL\u2019lik po\u015fetleri<\/p>\n<\/td>\n<\/tr>\n<tr>\n<td width=\"241\">\n<p align=\"center\"><span lang=\"EN-US\">1er adet<\/span><\/p>\n<\/td>\n<td width=\"392\">\n<p align=\"center\"><span lang=\"EN-US\">Pil, kullan\u0131m k\u0131lavuzu, kalibrasyon sertifikas\u0131, garanti belgesi<\/span><\/p>\n<\/td>\n<\/tr>\n<\/tbody>\n<\/table>\n<p>&nbsp;<\/p>\n<p><strong>\u00d6zellikleri<\/strong><\/p>\n<p>-Milwaukee pH55 kullan\u0131m\u0131 kolay bir pH metre \u00e7e\u015fididir.<\/p>\n<p>&#8211; pH55, kolay ve do\u011fru kay\u0131t i\u00e7in ekran\u0131 donatan bir stabilite g\u00f6stergesi ve tutma fonksiyonuna sahiptir.<\/p>\n<p>&#8211; B\u00fcy\u00fck ekran ayr\u0131ca t\u00fcm i\u015flemler boyunca size yol g\u00f6sterecek grafik simgelere sahiptir.<\/p>\n<p>&#8211; Daha h\u0131zl\u0131 ve daha hassas s\u0131cakl\u0131k \u00f6l\u00e7\u00fcm\u00fc i\u00e7in bir s\u0131cakl\u0131k probu ile tamamlan\u0131r, s\u0131cakl\u0131k i\u00e7in otomatik olarak dengelenir.<\/p>\n<p>&#8211; Kalibrasyon, ezberlenmi\u015f standart ve NIST tampon setleriyle 1 veya 2 noktada otomatik olarak yap\u0131l\u0131r.<\/p>\n<p>&#8211; 2.0 &#8211; 16.00 pH aral\u0131\u011f\u0131nda su ge\u00e7irmez bir pH test cihaz\u0131d\u0131r.<\/p>\n<p>&#8211; Otomatik g\u00fc\u00e7 kapama, kullan\u0131lmad\u0131ktan sonra cihaz\u0131n\u0131z\u0131n pil tasarrufunu sa\u011flar.<\/p>\n<p>&#8211; \u00c7ift ba\u011flant\u0131 elektrodu \u00e7ok h\u0131zl\u0131 ve basit bir \u015fekilde de\u011fi\u015ftirilebilir!<\/p>\n<p>Teknik \u00d6zellikleri:<\/p>\n<p>Model : pH55<\/p>\n<p>pH Aral\u0131\u011f\u0131 : -2.00 &#8211; 16.00 pH<\/p>\n<p>S\u0131cakl\u0131k Aral\u0131\u011f\u0131 : -5.0 &#8211; 60.0\u00b0C \/ 23.0 &#8211; 140.0\u00b0F<\/p>\n<p>pH \u00c7\u00f6z\u00fcn\u00fcrl\u00fc\u011f\u00fc : 0.1 pH<\/p>\n<p>S\u0131cakl\u0131k \u00c7\u00f6z\u00fcn\u00fcrl\u00fc\u011f\u00fc : 0.1\u00b0C\/0.1\u00b0F<\/p>\n<p>pH Do\u011frulu\u011fu : \u00b10.1 pH<\/p>\n<p>S\u0131cakl\u0131k Do\u011frulu\u011fu : \u00b10.5\u00b0C \/ \u00b11\u00b0F<\/p>\n<p>pH Tipik EMC Sapmas\u0131 : \u00b10.1 pH<\/p>\n<p>S\u0131cakl\u0131k Tipik EMC Sapmas\u0131 : \u00b10.3\u00b0C \/ \u00b10.6\u00b0F<\/p>\n<p>pH kalibrasyonu : otomatik, 1 veya 2 noktadan 2 set haf\u0131zaya al\u0131nm\u0131\u015f tampon (pH 4.01, 7.01, 10.01veya4.01, 6.86, 9.18)<\/p>\n<p>S\u0131cakl\u0131k Dengeleme : otomatik, -5 &#8211; 60\u00b0C<\/p>\n<p>pH elektrodu : Mi56P (de\u011fi\u015ftirilebilir)<\/p>\n<p>\u00c7evre S\u0131cakl\u0131k\/nem : -5 &#8211; 50\u00b0C \/ 32 &#8211; 122\u00b0F;maks. RH 100%<\/p>\n<p>Pil : 4 x 1.5V; IEC LR44, A76 (pakete dahil)<\/p>\n<p>Pil \u00d6mr\u00fc : yak. 300 saat kullan\u0131m<\/p>\n<p>Otomatik Kapanma : Kullan\u0131lmad\u0131ktan 8dk sonra<\/p>\n<p>Cihaz boyut\/a\u011f\u0131rl\u0131k : 200 \u00d7\u00e7ap38 mm \/ 100 g<\/p>\n","protected":false},"featured_media":2070,"comment_status":"open","ping_status":"closed","template":"","meta":{"neve_meta_sidebar":"","neve_meta_container":"","neve_meta_enable_content_width":"off","neve_meta_content_width":100,"neve_meta_title_alignment":"","neve_meta_author_avatar":"","neve_post_elements_order":"","neve_meta_disable_header":"","neve_meta_disable_footer":"","neve_meta_disable_title":"","_themeisle_gutenberg_block_has_review":false},"product_brand":[],"product_cat":[50],"product_tag":[],"class_list":{"0":"post-962","1":"product","2":"type-product","3":"status-publish","4":"has-post-thumbnail","6":"product_cat-ph-metre-iletkenlik-orp","8":"first","9":"instock","10":"sale","11":"taxable","12":"shipping-taxable","13":"purchasable","14":"product-type-simple"},"_links":{"self":[{"href":"https:\/\/hbbkimya.com\/index.php?rest_route=\/wp\/v2\/product\/962","targetHints":{"allow":["GET"]}}],"collection":[{"href":"https:\/\/hbbkimya.com\/index.php?rest_route=\/wp\/v2\/product"}],"about":[{"href":"https:\/\/hbbkimya.com\/index.php?rest_route=\/wp\/v2\/types\/product"}],"replies":[{"embeddable":true,"href":"https:\/\/hbbkimya.com\/index.php?rest_route=%2Fwp%2Fv2%2Fcomments&post=962"}],"wp:featuredmedia":[{"embeddable":true,"href":"https:\/\/hbbkimya.com\/index.php?rest_route=\/wp\/v2\/media\/2070"}],"wp:attachment":[{"href":"https:\/\/hbbkimya.com\/index.php?rest_route=%2Fwp%2Fv2%2Fmedia&parent=962"}],"wp:term":[{"taxonomy":"product_brand","embeddable":true,"href":"https:\/\/hbbkimya.com\/index.php?rest_route=%2Fwp%2Fv2%2Fproduct_brand&post=962"},{"taxonomy":"product_cat","embeddable":true,"href":"https:\/\/hbbkimya.com\/index.php?rest_route=%2Fwp%2Fv2%2Fproduct_cat&post=962"},{"taxonomy":"product_tag","embeddable":true,"href":"https:\/\/hbbkimya.com\/index.php?rest_route=%2Fwp%2Fv2%2Fproduct_tag&post=962"}],"curies":[{"name":"wp","href":"https:\/\/api.w.org\/{rel}","templated":true}]}}