{"id":950,"date":"2025-01-06T21:35:51","date_gmt":"2025-01-06T18:35:51","guid":{"rendered":"https:\/\/hbbkimya.com\/?post_type=product&#038;p=950"},"modified":"2025-08-23T22:20:19","modified_gmt":"2025-08-23T19:20:19","slug":"metilen-mavisi-indikatoru-alkoldeki-doymus-cozeltisi-100-ml","status":"publish","type":"product","link":"https:\/\/hbbkimya.com\/?product=metilen-mavisi-indikatoru-alkoldeki-doymus-cozeltisi-100-ml","title":{"rendered":"Metilen Mavisi \u0130ndikat\u00f6r\u00fc Alkoldeki Doymu\u015f \u00c7\u00f6zeltisi 100 ml"},"content":{"rendered":"<p><a href=\"https:\/\/hbbkimya.com\/wp-content\/uploads\/2025\/01\/metilen-mavisi-scaled.jpeg\"><img loading=\"lazy\" decoding=\"async\" class=\"alignnone size-medium wp-image-945\" src=\"https:\/\/hbbkimya.com\/wp-content\/uploads\/2025\/01\/metilen-mavisi-225x300.jpeg\" alt=\"\" width=\"225\" height=\"300\" srcset=\"https:\/\/hbbkimya.com\/wp-content\/uploads\/2025\/01\/metilen-mavisi-225x300.jpeg 225w, https:\/\/hbbkimya.com\/wp-content\/uploads\/2025\/01\/metilen-mavisi-scaled-600x800.jpeg 600w, https:\/\/hbbkimya.com\/wp-content\/uploads\/2025\/01\/metilen-mavisi-768x1024.jpeg 768w, https:\/\/hbbkimya.com\/wp-content\/uploads\/2025\/01\/metilen-mavisi-1152x1536.jpeg 1152w, https:\/\/hbbkimya.com\/wp-content\/uploads\/2025\/01\/metilen-mavisi-1536x2048.jpeg 1536w, https:\/\/hbbkimya.com\/wp-content\/uploads\/2025\/01\/metilen-mavisi-scaled.jpeg 1920w\" sizes=\"auto, (max-width: 225px) 100vw, 225px\" \/><\/a><\/p>\n","protected":false},"excerpt":{"rendered":"<ul>\n<li>Genellikle pamuk, y\u00fcn ve ipek boyamak i\u00e7in kullan\u0131l\u0131r.<\/li>\n<li>Biyologlar \u00f6kary\u00f6tik h\u00fccrelerin doku \u00f6rneklerini boyamak ve n\u00fckleik asitleri saptamak i\u00e7in kullan\u0131rlar.<\/li>\n<li>Baz\u0131 durumlarda tan\u0131 amac\u0131yla kullan\u0131l\u0131r.<\/li>\n<li>Ayr\u0131ca methemoglobinemi ve siyan\u00fcr, amonyak, nitrit zehirlenmesinin tedavisinde panzehir olarak da kullan\u0131lmaktad\u0131r.<\/li>\n<li>Kloroform i\u00e7eren asitlendirilmi\u015f, sulu metilen mavisi \u00e7\u00f6zeltisindeki renk reaksiyonunda, anyonik y\u00fczey aktif maddeleri tespitinde kullan\u0131l\u0131r.<\/li>\n<li>Metilen mavisi alternatif bir elektron al\u0131c\u0131s\u0131 olarak g\u00f6rev yapar.<\/li>\n<li>Su \u00fcr\u00fcnleri yeti\u015ftiricili\u011finde, bal\u0131k yumurtalar\u0131na mantar veya bakterilerden korumak i\u00e7in kullan\u0131l\u0131r. Bu y\u00f6ntem bal\u0131k yumurtalar\u0131n\u0131 yapay olarak \u00e7\u0131karmak istedi\u011fimizde de kullan\u0131l\u0131r.<\/li>\n<\/ul>\n","protected":false},"featured_media":945,"comment_status":"open","ping_status":"closed","template":"","meta":{"neve_meta_sidebar":"","neve_meta_container":"","neve_meta_enable_content_width":"off","neve_meta_content_width":100,"neve_meta_title_alignment":"","neve_meta_author_avatar":"","neve_post_elements_order":"","neve_meta_disable_header":"","neve_meta_disable_footer":"","neve_meta_disable_title":"","_themeisle_gutenberg_block_has_review":false},"product_brand":[65],"product_cat":[47],"product_tag":[],"class_list":{"0":"post-950","1":"product","2":"type-product","3":"status-publish","4":"has-post-thumbnail","6":"product_brand-hbbchem","7":"product_cat-indikatorler","9":"first","10":"instock","11":"taxable","12":"shipping-taxable","13":"purchasable","14":"product-type-simple"},"_links":{"self":[{"href":"https:\/\/hbbkimya.com\/index.php?rest_route=\/wp\/v2\/product\/950","targetHints":{"allow":["GET"]}}],"collection":[{"href":"https:\/\/hbbkimya.com\/index.php?rest_route=\/wp\/v2\/product"}],"about":[{"href":"https:\/\/hbbkimya.com\/index.php?rest_route=\/wp\/v2\/types\/product"}],"replies":[{"embeddable":true,"href":"https:\/\/hbbkimya.com\/index.php?rest_route=%2Fwp%2Fv2%2Fcomments&post=950"}],"wp:featuredmedia":[{"embeddable":true,"href":"https:\/\/hbbkimya.com\/index.php?rest_route=\/wp\/v2\/media\/945"}],"wp:attachment":[{"href":"https:\/\/hbbkimya.com\/index.php?rest_route=%2Fwp%2Fv2%2Fmedia&parent=950"}],"wp:term":[{"taxonomy":"product_brand","embeddable":true,"href":"https:\/\/hbbkimya.com\/index.php?rest_route=%2Fwp%2Fv2%2Fproduct_brand&post=950"},{"taxonomy":"product_cat","embeddable":true,"href":"https:\/\/hbbkimya.com\/index.php?rest_route=%2Fwp%2Fv2%2Fproduct_cat&post=950"},{"taxonomy":"product_tag","embeddable":true,"href":"https:\/\/hbbkimya.com\/index.php?rest_route=%2Fwp%2Fv2%2Fproduct_tag&post=950"}],"curies":[{"name":"wp","href":"https:\/\/api.w.org\/{rel}","templated":true}]}}