{"id":939,"date":"2025-01-05T22:03:54","date_gmt":"2025-01-05T19:03:54","guid":{"rendered":"https:\/\/hbbkimya.com\/?post_type=product&#038;p=939"},"modified":"2025-08-23T22:27:55","modified_gmt":"2025-08-23T19:27:55","slug":"sodyum-poliakrilat-hidrojel-1-kg","status":"publish","type":"product","link":"https:\/\/hbbkimya.com\/?product=sodyum-poliakrilat-hidrojel-1-kg","title":{"rendered":"Sodyum Poliakrilat (Hidrojel) 1 Kg"},"content":{"rendered":"<p><a href=\"https:\/\/hbbkimya.com\/wp-content\/uploads\/2025\/01\/SODYUM-POLIAKRILAT-TOPLU-scaled.jpeg\"><img loading=\"lazy\" decoding=\"async\" class=\"alignnone size-medium wp-image-940\" src=\"https:\/\/hbbkimya.com\/wp-content\/uploads\/2025\/01\/SODYUM-POLIAKRILAT-TOPLU-225x300.jpeg\" alt=\"\" width=\"225\" height=\"300\" srcset=\"https:\/\/hbbkimya.com\/wp-content\/uploads\/2025\/01\/SODYUM-POLIAKRILAT-TOPLU-225x300.jpeg 225w, https:\/\/hbbkimya.com\/wp-content\/uploads\/2025\/01\/SODYUM-POLIAKRILAT-TOPLU-scaled-600x800.jpeg 600w, https:\/\/hbbkimya.com\/wp-content\/uploads\/2025\/01\/SODYUM-POLIAKRILAT-TOPLU-768x1024.jpeg 768w, https:\/\/hbbkimya.com\/wp-content\/uploads\/2025\/01\/SODYUM-POLIAKRILAT-TOPLU-1152x1536.jpeg 1152w, https:\/\/hbbkimya.com\/wp-content\/uploads\/2025\/01\/SODYUM-POLIAKRILAT-TOPLU-1536x2048.jpeg 1536w, https:\/\/hbbkimya.com\/wp-content\/uploads\/2025\/01\/SODYUM-POLIAKRILAT-TOPLU-scaled.jpeg 1920w\" sizes=\"auto, (max-width: 225px) 100vw, 225px\" \/><\/a><\/p>\n","protected":false},"excerpt":{"rendered":"<ul>\n<li>Tek kullan\u0131ml\u0131k \u00e7ocuk bezleri, kad\u0131n hijyen \u00fcr\u00fcnleri ve emici t\u0131bbi sarg\u0131 bezleri\u00a0gibi \u00e7e\u015fitli \u00fcr\u00fcnlerde yayg\u0131n olarak kullan\u0131lmaktad\u0131r.<\/li>\n<li>Ayr\u0131ca tar\u0131mda toprak kalitesini ve su tutmay\u0131 iyile\u015ftirmek i\u00e7in ve su ar\u0131t\u0131m\u0131nda p\u0131ht\u0131la\u015ft\u0131r\u0131c\u0131 olarak safs\u0131zl\u0131klar\u0131 gidermek i\u00e7in kullan\u0131l\u0131r.<\/li>\n<\/ul>\n","protected":false},"featured_media":940,"comment_status":"open","ping_status":"closed","template":"","meta":{"neve_meta_sidebar":"","neve_meta_container":"","neve_meta_enable_content_width":"off","neve_meta_content_width":100,"neve_meta_title_alignment":"","neve_meta_author_avatar":"","neve_post_elements_order":"","neve_meta_disable_header":"","neve_meta_disable_footer":"","neve_meta_disable_title":"","_themeisle_gutenberg_block_has_review":false},"product_brand":[65],"product_cat":[44],"product_tag":[],"class_list":{"0":"post-939","1":"product","2":"type-product","3":"status-publish","4":"has-post-thumbnail","6":"product_brand-hbbchem","7":"product_cat-toz-kati","9":"first","10":"instock","11":"taxable","12":"shipping-taxable","13":"purchasable","14":"product-type-simple"},"_links":{"self":[{"href":"https:\/\/hbbkimya.com\/index.php?rest_route=\/wp\/v2\/product\/939","targetHints":{"allow":["GET"]}}],"collection":[{"href":"https:\/\/hbbkimya.com\/index.php?rest_route=\/wp\/v2\/product"}],"about":[{"href":"https:\/\/hbbkimya.com\/index.php?rest_route=\/wp\/v2\/types\/product"}],"replies":[{"embeddable":true,"href":"https:\/\/hbbkimya.com\/index.php?rest_route=%2Fwp%2Fv2%2Fcomments&post=939"}],"wp:featuredmedia":[{"embeddable":true,"href":"https:\/\/hbbkimya.com\/index.php?rest_route=\/wp\/v2\/media\/940"}],"wp:attachment":[{"href":"https:\/\/hbbkimya.com\/index.php?rest_route=%2Fwp%2Fv2%2Fmedia&parent=939"}],"wp:term":[{"taxonomy":"product_brand","embeddable":true,"href":"https:\/\/hbbkimya.com\/index.php?rest_route=%2Fwp%2Fv2%2Fproduct_brand&post=939"},{"taxonomy":"product_cat","embeddable":true,"href":"https:\/\/hbbkimya.com\/index.php?rest_route=%2Fwp%2Fv2%2Fproduct_cat&post=939"},{"taxonomy":"product_tag","embeddable":true,"href":"https:\/\/hbbkimya.com\/index.php?rest_route=%2Fwp%2Fv2%2Fproduct_tag&post=939"}],"curies":[{"name":"wp","href":"https:\/\/api.w.org\/{rel}","templated":true}]}}