{"id":922,"date":"2025-01-05T17:14:30","date_gmt":"2025-01-05T14:14:30","guid":{"rendered":"https:\/\/hbbkimya.com\/?post_type=product&#038;p=922"},"modified":"2026-04-12T21:59:01","modified_gmt":"2026-04-12T18:59:01","slug":"metil-kirmizisi-indikatoru-metil-red-250-ml","status":"publish","type":"product","link":"https:\/\/hbbkimya.com\/?product=metil-kirmizisi-indikatoru-metil-red-250-ml","title":{"rendered":"Metil K\u0131rm\u0131z\u0131s\u0131 \u0130ndikat\u00f6r\u00fc (Metil Red) 250 ml"},"content":{"rendered":"<p><a href=\"https:\/\/hbbkimya.com\/wp-content\/uploads\/2024\/12\/kimyasallartoplu-3-scaled.jpeg\"><img loading=\"lazy\" decoding=\"async\" class=\"alignnone size-medium wp-image-868\" src=\"https:\/\/hbbkimya.com\/wp-content\/uploads\/2024\/12\/kimyasallartoplu-3-223x300.jpeg\" alt=\"\" width=\"223\" height=\"300\" srcset=\"https:\/\/hbbkimya.com\/wp-content\/uploads\/2024\/12\/kimyasallartoplu-3-223x300.jpeg 223w, https:\/\/hbbkimya.com\/wp-content\/uploads\/2024\/12\/kimyasallartoplu-3-scaled-600x808.jpeg 600w, https:\/\/hbbkimya.com\/wp-content\/uploads\/2024\/12\/kimyasallartoplu-3-761x1024.jpeg 761w, https:\/\/hbbkimya.com\/wp-content\/uploads\/2024\/12\/kimyasallartoplu-3-768x1034.jpeg 768w, https:\/\/hbbkimya.com\/wp-content\/uploads\/2024\/12\/kimyasallartoplu-3-1141x1536.jpeg 1141w, https:\/\/hbbkimya.com\/wp-content\/uploads\/2024\/12\/kimyasallartoplu-3-1522x2048.jpeg 1522w, https:\/\/hbbkimya.com\/wp-content\/uploads\/2024\/12\/kimyasallartoplu-3-scaled.jpeg 1902w\" sizes=\"auto, (max-width: 223px) 100vw, 223px\" \/><\/a><\/p>\n","protected":false},"excerpt":{"rendered":"<p>Metil k\u0131rm\u0131z\u0131s\u0131 4,4 pH&#8217;\u0131n alt\u0131nda k\u0131rm\u0131z\u0131, 6,2&#8217;nin \u00fcst\u00fcnde ise sar\u0131 renk al\u0131r..<\/p>\n<p>250 ml lik ambalajdad\u0131r.<\/p>\n<p>Laboratuvarda analiz ve test ama\u00e7l\u0131 kullan\u0131lmaktad\u0131r.<\/p>\n<p>&nbsp;<\/p>\n","protected":false},"featured_media":868,"comment_status":"open","ping_status":"closed","template":"","meta":{"neve_meta_sidebar":"","neve_meta_container":"","neve_meta_enable_content_width":"off","neve_meta_content_width":100,"neve_meta_title_alignment":"","neve_meta_author_avatar":"","neve_post_elements_order":"","neve_meta_disable_header":"","neve_meta_disable_footer":"","neve_meta_disable_title":"","_themeisle_gutenberg_block_has_review":false},"product_brand":[65],"product_cat":[47],"product_tag":[],"class_list":{"0":"post-922","1":"product","2":"type-product","3":"status-publish","4":"has-post-thumbnail","6":"product_brand-hbbchem","7":"product_cat-indikatorler","9":"first","10":"instock","11":"taxable","12":"shipping-taxable","13":"purchasable","14":"product-type-simple"},"_links":{"self":[{"href":"https:\/\/hbbkimya.com\/index.php?rest_route=\/wp\/v2\/product\/922","targetHints":{"allow":["GET"]}}],"collection":[{"href":"https:\/\/hbbkimya.com\/index.php?rest_route=\/wp\/v2\/product"}],"about":[{"href":"https:\/\/hbbkimya.com\/index.php?rest_route=\/wp\/v2\/types\/product"}],"replies":[{"embeddable":true,"href":"https:\/\/hbbkimya.com\/index.php?rest_route=%2Fwp%2Fv2%2Fcomments&post=922"}],"wp:featuredmedia":[{"embeddable":true,"href":"https:\/\/hbbkimya.com\/index.php?rest_route=\/wp\/v2\/media\/868"}],"wp:attachment":[{"href":"https:\/\/hbbkimya.com\/index.php?rest_route=%2Fwp%2Fv2%2Fmedia&parent=922"}],"wp:term":[{"taxonomy":"product_brand","embeddable":true,"href":"https:\/\/hbbkimya.com\/index.php?rest_route=%2Fwp%2Fv2%2Fproduct_brand&post=922"},{"taxonomy":"product_cat","embeddable":true,"href":"https:\/\/hbbkimya.com\/index.php?rest_route=%2Fwp%2Fv2%2Fproduct_cat&post=922"},{"taxonomy":"product_tag","embeddable":true,"href":"https:\/\/hbbkimya.com\/index.php?rest_route=%2Fwp%2Fv2%2Fproduct_tag&post=922"}],"curies":[{"name":"wp","href":"https:\/\/api.w.org\/{rel}","templated":true}]}}