{"id":913,"date":"2025-01-03T21:34:41","date_gmt":"2025-01-03T18:34:41","guid":{"rendered":"https:\/\/hbbkimya.com\/?post_type=product&#038;p=913"},"modified":"2026-04-12T19:02:22","modified_gmt":"2026-04-12T16:02:22","slug":"refraktometre-antifriz-cam-suyu-ve-aku-sivisi","status":"publish","type":"product","link":"https:\/\/hbbkimya.com\/?product=refraktometre-antifriz-cam-suyu-ve-aku-sivisi","title":{"rendered":"Refraktometre Antifriz &#8211; Ak\u00fc Etilen Glikol Cam Suyu"},"content":{"rendered":"<p><a href=\"https:\/\/hbbkimya.com\/wp-content\/uploads\/2025\/01\/antirfiriz-rekraktometresi-camsuyu-olcer.webp\"><img loading=\"lazy\" decoding=\"async\" class=\"alignnone size-medium wp-image-914\" src=\"https:\/\/hbbkimya.com\/wp-content\/uploads\/2025\/01\/antirfiriz-rekraktometresi-camsuyu-olcer-300x300.webp\" alt=\"\" width=\"300\" height=\"300\" srcset=\"https:\/\/hbbkimya.com\/wp-content\/uploads\/2025\/01\/antirfiriz-rekraktometresi-camsuyu-olcer-300x300.webp 300w, https:\/\/hbbkimya.com\/wp-content\/uploads\/2025\/01\/antirfiriz-rekraktometresi-camsuyu-olcer-100x100.webp 100w, https:\/\/hbbkimya.com\/wp-content\/uploads\/2025\/01\/antirfiriz-rekraktometresi-camsuyu-olcer-600x600.webp 600w, https:\/\/hbbkimya.com\/wp-content\/uploads\/2025\/01\/antirfiriz-rekraktometresi-camsuyu-olcer-1024x1024.webp 1024w, https:\/\/hbbkimya.com\/wp-content\/uploads\/2025\/01\/antirfiriz-rekraktometresi-camsuyu-olcer-150x150.webp 150w, https:\/\/hbbkimya.com\/wp-content\/uploads\/2025\/01\/antirfiriz-rekraktometresi-camsuyu-olcer-768x768.webp 768w, https:\/\/hbbkimya.com\/wp-content\/uploads\/2025\/01\/antirfiriz-rekraktometresi-camsuyu-olcer.webp 1280w\" sizes=\"auto, (max-width: 300px) 100vw, 300px\" \/><\/a><\/p>\n","protected":false},"excerpt":{"rendered":"<p style=\"font-weight: 400;\"><b>\u00d6zellikleri<\/b><\/p>\n<p style=\"font-weight: 400;\">\u00a0&#8211; Cihaz; k\u00fc\u00e7\u00fck hacimli, hafif ve kolay kullan\u0131m\u0131 ile dikkat \u00e7eker.<\/p>\n<p style=\"font-weight: 400;\">&#8211; Kalibrasyon ayar\u0131 ve netlik ayar\u0131 yap\u0131labilmektedir.<\/p>\n<p style=\"font-weight: 400;\">&#8211; Refraktometrenin prizmas\u0131 darbelerden, \u00e7iziklerden korunmal\u0131d\u0131r.<\/p>\n<p style=\"font-weight: 400;\">&#8211; Etilen glikol, propilen glikol, ak\u00fc s\u0131v\u0131s\u0131 ve cam y\u0131kama suyu antifrizi de\u011ferlerinin \u00f6l\u00e7\u00fcm\u00fcn\u00fc yapabilirsiniz<\/p>\n<p style=\"font-weight: 400;\"><b>Teknik \u00d6zellikleri<\/b><\/p>\n<table style=\"font-weight: 400;\" width=\"0\">\n<tbody>\n<tr>\n<td width=\"50%\">\u00d6l\u00e7\u00fcm aral\u0131\u011f\u0131 (Etilen glikol)<\/td>\n<td width=\"50%\">-50\u00b0C . . . 0\u00b0C<\/td>\n<\/tr>\n<tr>\n<td width=\"50%\">\u00d6l\u00e7\u00fcm aral\u0131\u011f\u0131 (Propilen glikol)<\/td>\n<td width=\"50%\">-50\u00b0C . . . 0\u00b0C<\/td>\n<\/tr>\n<tr>\n<td width=\"50%\">\u00d6l\u00e7\u00fcm aral\u0131\u011f\u0131 (Ak\u00fc s\u0131v\u0131s\u0131)<\/td>\n<td width=\"50%\">1.15 KG\/L . . . 1.40 KG\/L<\/td>\n<\/tr>\n<tr>\n<td width=\"50%\">\u00d6l\u00e7\u00fcm aral\u0131\u011f\u0131 (Cam y\u0131kama suyu)<\/td>\n<td width=\"50%\">-40\u00b0C . . . 0\u00b0C<\/td>\n<\/tr>\n<tr>\n<td width=\"50%\">\u00c7\u00f6z\u00fcn\u00fcrl\u00fck (Etilen glikol)<\/td>\n<td width=\"50%\">10\u00b0C<\/td>\n<\/tr>\n<tr>\n<td width=\"50%\">\u00c7\u00f6z\u00fcn\u00fcrl\u00fck (Propilen glikol)<\/td>\n<td width=\"50%\">5\u00b0C<\/td>\n<\/tr>\n<tr>\n<td width=\"50%\">\u00d6l\u00e7\u00fcm Aral\u0131\u011f\u0131<\/td>\n<td width=\"50%\">-50&#8230;0<\/td>\n<\/tr>\n<tr>\n<td width=\"50%\">\u00c7\u00f6z\u00fcn\u00fcrl\u00fc\u011f\u00fc<\/td>\n<td width=\"50%\">0.1<\/td>\n<\/tr>\n<tr>\n<td width=\"50%\">Ebat<\/td>\n<td width=\"50%\">24.5mmX205m<\/td>\n<\/tr>\n<tr>\n<td width=\"50%\">\u00c7\u00f6z\u00fcn\u00fcrl\u00fck (Ak\u00fc s\u0131v\u0131s\u0131)<\/td>\n<td width=\"50%\">0.01 KG\/L<\/td>\n<\/tr>\n<tr>\n<td width=\"50%\">Boyut<\/td>\n<td width=\"50%\">27 x 40 x 160 mm<\/td>\n<\/tr>\n<\/tbody>\n<\/table>\n","protected":false},"featured_media":916,"comment_status":"open","ping_status":"closed","template":"","meta":{"neve_meta_sidebar":"","neve_meta_container":"","neve_meta_enable_content_width":"off","neve_meta_content_width":100,"neve_meta_title_alignment":"","neve_meta_author_avatar":"","neve_post_elements_order":"","neve_meta_disable_header":"","neve_meta_disable_footer":"","neve_meta_disable_title":"","_themeisle_gutenberg_block_has_review":false},"product_brand":[],"product_cat":[54],"product_tag":[],"class_list":{"0":"post-913","1":"product","2":"type-product","3":"status-publish","4":"has-post-thumbnail","6":"product_cat-refraktometreler","8":"first","9":"instock","10":"taxable","11":"shipping-taxable","12":"purchasable","13":"product-type-simple"},"_links":{"self":[{"href":"https:\/\/hbbkimya.com\/index.php?rest_route=\/wp\/v2\/product\/913","targetHints":{"allow":["GET"]}}],"collection":[{"href":"https:\/\/hbbkimya.com\/index.php?rest_route=\/wp\/v2\/product"}],"about":[{"href":"https:\/\/hbbkimya.com\/index.php?rest_route=\/wp\/v2\/types\/product"}],"replies":[{"embeddable":true,"href":"https:\/\/hbbkimya.com\/index.php?rest_route=%2Fwp%2Fv2%2Fcomments&post=913"}],"wp:featuredmedia":[{"embeddable":true,"href":"https:\/\/hbbkimya.com\/index.php?rest_route=\/wp\/v2\/media\/916"}],"wp:attachment":[{"href":"https:\/\/hbbkimya.com\/index.php?rest_route=%2Fwp%2Fv2%2Fmedia&parent=913"}],"wp:term":[{"taxonomy":"product_brand","embeddable":true,"href":"https:\/\/hbbkimya.com\/index.php?rest_route=%2Fwp%2Fv2%2Fproduct_brand&post=913"},{"taxonomy":"product_cat","embeddable":true,"href":"https:\/\/hbbkimya.com\/index.php?rest_route=%2Fwp%2Fv2%2Fproduct_cat&post=913"},{"taxonomy":"product_tag","embeddable":true,"href":"https:\/\/hbbkimya.com\/index.php?rest_route=%2Fwp%2Fv2%2Fproduct_tag&post=913"}],"curies":[{"name":"wp","href":"https:\/\/api.w.org\/{rel}","templated":true}]}}