{"id":905,"date":"2025-01-03T20:57:06","date_gmt":"2025-01-03T17:57:06","guid":{"rendered":"https:\/\/hbbkimya.com\/?post_type=product&#038;p=905"},"modified":"2026-02-09T16:48:22","modified_gmt":"2026-02-09T13:48:22","slug":"refraktometre-0-32-brix-genel-meyve-ve-bor-yagi-olcer","status":"publish","type":"product","link":"https:\/\/hbbkimya.com\/?product=refraktometre-0-32-brix-genel-meyve-ve-bor-yagi-olcer","title":{"rendered":"Refraktometre 0-32 Brix (Genel uygulamalar, Meyve ve Bor Ya\u011f\u0131 \u00d6l\u00e7er)"},"content":{"rendered":"<p><a href=\"https:\/\/hbbkimya.com\/wp-content\/uploads\/2025\/01\/refraktometre-brix.webp\"><img loading=\"lazy\" decoding=\"async\" class=\"alignnone size-medium wp-image-906\" src=\"https:\/\/hbbkimya.com\/wp-content\/uploads\/2025\/01\/refraktometre-brix-300x300.webp\" alt=\"\" width=\"300\" height=\"300\" srcset=\"https:\/\/hbbkimya.com\/wp-content\/uploads\/2025\/01\/refraktometre-brix-300x300.webp 300w, https:\/\/hbbkimya.com\/wp-content\/uploads\/2025\/01\/refraktometre-brix-100x100.webp 100w, https:\/\/hbbkimya.com\/wp-content\/uploads\/2025\/01\/refraktometre-brix-600x600.webp 600w, https:\/\/hbbkimya.com\/wp-content\/uploads\/2025\/01\/refraktometre-brix-1024x1024.webp 1024w, https:\/\/hbbkimya.com\/wp-content\/uploads\/2025\/01\/refraktometre-brix-150x150.webp 150w, https:\/\/hbbkimya.com\/wp-content\/uploads\/2025\/01\/refraktometre-brix-768x768.webp 768w, https:\/\/hbbkimya.com\/wp-content\/uploads\/2025\/01\/refraktometre-brix.webp 1280w\" sizes=\"auto, (max-width: 300px) 100vw, 300px\" \/><\/a><\/p>\n","protected":false},"excerpt":{"rendered":"<p>\u015eekerin genel \u00f6l\u00e7\u00fcm\u00fcnde kullan\u0131lmak i\u00e7in \u00fcretilmi\u015flerdir. Genel uygulamalar, s\u00fct, ya\u011f, CNC ya\u011flar\u0131<\/p>\n<p><strong>\u00d6L\u00c7\u00dcM\u00a0METODU:<\/strong><\/p>\n<p>1.\u00a0\u00a0\u00a0\u00a0\u00a0Refraktometreyi; e\u011fik prizman\u0131n bulundu\u011fu taraf \u0131\u015f\u0131\u011fa bakacak \u015fekilde g\u00f6vde den tutarak elinize al\u0131n\u0131z ve kapak kapal\u0131 konumda iken cihaz ok\u00fclerini g\u00f6z\u00fcn\u00fcze konumland\u0131r\u0131p ok\u00fcler \u00fczerindeki diyoptri ayar halkas\u0131n\u0131 \u00e7evirerek refraktometre i\u00e7indeki \u00f6l\u00e7\u00fc tablosunu net g\u00f6rene kadar sa\u011fa \/ sola \u00e7eviriniz.<\/p>\n<p>2.\u00a0\u00a0\u00a0\u00a0\u00a0<strong>S\u0131f\u0131r Ayar\u0131n\u0131n yap\u0131lmas\u0131:<\/strong>\u00a0\u00d6nce Prizma kapa\u011f\u0131n\u0131 a\u00e7arak e\u011fik prizma y\u00fczeyine 1- 2 damla\u00a0distile su damlat\u0131p kapa\u011f\u0131 yava\u015f\u00e7a kapat\u0131n\u0131z. B\u00f6ylece; prizma y\u00fczeyi ile kapak aras\u0131nda ince bir su tabakas\u0131 kalacakt\u0131r. \u00d6l\u00e7\u00fc Tablosu \u2018nun\u00a00 (S\u0131f\u0131r) \u00e7izgisi civar\u0131nda g\u00f6r\u00fclen Koyu-A\u00e7\u0131k renkli ay\u0131r\u0131m g\u00f6r\u00fcnt\u00fcs\u00fcn\u00fc; e\u011fer de\u011filse;\u00a0\u00f6l\u00e7\u00fc tablosu\u00a0s\u0131f\u0131r \u00e7izgisi ile tam \u00e7ak\u0131\u015ft\u0131rmak \u00fczere,\u00a0Kalibrasyon D\u00fc\u011fmesini \u00e7evirerek\u00a0Koyu-A\u00e7\u0131k ay\u0131r\u0131m\u0131n \u00f6l\u00e7\u00fc tablosu s\u0131f\u0131r \u00e7izgisi ile tam \u00a0\u00e7ak\u0131\u015fmas\u0131n\u0131 sa\u011flay\u0131n\u0131z.<\/p>\n<p><strong>AKSESUARLARI: <\/strong><strong>1.<\/strong>\u00a0G\u00f6z siperli\u011fi,\u00a0\u00a0\u00a0<strong>2.<\/strong>Anahtar,\u00a0<strong>3.<\/strong>\u00a0Temizlik bezi.<\/p>\n","protected":false},"featured_media":906,"comment_status":"open","ping_status":"closed","template":"","meta":{"neve_meta_sidebar":"","neve_meta_container":"","neve_meta_enable_content_width":"off","neve_meta_content_width":100,"neve_meta_title_alignment":"","neve_meta_author_avatar":"","neve_post_elements_order":"","neve_meta_disable_header":"","neve_meta_disable_footer":"","neve_meta_disable_title":"","_themeisle_gutenberg_block_has_review":false},"product_brand":[],"product_cat":[54],"product_tag":[],"class_list":{"0":"post-905","1":"product","2":"type-product","3":"status-publish","4":"has-post-thumbnail","6":"product_cat-refraktometreler","8":"first","9":"instock","10":"sale","11":"taxable","12":"shipping-taxable","13":"purchasable","14":"product-type-simple"},"_links":{"self":[{"href":"https:\/\/hbbkimya.com\/index.php?rest_route=\/wp\/v2\/product\/905","targetHints":{"allow":["GET"]}}],"collection":[{"href":"https:\/\/hbbkimya.com\/index.php?rest_route=\/wp\/v2\/product"}],"about":[{"href":"https:\/\/hbbkimya.com\/index.php?rest_route=\/wp\/v2\/types\/product"}],"replies":[{"embeddable":true,"href":"https:\/\/hbbkimya.com\/index.php?rest_route=%2Fwp%2Fv2%2Fcomments&post=905"}],"wp:featuredmedia":[{"embeddable":true,"href":"https:\/\/hbbkimya.com\/index.php?rest_route=\/wp\/v2\/media\/906"}],"wp:attachment":[{"href":"https:\/\/hbbkimya.com\/index.php?rest_route=%2Fwp%2Fv2%2Fmedia&parent=905"}],"wp:term":[{"taxonomy":"product_brand","embeddable":true,"href":"https:\/\/hbbkimya.com\/index.php?rest_route=%2Fwp%2Fv2%2Fproduct_brand&post=905"},{"taxonomy":"product_cat","embeddable":true,"href":"https:\/\/hbbkimya.com\/index.php?rest_route=%2Fwp%2Fv2%2Fproduct_cat&post=905"},{"taxonomy":"product_tag","embeddable":true,"href":"https:\/\/hbbkimya.com\/index.php?rest_route=%2Fwp%2Fv2%2Fproduct_tag&post=905"}],"curies":[{"name":"wp","href":"https:\/\/api.w.org\/{rel}","templated":true}]}}