{"id":887,"date":"2024-12-29T23:31:15","date_gmt":"2024-12-29T20:31:15","guid":{"rendered":"https:\/\/hbbkimya.com\/?post_type=product&#038;p=887"},"modified":"2026-02-16T18:54:34","modified_gmt":"2026-02-16T15:54:34","slug":"izopropil-alkol-70-ipa-500-ml","status":"publish","type":"product","link":"https:\/\/hbbkimya.com\/?product=izopropil-alkol-70-ipa-500-ml","title":{"rendered":"\u0130zopropil Alkol ( 2-Propanol ) %70 \u0130pa 500 ml"},"content":{"rendered":"<p><a href=\"https:\/\/hbbkimya.com\/wp-content\/uploads\/2024\/12\/ipa-izopropil-alkol-2-propanol-scaled.jpeg\"><img loading=\"lazy\" decoding=\"async\" class=\"alignnone size-medium wp-image-1343\" src=\"https:\/\/hbbkimya.com\/wp-content\/uploads\/2024\/12\/ipa-izopropil-alkol-2-propanol-225x300.jpeg\" alt=\"\" width=\"225\" height=\"300\" srcset=\"https:\/\/hbbkimya.com\/wp-content\/uploads\/2024\/12\/ipa-izopropil-alkol-2-propanol-225x300.jpeg 225w, https:\/\/hbbkimya.com\/wp-content\/uploads\/2024\/12\/ipa-izopropil-alkol-2-propanol-scaled-600x800.jpeg 600w, https:\/\/hbbkimya.com\/wp-content\/uploads\/2024\/12\/ipa-izopropil-alkol-2-propanol-768x1024.jpeg 768w, https:\/\/hbbkimya.com\/wp-content\/uploads\/2024\/12\/ipa-izopropil-alkol-2-propanol-1152x1536.jpeg 1152w, https:\/\/hbbkimya.com\/wp-content\/uploads\/2024\/12\/ipa-izopropil-alkol-2-propanol-1536x2048.jpeg 1536w, https:\/\/hbbkimya.com\/wp-content\/uploads\/2024\/12\/ipa-izopropil-alkol-2-propanol-scaled.jpeg 1920w\" sizes=\"auto, (max-width: 225px) 100vw, 225px\" \/><\/a><\/p>\n","protected":false},"excerpt":{"rendered":"<ul>\n<li>CAS numaras\u0131\u00a0:\u00a0\u00a067-63-0<\/li>\n<li>\u0131zoprop\u0131l alkol okside edici ajan ve etkilerle g\u00fc\u00e7l\u00fc olarak reaksiyona girerek yok edilmelerini sa\u011flar. Antipas \u00f6zelliklerinden dolay\u0131 makine \u00fcretim teknolojilerinde tercih edilir. \u00c7\u00f6z\u00fcc\u00fc ve u\u00e7ucu madde \u00f6zellikleri en \u00e7ok tercih edilen dezenfektanlar aras\u0131nda yer almas\u0131n\u0131 sa\u011flar. Bitkisel ve hayvansal ya\u011flarda solvent olarak kullan\u0131l\u0131r. Renklendirme maddelerinde, aroma ve tat verici takviye \u00fcr\u00fcnlerde, vitaminlerde kullan\u0131lmaktad\u0131r. Kozmetik \u00fcr\u00fcnlerinde, \u00f6zellikle sa\u00e7 spreyi, oje, \u015fampuan, sabun, deterjan, oda spreyi ve cilt losyonlar\u0131nda antiseptik dezenfektan olarak kullan\u0131l\u0131r.<\/li>\n<li>Laboratuvarda analiz ve te\u015fhis maksatl\u0131 kullan\u0131lmaktad\u0131r.<\/li>\n<\/ul>\n","protected":false},"featured_media":1343,"comment_status":"open","ping_status":"closed","template":"","meta":{"neve_meta_sidebar":"","neve_meta_container":"","neve_meta_enable_content_width":"off","neve_meta_content_width":100,"neve_meta_title_alignment":"","neve_meta_author_avatar":"","neve_post_elements_order":"","neve_meta_disable_header":"","neve_meta_disable_footer":"","neve_meta_disable_title":"","_themeisle_gutenberg_block_has_review":false},"product_brand":[65],"product_cat":[45],"product_tag":[],"class_list":{"0":"post-887","1":"product","2":"type-product","3":"status-publish","4":"has-post-thumbnail","6":"product_brand-hbbchem","7":"product_cat-sivi-kimyasallar","9":"first","10":"instock","11":"taxable","12":"shipping-taxable","13":"purchasable","14":"product-type-simple"},"_links":{"self":[{"href":"https:\/\/hbbkimya.com\/index.php?rest_route=\/wp\/v2\/product\/887","targetHints":{"allow":["GET"]}}],"collection":[{"href":"https:\/\/hbbkimya.com\/index.php?rest_route=\/wp\/v2\/product"}],"about":[{"href":"https:\/\/hbbkimya.com\/index.php?rest_route=\/wp\/v2\/types\/product"}],"replies":[{"embeddable":true,"href":"https:\/\/hbbkimya.com\/index.php?rest_route=%2Fwp%2Fv2%2Fcomments&post=887"}],"wp:featuredmedia":[{"embeddable":true,"href":"https:\/\/hbbkimya.com\/index.php?rest_route=\/wp\/v2\/media\/1343"}],"wp:attachment":[{"href":"https:\/\/hbbkimya.com\/index.php?rest_route=%2Fwp%2Fv2%2Fmedia&parent=887"}],"wp:term":[{"taxonomy":"product_brand","embeddable":true,"href":"https:\/\/hbbkimya.com\/index.php?rest_route=%2Fwp%2Fv2%2Fproduct_brand&post=887"},{"taxonomy":"product_cat","embeddable":true,"href":"https:\/\/hbbkimya.com\/index.php?rest_route=%2Fwp%2Fv2%2Fproduct_cat&post=887"},{"taxonomy":"product_tag","embeddable":true,"href":"https:\/\/hbbkimya.com\/index.php?rest_route=%2Fwp%2Fv2%2Fproduct_tag&post=887"}],"curies":[{"name":"wp","href":"https:\/\/api.w.org\/{rel}","templated":true}]}}