{"id":875,"date":"2024-12-29T20:00:32","date_gmt":"2024-12-29T17:00:32","guid":{"rendered":"https:\/\/hbbkimya.com\/?post_type=product&#038;p=875"},"modified":"2025-08-23T22:27:42","modified_gmt":"2025-08-23T19:27:42","slug":"indol-3-butirik-asit-iba-koklendirme-hormonu-1-gr","status":"publish","type":"product","link":"https:\/\/hbbkimya.com\/?product=indol-3-butirik-asit-iba-koklendirme-hormonu-1-gr","title":{"rendered":"\u0130ndol-3-B\u00fctirik Asit (IBA) K\u00f6klendirme Hormonu 1 gr"},"content":{"rendered":"<p><a href=\"https:\/\/hbbkimya.com\/wp-content\/uploads\/2024\/12\/kimyasallartoplu-3-scaled.jpeg\"><img loading=\"lazy\" decoding=\"async\" class=\"alignnone size-medium wp-image-868\" src=\"https:\/\/hbbkimya.com\/wp-content\/uploads\/2024\/12\/kimyasallartoplu-3-223x300.jpeg\" alt=\"\" width=\"223\" height=\"300\" srcset=\"https:\/\/hbbkimya.com\/wp-content\/uploads\/2024\/12\/kimyasallartoplu-3-223x300.jpeg 223w, https:\/\/hbbkimya.com\/wp-content\/uploads\/2024\/12\/kimyasallartoplu-3-scaled-600x808.jpeg 600w, https:\/\/hbbkimya.com\/wp-content\/uploads\/2024\/12\/kimyasallartoplu-3-761x1024.jpeg 761w, https:\/\/hbbkimya.com\/wp-content\/uploads\/2024\/12\/kimyasallartoplu-3-768x1034.jpeg 768w, https:\/\/hbbkimya.com\/wp-content\/uploads\/2024\/12\/kimyasallartoplu-3-1141x1536.jpeg 1141w, https:\/\/hbbkimya.com\/wp-content\/uploads\/2024\/12\/kimyasallartoplu-3-1522x2048.jpeg 1522w, https:\/\/hbbkimya.com\/wp-content\/uploads\/2024\/12\/kimyasallartoplu-3-scaled.jpeg 1902w\" sizes=\"auto, (max-width: 223px) 100vw, 223px\" \/><\/a><\/p>\n","protected":false},"excerpt":{"rendered":"<ul>\n<li>Cas No: 133-32-4<\/li>\n<li>molek\u00fcl formul\u00fc:\u00a0C12H13NO2<\/li>\n<li>\u0130ndol-3-b\u00fctirik asit\u00a0(1H-indol-3-b\u00fctanoik\u00a0asit, IBA), oksin ailesinden bir bitki hormonudur ve bir\u00e7ok ticari bah\u00e7e bitkisi k\u00f6klendirme \u00fcr\u00fcn\u00fcn\u00fcn bir bile\u015fenidir. K\u00f6k olu\u015fumunu h\u0131zland\u0131rmas\u0131n\u0131n yan\u0131 s\u0131ra, \u00e7e\u015fitli mahsullerde \u00e7i\u00e7ek geli\u015fimini ve meyve b\u00fcy\u00fcmesini te\u015fvik etmek i\u00e7in\u00a0kullan\u0131l\u0131r.<\/li>\n<li>Laboratuvarda analiz ve tahlil maksatl\u0131 kullan\u0131lmaktad\u0131r.<\/li>\n<\/ul>\n","protected":false},"featured_media":868,"comment_status":"open","ping_status":"closed","template":"","meta":{"neve_meta_sidebar":"","neve_meta_container":"","neve_meta_enable_content_width":"off","neve_meta_content_width":100,"neve_meta_title_alignment":"","neve_meta_author_avatar":"","neve_post_elements_order":"","neve_meta_disable_header":"","neve_meta_disable_footer":"","neve_meta_disable_title":"","_themeisle_gutenberg_block_has_review":false},"product_brand":[65],"product_cat":[44],"product_tag":[],"class_list":{"0":"post-875","1":"product","2":"type-product","3":"status-publish","4":"has-post-thumbnail","6":"product_brand-hbbchem","7":"product_cat-toz-kati","9":"first","10":"instock","11":"taxable","12":"shipping-taxable","13":"purchasable","14":"product-type-simple"},"_links":{"self":[{"href":"https:\/\/hbbkimya.com\/index.php?rest_route=\/wp\/v2\/product\/875","targetHints":{"allow":["GET"]}}],"collection":[{"href":"https:\/\/hbbkimya.com\/index.php?rest_route=\/wp\/v2\/product"}],"about":[{"href":"https:\/\/hbbkimya.com\/index.php?rest_route=\/wp\/v2\/types\/product"}],"replies":[{"embeddable":true,"href":"https:\/\/hbbkimya.com\/index.php?rest_route=%2Fwp%2Fv2%2Fcomments&post=875"}],"wp:featuredmedia":[{"embeddable":true,"href":"https:\/\/hbbkimya.com\/index.php?rest_route=\/wp\/v2\/media\/868"}],"wp:attachment":[{"href":"https:\/\/hbbkimya.com\/index.php?rest_route=%2Fwp%2Fv2%2Fmedia&parent=875"}],"wp:term":[{"taxonomy":"product_brand","embeddable":true,"href":"https:\/\/hbbkimya.com\/index.php?rest_route=%2Fwp%2Fv2%2Fproduct_brand&post=875"},{"taxonomy":"product_cat","embeddable":true,"href":"https:\/\/hbbkimya.com\/index.php?rest_route=%2Fwp%2Fv2%2Fproduct_cat&post=875"},{"taxonomy":"product_tag","embeddable":true,"href":"https:\/\/hbbkimya.com\/index.php?rest_route=%2Fwp%2Fv2%2Fproduct_tag&post=875"}],"curies":[{"name":"wp","href":"https:\/\/api.w.org\/{rel}","templated":true}]}}