{"id":871,"date":"2024-12-28T19:54:02","date_gmt":"2024-12-28T16:54:02","guid":{"rendered":"https:\/\/hbbkimya.com\/?post_type=product&#038;p=871"},"modified":"2025-07-20T19:01:33","modified_gmt":"2025-07-20T16:01:33","slug":"toluen-rapid-tiner-chem-pure-5-litre","status":"publish","type":"product","link":"https:\/\/hbbkimya.com\/?product=toluen-rapid-tiner-chem-pure-5-litre","title":{"rendered":"Toluen (Rapid Tiner) Chem Pure 5 litre"},"content":{"rendered":"<p><a href=\"https:\/\/hbbkimya.com\/wp-content\/uploads\/2024\/12\/kimyasallartoplu-3-scaled.jpeg\"><img loading=\"lazy\" decoding=\"async\" class=\"alignnone size-medium wp-image-868\" src=\"https:\/\/hbbkimya.com\/wp-content\/uploads\/2024\/12\/kimyasallartoplu-3-223x300.jpeg\" alt=\"\" width=\"223\" height=\"300\" srcset=\"https:\/\/hbbkimya.com\/wp-content\/uploads\/2024\/12\/kimyasallartoplu-3-223x300.jpeg 223w, https:\/\/hbbkimya.com\/wp-content\/uploads\/2024\/12\/kimyasallartoplu-3-scaled-600x808.jpeg 600w, https:\/\/hbbkimya.com\/wp-content\/uploads\/2024\/12\/kimyasallartoplu-3-761x1024.jpeg 761w, https:\/\/hbbkimya.com\/wp-content\/uploads\/2024\/12\/kimyasallartoplu-3-768x1034.jpeg 768w, https:\/\/hbbkimya.com\/wp-content\/uploads\/2024\/12\/kimyasallartoplu-3-1141x1536.jpeg 1141w, https:\/\/hbbkimya.com\/wp-content\/uploads\/2024\/12\/kimyasallartoplu-3-1522x2048.jpeg 1522w, https:\/\/hbbkimya.com\/wp-content\/uploads\/2024\/12\/kimyasallartoplu-3-scaled.jpeg 1902w\" sizes=\"auto, (max-width: 223px) 100vw, 223px\" \/><\/a><\/p>\n","protected":false},"excerpt":{"rendered":"<ul>\n<li>Form\u00fcl\u00a0:\u00a0\u00a0C\u2086H\u2085CH\u2083 Yo\u011funluk\u00a0:\u00a0\u00a0867\u00a0kg\/m\u00b3 Kaynama noktas\u0131\u00a0:\u00a0\u00a0110,6\u00a0\u00b0C Erime noktas\u0131\u00a0:\u00a0\u00a0-95\u00a0\u00b0C Molar k\u00fctle\u00a0:\u00a0\u00a092,14\u00a0g\/mol<\/li>\n<li>\u00a0boya incelticilerde kimyasal \u00e7\u00f6z\u00fcc\u00fc olarak kullan\u0131l\u0131r.<\/li>\n<li>Bir solvent olarak, kau\u00e7uk ve matbaa m\u00fcrekkebi gibi \u00e7e\u015fitli \u00fcr\u00fcnlerin hammaddesi olarak bir \u00e7ok \u00f6nemli end\u00fcstriyel uygulamaya sahiptir\u00a0\u00a0olduk\u00e7a yan\u0131c\u0131 olan ve dissosiyatif anestetik etkileri olan renksiz bir s\u0131v\u0131d\u0131r.<\/li>\n<li>Laboratuvarda analiz ve te\u015fhis maksatl\u0131 kullan\u0131lmaktad\u0131r.<\/li>\n<\/ul>\n","protected":false},"featured_media":868,"comment_status":"open","ping_status":"closed","template":"","meta":{"neve_meta_sidebar":"","neve_meta_container":"","neve_meta_enable_content_width":"off","neve_meta_content_width":100,"neve_meta_title_alignment":"","neve_meta_author_avatar":"","neve_post_elements_order":"","neve_meta_disable_header":"","neve_meta_disable_footer":"","neve_meta_disable_title":"","_themeisle_gutenberg_block_has_review":false},"product_brand":[],"product_cat":[45],"product_tag":[],"class_list":{"0":"post-871","1":"product","2":"type-product","3":"status-publish","4":"has-post-thumbnail","6":"product_cat-sivi-kimyasallar","8":"first","9":"instock","10":"taxable","11":"shipping-taxable","12":"purchasable","13":"product-type-simple"},"_links":{"self":[{"href":"https:\/\/hbbkimya.com\/index.php?rest_route=\/wp\/v2\/product\/871","targetHints":{"allow":["GET"]}}],"collection":[{"href":"https:\/\/hbbkimya.com\/index.php?rest_route=\/wp\/v2\/product"}],"about":[{"href":"https:\/\/hbbkimya.com\/index.php?rest_route=\/wp\/v2\/types\/product"}],"replies":[{"embeddable":true,"href":"https:\/\/hbbkimya.com\/index.php?rest_route=%2Fwp%2Fv2%2Fcomments&post=871"}],"wp:featuredmedia":[{"embeddable":true,"href":"https:\/\/hbbkimya.com\/index.php?rest_route=\/wp\/v2\/media\/868"}],"wp:attachment":[{"href":"https:\/\/hbbkimya.com\/index.php?rest_route=%2Fwp%2Fv2%2Fmedia&parent=871"}],"wp:term":[{"taxonomy":"product_brand","embeddable":true,"href":"https:\/\/hbbkimya.com\/index.php?rest_route=%2Fwp%2Fv2%2Fproduct_brand&post=871"},{"taxonomy":"product_cat","embeddable":true,"href":"https:\/\/hbbkimya.com\/index.php?rest_route=%2Fwp%2Fv2%2Fproduct_cat&post=871"},{"taxonomy":"product_tag","embeddable":true,"href":"https:\/\/hbbkimya.com\/index.php?rest_route=%2Fwp%2Fv2%2Fproduct_tag&post=871"}],"curies":[{"name":"wp","href":"https:\/\/api.w.org\/{rel}","templated":true}]}}