{"id":869,"date":"2024-12-28T19:31:04","date_gmt":"2024-12-28T16:31:04","guid":{"rendered":"https:\/\/hbbkimya.com\/?post_type=product&#038;p=869"},"modified":"2025-08-23T22:15:04","modified_gmt":"2025-08-23T19:15:04","slug":"gliserin-food-grade-5-kg","status":"publish","type":"product","link":"https:\/\/hbbkimya.com\/?product=gliserin-food-grade-5-kg","title":{"rendered":"Gliserin Food Grade 5 kg"},"content":{"rendered":"<p><a href=\"https:\/\/hbbkimya.com\/wp-content\/uploads\/2024\/12\/kimyasallartoplu-3-scaled.jpeg\"><img loading=\"lazy\" decoding=\"async\" class=\"alignnone size-medium wp-image-868\" src=\"https:\/\/hbbkimya.com\/wp-content\/uploads\/2024\/12\/kimyasallartoplu-3-223x300.jpeg\" alt=\"\" width=\"223\" height=\"300\" srcset=\"https:\/\/hbbkimya.com\/wp-content\/uploads\/2024\/12\/kimyasallartoplu-3-223x300.jpeg 223w, https:\/\/hbbkimya.com\/wp-content\/uploads\/2024\/12\/kimyasallartoplu-3-scaled-600x808.jpeg 600w, https:\/\/hbbkimya.com\/wp-content\/uploads\/2024\/12\/kimyasallartoplu-3-761x1024.jpeg 761w, https:\/\/hbbkimya.com\/wp-content\/uploads\/2024\/12\/kimyasallartoplu-3-768x1034.jpeg 768w, https:\/\/hbbkimya.com\/wp-content\/uploads\/2024\/12\/kimyasallartoplu-3-1141x1536.jpeg 1141w, https:\/\/hbbkimya.com\/wp-content\/uploads\/2024\/12\/kimyasallartoplu-3-1522x2048.jpeg 1522w, https:\/\/hbbkimya.com\/wp-content\/uploads\/2024\/12\/kimyasallartoplu-3-scaled.jpeg 1902w\" sizes=\"auto, (max-width: 223px) 100vw, 223px\" \/><\/a><\/p>\n","protected":false},"excerpt":{"rendered":"<ul>\n<li>C3H8O3<\/li>\n<li>Yo\u011funluk: 1.26 g\/L<\/li>\n<li>M: 92.09 g\/mol<\/li>\n<li>Likit yap\u0131m\u0131nda kullan\u0131l\u0131r, T\u0131bb\u00ee gliserin tatland\u0131r\u0131c\u0131 olarak kullan\u0131l\u0131r, E numaras\u0131 E442\u2019dir. D\u0131\u015ftan deriye uygulanan merhemlerle; kozmetik sekt\u00f6r\u00fcnden ruj, eyeliner gibi \u00fcr\u00fcnlerde kullan\u0131l\u0131r. Plastik sanayinde ikincil plastikle\u015ftirici olarak kullan\u0131l\u0131r.<\/li>\n<li>Laboratuvarda analiz ve te\u015fhis maksatl\u0131 kullan\u0131lmaktad\u0131r.<\/li>\n<\/ul>\n","protected":false},"featured_media":868,"comment_status":"open","ping_status":"closed","template":"","meta":{"neve_meta_sidebar":"","neve_meta_container":"","neve_meta_enable_content_width":"off","neve_meta_content_width":100,"neve_meta_title_alignment":"","neve_meta_author_avatar":"","neve_post_elements_order":"","neve_meta_disable_header":"","neve_meta_disable_footer":"","neve_meta_disable_title":"","_themeisle_gutenberg_block_has_review":false},"product_brand":[65],"product_cat":[45],"product_tag":[],"class_list":{"0":"post-869","1":"product","2":"type-product","3":"status-publish","4":"has-post-thumbnail","6":"product_brand-hbbchem","7":"product_cat-sivi-kimyasallar","9":"first","10":"instock","11":"sale","12":"taxable","13":"shipping-taxable","14":"purchasable","15":"product-type-simple"},"_links":{"self":[{"href":"https:\/\/hbbkimya.com\/index.php?rest_route=\/wp\/v2\/product\/869","targetHints":{"allow":["GET"]}}],"collection":[{"href":"https:\/\/hbbkimya.com\/index.php?rest_route=\/wp\/v2\/product"}],"about":[{"href":"https:\/\/hbbkimya.com\/index.php?rest_route=\/wp\/v2\/types\/product"}],"replies":[{"embeddable":true,"href":"https:\/\/hbbkimya.com\/index.php?rest_route=%2Fwp%2Fv2%2Fcomments&post=869"}],"wp:featuredmedia":[{"embeddable":true,"href":"https:\/\/hbbkimya.com\/index.php?rest_route=\/wp\/v2\/media\/868"}],"wp:attachment":[{"href":"https:\/\/hbbkimya.com\/index.php?rest_route=%2Fwp%2Fv2%2Fmedia&parent=869"}],"wp:term":[{"taxonomy":"product_brand","embeddable":true,"href":"https:\/\/hbbkimya.com\/index.php?rest_route=%2Fwp%2Fv2%2Fproduct_brand&post=869"},{"taxonomy":"product_cat","embeddable":true,"href":"https:\/\/hbbkimya.com\/index.php?rest_route=%2Fwp%2Fv2%2Fproduct_cat&post=869"},{"taxonomy":"product_tag","embeddable":true,"href":"https:\/\/hbbkimya.com\/index.php?rest_route=%2Fwp%2Fv2%2Fproduct_tag&post=869"}],"curies":[{"name":"wp","href":"https:\/\/api.w.org\/{rel}","templated":true}]}}