{"id":863,"date":"2024-12-25T22:49:29","date_gmt":"2024-12-25T19:49:29","guid":{"rendered":"https:\/\/hbbkimya.com\/?post_type=product&#038;p=863"},"modified":"2025-08-23T22:15:51","modified_gmt":"2025-08-23T19:15:51","slug":"kloroform-chem-pure-99-9-1-kg","status":"publish","type":"product","link":"https:\/\/hbbkimya.com\/?product=kloroform-chem-pure-99-9-1-kg","title":{"rendered":"Kloroform Chem Pure %99,9 1 kg"},"content":{"rendered":"<p><a href=\"https:\/\/hbbkimya.com\/wp-content\/uploads\/2024\/12\/kloroform-far-temizleme-chloroform-scaled.jpeg\"><img loading=\"lazy\" decoding=\"async\" class=\"alignnone size-medium wp-image-1344\" src=\"https:\/\/hbbkimya.com\/wp-content\/uploads\/2024\/12\/kloroform-far-temizleme-chloroform-225x300.jpeg\" alt=\"\" width=\"225\" height=\"300\" srcset=\"https:\/\/hbbkimya.com\/wp-content\/uploads\/2024\/12\/kloroform-far-temizleme-chloroform-225x300.jpeg 225w, https:\/\/hbbkimya.com\/wp-content\/uploads\/2024\/12\/kloroform-far-temizleme-chloroform-scaled-600x800.jpeg 600w, https:\/\/hbbkimya.com\/wp-content\/uploads\/2024\/12\/kloroform-far-temizleme-chloroform-768x1024.jpeg 768w, https:\/\/hbbkimya.com\/wp-content\/uploads\/2024\/12\/kloroform-far-temizleme-chloroform-1152x1536.jpeg 1152w, https:\/\/hbbkimya.com\/wp-content\/uploads\/2024\/12\/kloroform-far-temizleme-chloroform-1536x2048.jpeg 1536w, https:\/\/hbbkimya.com\/wp-content\/uploads\/2024\/12\/kloroform-far-temizleme-chloroform-scaled.jpeg 1920w\" sizes=\"auto, (max-width: 225px) 100vw, 225px\" \/><\/a><\/p>\n","protected":false},"excerpt":{"rendered":"<ul>\n<li>Yo\u011funluk:\u00a01,49\u00a0g\/cm\u00b3\u00a0 Molar k\u00fctle:\u00a0119,378\u00a0g\/mol<\/li>\n<li>Kloroform ayn\u0131 zamanda pestisit form\u00fclasyonlar\u0131nda, kat\u0131 ve s\u0131v\u0131 ya\u011flar, kau\u00e7uk, alkaloidler, mumlar, g\u00fcta-perka ve re\u00e7ineler i\u00e7in bir \u00e7\u00f6z\u00fcc\u00fc olarak, bir temizleme maddesi, tah\u0131l fumigant\u0131 olarak, yang\u0131n s\u00f6nd\u00fcr\u00fcc\u00fclerde ve kau\u00e7uk end\u00fcstrisinde kullan\u0131lmaktad\u0131r.<\/li>\n<li>Laboratuvarda analiz ve te\u015fhis maksatl\u0131 kullan\u0131lmaktad\u0131r.<\/li>\n<\/ul>\n","protected":false},"featured_media":1344,"comment_status":"open","ping_status":"closed","template":"","meta":{"neve_meta_sidebar":"","neve_meta_container":"","neve_meta_enable_content_width":"off","neve_meta_content_width":100,"neve_meta_title_alignment":"","neve_meta_author_avatar":"","neve_post_elements_order":"","neve_meta_disable_header":"","neve_meta_disable_footer":"","neve_meta_disable_title":"","_themeisle_gutenberg_block_has_review":false},"product_brand":[65],"product_cat":[45],"product_tag":[],"class_list":{"0":"post-863","1":"product","2":"type-product","3":"status-publish","4":"has-post-thumbnail","6":"product_brand-hbbchem","7":"product_cat-sivi-kimyasallar","9":"first","10":"instock","11":"taxable","12":"shipping-taxable","13":"purchasable","14":"product-type-simple"},"_links":{"self":[{"href":"https:\/\/hbbkimya.com\/index.php?rest_route=\/wp\/v2\/product\/863","targetHints":{"allow":["GET"]}}],"collection":[{"href":"https:\/\/hbbkimya.com\/index.php?rest_route=\/wp\/v2\/product"}],"about":[{"href":"https:\/\/hbbkimya.com\/index.php?rest_route=\/wp\/v2\/types\/product"}],"replies":[{"embeddable":true,"href":"https:\/\/hbbkimya.com\/index.php?rest_route=%2Fwp%2Fv2%2Fcomments&post=863"}],"wp:featuredmedia":[{"embeddable":true,"href":"https:\/\/hbbkimya.com\/index.php?rest_route=\/wp\/v2\/media\/1344"}],"wp:attachment":[{"href":"https:\/\/hbbkimya.com\/index.php?rest_route=%2Fwp%2Fv2%2Fmedia&parent=863"}],"wp:term":[{"taxonomy":"product_brand","embeddable":true,"href":"https:\/\/hbbkimya.com\/index.php?rest_route=%2Fwp%2Fv2%2Fproduct_brand&post=863"},{"taxonomy":"product_cat","embeddable":true,"href":"https:\/\/hbbkimya.com\/index.php?rest_route=%2Fwp%2Fv2%2Fproduct_cat&post=863"},{"taxonomy":"product_tag","embeddable":true,"href":"https:\/\/hbbkimya.com\/index.php?rest_route=%2Fwp%2Fv2%2Fproduct_tag&post=863"}],"curies":[{"name":"wp","href":"https:\/\/api.w.org\/{rel}","templated":true}]}}