{"id":854,"date":"2024-12-24T22:59:48","date_gmt":"2024-12-24T19:59:48","guid":{"rendered":"https:\/\/hbbkimya.com\/?post_type=product&#038;p=854"},"modified":"2025-08-23T22:12:47","modified_gmt":"2025-08-23T19:12:47","slug":"borik-asit-cozeltisi-toplayici-asit-karisik-indikatorlu-4-1-litre","status":"publish","type":"product","link":"https:\/\/hbbkimya.com\/?product=borik-asit-cozeltisi-toplayici-asit-karisik-indikatorlu-4-1-litre","title":{"rendered":"Borik Asit \u00c7\u00f6zeltisi (Toplay\u0131c\u0131 Asit) Kar\u0131\u015f\u0131k \u0130ndikat\u00f6rl\u00fc %4 1 litre"},"content":{"rendered":"<p><a href=\"https:\/\/hbbkimya.com\/wp-content\/uploads\/2024\/12\/borik-asit-cozeltisi-scaled.jpg\"><img loading=\"lazy\" decoding=\"async\" class=\"alignnone size-medium wp-image-1581\" src=\"https:\/\/hbbkimya.com\/wp-content\/uploads\/2024\/12\/borik-asit-cozeltisi-225x300.jpg\" alt=\"\" width=\"225\" height=\"300\" srcset=\"https:\/\/hbbkimya.com\/wp-content\/uploads\/2024\/12\/borik-asit-cozeltisi-225x300.jpg 225w, https:\/\/hbbkimya.com\/wp-content\/uploads\/2024\/12\/borik-asit-cozeltisi-scaled-600x800.jpg 600w, https:\/\/hbbkimya.com\/wp-content\/uploads\/2024\/12\/borik-asit-cozeltisi-768x1024.jpg 768w, https:\/\/hbbkimya.com\/wp-content\/uploads\/2024\/12\/borik-asit-cozeltisi-1152x1536.jpg 1152w, https:\/\/hbbkimya.com\/wp-content\/uploads\/2024\/12\/borik-asit-cozeltisi-1536x2048.jpg 1536w, https:\/\/hbbkimya.com\/wp-content\/uploads\/2024\/12\/borik-asit-cozeltisi-scaled.jpg 1920w\" sizes=\"auto, (max-width: 225px) 100vw, 225px\" \/><\/a><\/p>\n","protected":false},"excerpt":{"rendered":"<ul>\n<li>AZOT PROTE\u0130N ANAL\u0130Z\u0130NDE,TOPLAYICI \u00c7\u00d6ZELT\u0130D\u0130R.<\/li>\n<li>1 LT L\u0130K AMBALAJDADIR.<\/li>\n<li>LABORATUVARDA ANAL\u0130Z MAKSATLI KULLANILMAKTADIR.<\/li>\n<\/ul>\n","protected":false},"featured_media":1581,"comment_status":"open","ping_status":"closed","template":"","meta":{"neve_meta_sidebar":"","neve_meta_container":"","neve_meta_enable_content_width":"off","neve_meta_content_width":100,"neve_meta_title_alignment":"","neve_meta_author_avatar":"","neve_post_elements_order":"","neve_meta_disable_header":"","neve_meta_disable_footer":"","neve_meta_disable_title":"","_themeisle_gutenberg_block_has_review":false},"product_brand":[65],"product_cat":[46],"product_tag":[],"class_list":{"0":"post-854","1":"product","2":"type-product","3":"status-publish","4":"has-post-thumbnail","6":"product_brand-hbbchem","7":"product_cat-cozeltiler-solusyonlar","9":"first","10":"instock","11":"taxable","12":"shipping-taxable","13":"purchasable","14":"product-type-simple"},"_links":{"self":[{"href":"https:\/\/hbbkimya.com\/index.php?rest_route=\/wp\/v2\/product\/854","targetHints":{"allow":["GET"]}}],"collection":[{"href":"https:\/\/hbbkimya.com\/index.php?rest_route=\/wp\/v2\/product"}],"about":[{"href":"https:\/\/hbbkimya.com\/index.php?rest_route=\/wp\/v2\/types\/product"}],"replies":[{"embeddable":true,"href":"https:\/\/hbbkimya.com\/index.php?rest_route=%2Fwp%2Fv2%2Fcomments&post=854"}],"wp:featuredmedia":[{"embeddable":true,"href":"https:\/\/hbbkimya.com\/index.php?rest_route=\/wp\/v2\/media\/1581"}],"wp:attachment":[{"href":"https:\/\/hbbkimya.com\/index.php?rest_route=%2Fwp%2Fv2%2Fmedia&parent=854"}],"wp:term":[{"taxonomy":"product_brand","embeddable":true,"href":"https:\/\/hbbkimya.com\/index.php?rest_route=%2Fwp%2Fv2%2Fproduct_brand&post=854"},{"taxonomy":"product_cat","embeddable":true,"href":"https:\/\/hbbkimya.com\/index.php?rest_route=%2Fwp%2Fv2%2Fproduct_cat&post=854"},{"taxonomy":"product_tag","embeddable":true,"href":"https:\/\/hbbkimya.com\/index.php?rest_route=%2Fwp%2Fv2%2Fproduct_tag&post=854"}],"curies":[{"name":"wp","href":"https:\/\/api.w.org\/{rel}","templated":true}]}}