{"id":844,"date":"2024-12-22T23:00:10","date_gmt":"2024-12-22T20:00:10","guid":{"rendered":"https:\/\/hbbkimya.com\/?post_type=product&#038;p=844"},"modified":"2026-04-20T13:13:20","modified_gmt":"2026-04-20T10:13:20","slug":"alkalinite-test-kiti-kolorimetrik","status":"publish","type":"product","link":"https:\/\/hbbkimya.com\/?product=alkalinite-test-kiti-kolorimetrik","title":{"rendered":"Alkalinite Test Kiti (50 ppm = 1 damla)"},"content":{"rendered":"<p><a href=\"https:\/\/hbbkimya.com\/wp-content\/uploads\/2024\/12\/alkalinite-test-kiti.jpg\"><img loading=\"lazy\" decoding=\"async\" class=\"alignnone size-medium wp-image-845\" src=\"https:\/\/hbbkimya.com\/wp-content\/uploads\/2024\/12\/alkalinite-test-kiti-300x200.jpg\" alt=\"\" width=\"300\" height=\"200\" srcset=\"https:\/\/hbbkimya.com\/wp-content\/uploads\/2024\/12\/alkalinite-test-kiti-300x200.jpg 300w, https:\/\/hbbkimya.com\/wp-content\/uploads\/2024\/12\/alkalinite-test-kiti-600x400.jpg 600w, https:\/\/hbbkimya.com\/wp-content\/uploads\/2024\/12\/alkalinite-test-kiti-768x512.jpg 768w, https:\/\/hbbkimya.com\/wp-content\/uploads\/2024\/12\/alkalinite-test-kiti-930x620.jpg 930w, https:\/\/hbbkimya.com\/wp-content\/uploads\/2024\/12\/alkalinite-test-kiti.jpg 1004w\" sizes=\"auto, (max-width: 300px) 100vw, 300px\" \/><\/a><\/p>\n","protected":false},"excerpt":{"rendered":"<p>Alkalinite Test Kiti<\/p>\n<p>Numune: Su<\/p>\n<p>\u00d6l\u00e7\u00fcm Aral\u0131\u011f\u0131:1 Damla Titrant = 50 ppm CaCO3<\/p>\n<p>Saklama Ko\u015fulu: Oda S\u0131cakl\u0131\u011f\u0131nda, Do\u011frudan g\u00fcne\u015f \u0131\u015f\u0131\u011f\u0131ndan uzak, Serin ve Kuru yerde<\/p>\n<p>Laboratuvarda analiz ve tahlil maksatl\u0131 kullan\u0131lmaktad\u0131r.<\/p>\n","protected":false},"featured_media":845,"comment_status":"open","ping_status":"closed","template":"","meta":{"neve_meta_sidebar":"","neve_meta_container":"","neve_meta_enable_content_width":"off","neve_meta_content_width":100,"neve_meta_title_alignment":"","neve_meta_author_avatar":"","neve_post_elements_order":"","neve_meta_disable_header":"","neve_meta_disable_footer":"","neve_meta_disable_title":"","_themeisle_gutenberg_block_has_review":false},"product_brand":[69],"product_cat":[40],"product_tag":[],"class_list":{"0":"post-844","1":"product","2":"type-product","3":"status-publish","4":"has-post-thumbnail","6":"product_brand-chembio","7":"product_cat-test-kitleri-stripleri","9":"first","10":"instock","11":"taxable","12":"shipping-taxable","13":"purchasable","14":"product-type-simple"},"_links":{"self":[{"href":"https:\/\/hbbkimya.com\/index.php?rest_route=\/wp\/v2\/product\/844","targetHints":{"allow":["GET"]}}],"collection":[{"href":"https:\/\/hbbkimya.com\/index.php?rest_route=\/wp\/v2\/product"}],"about":[{"href":"https:\/\/hbbkimya.com\/index.php?rest_route=\/wp\/v2\/types\/product"}],"replies":[{"embeddable":true,"href":"https:\/\/hbbkimya.com\/index.php?rest_route=%2Fwp%2Fv2%2Fcomments&post=844"}],"wp:featuredmedia":[{"embeddable":true,"href":"https:\/\/hbbkimya.com\/index.php?rest_route=\/wp\/v2\/media\/845"}],"wp:attachment":[{"href":"https:\/\/hbbkimya.com\/index.php?rest_route=%2Fwp%2Fv2%2Fmedia&parent=844"}],"wp:term":[{"taxonomy":"product_brand","embeddable":true,"href":"https:\/\/hbbkimya.com\/index.php?rest_route=%2Fwp%2Fv2%2Fproduct_brand&post=844"},{"taxonomy":"product_cat","embeddable":true,"href":"https:\/\/hbbkimya.com\/index.php?rest_route=%2Fwp%2Fv2%2Fproduct_cat&post=844"},{"taxonomy":"product_tag","embeddable":true,"href":"https:\/\/hbbkimya.com\/index.php?rest_route=%2Fwp%2Fv2%2Fproduct_tag&post=844"}],"curies":[{"name":"wp","href":"https:\/\/api.w.org\/{rel}","templated":true}]}}