{"id":838,"date":"2024-12-22T21:14:14","date_gmt":"2024-12-22T18:14:14","guid":{"rendered":"https:\/\/hbbkimya.com\/?post_type=product&#038;p=838"},"modified":"2025-08-23T22:18:57","modified_gmt":"2025-08-23T19:18:57","slug":"fenolftalein-indikator-cozeltisi-2-250-ml","status":"publish","type":"product","link":"https:\/\/hbbkimya.com\/?product=fenolftalein-indikator-cozeltisi-2-250-ml","title":{"rendered":"Fenolftalein \u0130ndikat\u00f6r \u00c7\u00f6zeltisi %2 250 ml"},"content":{"rendered":"<p><a href=\"https:\/\/hbbkimya.com\/wp-content\/uploads\/2024\/11\/fenolftalein-indikator-scaled.jpeg\"><img loading=\"lazy\" decoding=\"async\" class=\"alignnone size-medium wp-image-704\" src=\"https:\/\/hbbkimya.com\/wp-content\/uploads\/2024\/11\/fenolftalein-indikator-225x300.jpeg\" alt=\"\" width=\"225\" height=\"300\" srcset=\"https:\/\/hbbkimya.com\/wp-content\/uploads\/2024\/11\/fenolftalein-indikator-225x300.jpeg 225w, https:\/\/hbbkimya.com\/wp-content\/uploads\/2024\/11\/fenolftalein-indikator-scaled-600x800.jpeg 600w, https:\/\/hbbkimya.com\/wp-content\/uploads\/2024\/11\/fenolftalein-indikator-768x1024.jpeg 768w, https:\/\/hbbkimya.com\/wp-content\/uploads\/2024\/11\/fenolftalein-indikator-1152x1536.jpeg 1152w, https:\/\/hbbkimya.com\/wp-content\/uploads\/2024\/11\/fenolftalein-indikator-1536x2048.jpeg 1536w, https:\/\/hbbkimya.com\/wp-content\/uploads\/2024\/11\/fenolftalein-indikator-scaled.jpeg 1920w\" sizes=\"auto, (max-width: 225px) 100vw, 225px\" \/><\/a><\/p>\n","protected":false},"excerpt":{"rendered":"<ul>\n<li>pH \u00e7al\u0131\u015fma aral\u0131\u011f\u0131 8.2 \u2013 10.00<\/li>\n<li>Fenolftalein \u0130ndikat\u00f6r Sol\u00fcsyonu,\u00a0asidik ve bazik \u00e7\u00f6zeltilerin pH de\u011ferlerini belirlemek i\u00e7in kullan\u0131lan bir indikat\u00f6rd\u00fcr.<\/li>\n<li>Asidik ortamda renksiz, bazik ortamda pembe renk alarak titrasyon i\u015flemlerinde son noktan\u0131n tespitinde yayg\u0131n olarak kullan\u0131l\u0131r..<\/li>\n<li>Laboratuvarda analiz ve te\u015fhis maksatl\u0131 kullan\u0131lmaktad\u0131r.<\/li>\n<\/ul>\n","protected":false},"featured_media":755,"comment_status":"open","ping_status":"closed","template":"","meta":{"neve_meta_sidebar":"","neve_meta_container":"","neve_meta_enable_content_width":"off","neve_meta_content_width":100,"neve_meta_title_alignment":"","neve_meta_author_avatar":"","neve_post_elements_order":"","neve_meta_disable_header":"","neve_meta_disable_footer":"","neve_meta_disable_title":"","_themeisle_gutenberg_block_has_review":false},"product_brand":[65],"product_cat":[47],"product_tag":[],"class_list":{"0":"post-838","1":"product","2":"type-product","3":"status-publish","4":"has-post-thumbnail","6":"product_brand-hbbchem","7":"product_cat-indikatorler","9":"first","10":"instock","11":"taxable","12":"shipping-taxable","13":"purchasable","14":"product-type-simple"},"_links":{"self":[{"href":"https:\/\/hbbkimya.com\/index.php?rest_route=\/wp\/v2\/product\/838","targetHints":{"allow":["GET"]}}],"collection":[{"href":"https:\/\/hbbkimya.com\/index.php?rest_route=\/wp\/v2\/product"}],"about":[{"href":"https:\/\/hbbkimya.com\/index.php?rest_route=\/wp\/v2\/types\/product"}],"replies":[{"embeddable":true,"href":"https:\/\/hbbkimya.com\/index.php?rest_route=%2Fwp%2Fv2%2Fcomments&post=838"}],"wp:featuredmedia":[{"embeddable":true,"href":"https:\/\/hbbkimya.com\/index.php?rest_route=\/wp\/v2\/media\/755"}],"wp:attachment":[{"href":"https:\/\/hbbkimya.com\/index.php?rest_route=%2Fwp%2Fv2%2Fmedia&parent=838"}],"wp:term":[{"taxonomy":"product_brand","embeddable":true,"href":"https:\/\/hbbkimya.com\/index.php?rest_route=%2Fwp%2Fv2%2Fproduct_brand&post=838"},{"taxonomy":"product_cat","embeddable":true,"href":"https:\/\/hbbkimya.com\/index.php?rest_route=%2Fwp%2Fv2%2Fproduct_cat&post=838"},{"taxonomy":"product_tag","embeddable":true,"href":"https:\/\/hbbkimya.com\/index.php?rest_route=%2Fwp%2Fv2%2Fproduct_tag&post=838"}],"curies":[{"name":"wp","href":"https:\/\/api.w.org\/{rel}","templated":true}]}}