{"id":820,"date":"2024-12-22T00:21:10","date_gmt":"2024-12-21T21:21:10","guid":{"rendered":"https:\/\/hbbkimya.com\/?post_type=product&#038;p=820"},"modified":"2025-08-23T22:23:58","modified_gmt":"2025-08-23T19:23:58","slug":"potasyum-permanganat-cozeltisi-0-1-100-ml","status":"publish","type":"product","link":"https:\/\/hbbkimya.com\/?product=potasyum-permanganat-cozeltisi-0-1-100-ml","title":{"rendered":"Potasyum Permanganat \u00c7\u00f6zeltisi %0.1 100 ml"},"content":{"rendered":"<p><a href=\"https:\/\/hbbkimya.com\/wp-content\/uploads\/2024\/12\/potasyum-permanganat-toplu-scaled.jpeg\"><img loading=\"lazy\" decoding=\"async\" class=\"alignnone size-medium wp-image-821\" src=\"https:\/\/hbbkimya.com\/wp-content\/uploads\/2024\/12\/potasyum-permanganat-toplu-225x300.jpeg\" alt=\"\" width=\"225\" height=\"300\" srcset=\"https:\/\/hbbkimya.com\/wp-content\/uploads\/2024\/12\/potasyum-permanganat-toplu-225x300.jpeg 225w, https:\/\/hbbkimya.com\/wp-content\/uploads\/2024\/12\/potasyum-permanganat-toplu-scaled-600x800.jpeg 600w, https:\/\/hbbkimya.com\/wp-content\/uploads\/2024\/12\/potasyum-permanganat-toplu-768x1024.jpeg 768w, https:\/\/hbbkimya.com\/wp-content\/uploads\/2024\/12\/potasyum-permanganat-toplu-1152x1536.jpeg 1152w, https:\/\/hbbkimya.com\/wp-content\/uploads\/2024\/12\/potasyum-permanganat-toplu-1536x2048.jpeg 1536w, https:\/\/hbbkimya.com\/wp-content\/uploads\/2024\/12\/potasyum-permanganat-toplu-scaled.jpeg 1920w\" sizes=\"auto, (max-width: 225px) 100vw, 225px\" \/><\/a><\/p>\n","protected":false},"excerpt":{"rendered":"<ul>\n<li>KMNO4 %0.1 100 ml<\/li>\n<li>A\u00e7\u0131k ve kabarc\u0131kl\u0131 yaralar. Potasyum permanganat,\u00a0cildinizin y\u00fczeyindeki kabarc\u0131kl\u0131 veya irin s\u0131zan yaralar i\u00e7in \u0131slak pansuman olarak kullan\u0131l\u0131r. Ayak mantar\u0131 ve impetigo . Potasyum permanganat, ayak mantar\u0131 ve impetigo gibi hem bakteriyel hem de fungal cilt enfeksiyonlar\u0131n\u0131n tedavisine yard\u0131mc\u0131 olabilir<\/li>\n<\/ul>\n","protected":false},"featured_media":821,"comment_status":"open","ping_status":"closed","template":"","meta":{"neve_meta_sidebar":"","neve_meta_container":"","neve_meta_enable_content_width":"off","neve_meta_content_width":100,"neve_meta_title_alignment":"","neve_meta_author_avatar":"","neve_post_elements_order":"","neve_meta_disable_header":"","neve_meta_disable_footer":"","neve_meta_disable_title":"","_themeisle_gutenberg_block_has_review":false},"product_brand":[65],"product_cat":[46],"product_tag":[],"class_list":{"0":"post-820","1":"product","2":"type-product","3":"status-publish","4":"has-post-thumbnail","6":"product_brand-hbbchem","7":"product_cat-cozeltiler-solusyonlar","9":"first","10":"instock","11":"taxable","12":"shipping-taxable","13":"purchasable","14":"product-type-simple"},"_links":{"self":[{"href":"https:\/\/hbbkimya.com\/index.php?rest_route=\/wp\/v2\/product\/820","targetHints":{"allow":["GET"]}}],"collection":[{"href":"https:\/\/hbbkimya.com\/index.php?rest_route=\/wp\/v2\/product"}],"about":[{"href":"https:\/\/hbbkimya.com\/index.php?rest_route=\/wp\/v2\/types\/product"}],"replies":[{"embeddable":true,"href":"https:\/\/hbbkimya.com\/index.php?rest_route=%2Fwp%2Fv2%2Fcomments&post=820"}],"wp:featuredmedia":[{"embeddable":true,"href":"https:\/\/hbbkimya.com\/index.php?rest_route=\/wp\/v2\/media\/821"}],"wp:attachment":[{"href":"https:\/\/hbbkimya.com\/index.php?rest_route=%2Fwp%2Fv2%2Fmedia&parent=820"}],"wp:term":[{"taxonomy":"product_brand","embeddable":true,"href":"https:\/\/hbbkimya.com\/index.php?rest_route=%2Fwp%2Fv2%2Fproduct_brand&post=820"},{"taxonomy":"product_cat","embeddable":true,"href":"https:\/\/hbbkimya.com\/index.php?rest_route=%2Fwp%2Fv2%2Fproduct_cat&post=820"},{"taxonomy":"product_tag","embeddable":true,"href":"https:\/\/hbbkimya.com\/index.php?rest_route=%2Fwp%2Fv2%2Fproduct_tag&post=820"}],"curies":[{"name":"wp","href":"https:\/\/api.w.org\/{rel}","templated":true}]}}