{"id":797,"date":"2024-12-21T21:06:40","date_gmt":"2024-12-21T18:06:40","guid":{"rendered":"https:\/\/hbbkimya.com\/?post_type=product&#038;p=797"},"modified":"2025-10-08T21:55:27","modified_gmt":"2025-10-08T18:55:27","slug":"ksilen-ksilol-firin-tiner-chem-pure-1-litre","status":"publish","type":"product","link":"https:\/\/hbbkimya.com\/?product=ksilen-ksilol-firin-tiner-chem-pure-1-litre","title":{"rendered":"Ksilen Ksilol (F\u0131r\u0131n Tiner) Chem Pure 1 litre"},"content":{"rendered":"<p><a href=\"https:\/\/hbbkimya.com\/wp-content\/uploads\/2024\/12\/kimyasallartoplu-2-scaled.jpeg\"><img loading=\"lazy\" decoding=\"async\" class=\"alignnone size-medium wp-image-796\" src=\"https:\/\/hbbkimya.com\/wp-content\/uploads\/2024\/12\/kimyasallartoplu-2-223x300.jpeg\" alt=\"\" width=\"223\" height=\"300\" srcset=\"https:\/\/hbbkimya.com\/wp-content\/uploads\/2024\/12\/kimyasallartoplu-2-223x300.jpeg 223w, https:\/\/hbbkimya.com\/wp-content\/uploads\/2024\/12\/kimyasallartoplu-2-scaled-600x808.jpeg 600w, https:\/\/hbbkimya.com\/wp-content\/uploads\/2024\/12\/kimyasallartoplu-2-761x1024.jpeg 761w, https:\/\/hbbkimya.com\/wp-content\/uploads\/2024\/12\/kimyasallartoplu-2-768x1034.jpeg 768w, https:\/\/hbbkimya.com\/wp-content\/uploads\/2024\/12\/kimyasallartoplu-2-1141x1536.jpeg 1141w, https:\/\/hbbkimya.com\/wp-content\/uploads\/2024\/12\/kimyasallartoplu-2-1522x2048.jpeg 1522w, https:\/\/hbbkimya.com\/wp-content\/uploads\/2024\/12\/kimyasallartoplu-2-scaled.jpeg 1902w\" sizes=\"auto, (max-width: 223px) 100vw, 223px\" \/><\/a><\/p>\n","protected":false},"excerpt":{"rendered":"<ul>\n<li>C8H10 Kaynama noktas\u0131:\u00a0139\u00a0\u00b0C Molar k\u00fctle:\u00a0106,16\u00a0g\/mol<\/li>\n<li>bask\u0131, kau\u00e7uk ve deri end\u00fcstrilerinde\u00a0s\u0131kl\u0131kla kullan\u0131l\u0131r.<\/li>\n<li>Di\u011fer Kullan\u0131m alanlar\u0131 ; Temizlik Maddeleri, Boya \u0130nceltici ve S\u00f6k\u00fcc\u00fc, Vernik, U\u00e7ak Yak\u0131t\u0131, Benzin, Pas \u00d6nleyici \u00fcr\u00fcnler olmak \u00fczere olduk\u00e7a geni\u015f bir kullan\u0131m alan\u0131na sahiptir.<\/li>\n<li>Laboratuvarda analiz maksatl\u0131 kullan\u0131lmaktad\u0131r<\/li>\n<\/ul>\n","protected":false},"featured_media":796,"comment_status":"open","ping_status":"closed","template":"","meta":{"neve_meta_sidebar":"","neve_meta_container":"","neve_meta_enable_content_width":"off","neve_meta_content_width":100,"neve_meta_title_alignment":"","neve_meta_author_avatar":"","neve_post_elements_order":"","neve_meta_disable_header":"","neve_meta_disable_footer":"","neve_meta_disable_title":"","_themeisle_gutenberg_block_has_review":false},"product_brand":[65],"product_cat":[45],"product_tag":[],"class_list":{"0":"post-797","1":"product","2":"type-product","3":"status-publish","4":"has-post-thumbnail","6":"product_brand-hbbchem","7":"product_cat-sivi-kimyasallar","9":"first","10":"instock","11":"sale","12":"taxable","13":"shipping-taxable","14":"purchasable","15":"product-type-simple"},"_links":{"self":[{"href":"https:\/\/hbbkimya.com\/index.php?rest_route=\/wp\/v2\/product\/797","targetHints":{"allow":["GET"]}}],"collection":[{"href":"https:\/\/hbbkimya.com\/index.php?rest_route=\/wp\/v2\/product"}],"about":[{"href":"https:\/\/hbbkimya.com\/index.php?rest_route=\/wp\/v2\/types\/product"}],"replies":[{"embeddable":true,"href":"https:\/\/hbbkimya.com\/index.php?rest_route=%2Fwp%2Fv2%2Fcomments&post=797"}],"wp:featuredmedia":[{"embeddable":true,"href":"https:\/\/hbbkimya.com\/index.php?rest_route=\/wp\/v2\/media\/796"}],"wp:attachment":[{"href":"https:\/\/hbbkimya.com\/index.php?rest_route=%2Fwp%2Fv2%2Fmedia&parent=797"}],"wp:term":[{"taxonomy":"product_brand","embeddable":true,"href":"https:\/\/hbbkimya.com\/index.php?rest_route=%2Fwp%2Fv2%2Fproduct_brand&post=797"},{"taxonomy":"product_cat","embeddable":true,"href":"https:\/\/hbbkimya.com\/index.php?rest_route=%2Fwp%2Fv2%2Fproduct_cat&post=797"},{"taxonomy":"product_tag","embeddable":true,"href":"https:\/\/hbbkimya.com\/index.php?rest_route=%2Fwp%2Fv2%2Fproduct_tag&post=797"}],"curies":[{"name":"wp","href":"https:\/\/api.w.org\/{rel}","templated":true}]}}