{"id":792,"date":"2024-12-21T20:54:28","date_gmt":"2024-12-21T17:54:28","guid":{"rendered":"https:\/\/hbbkimya.com\/?post_type=product&#038;p=792"},"modified":"2025-08-23T22:21:48","modified_gmt":"2025-08-23T19:21:48","slug":"hipokloroz-asit-antibakteriyel-sivi-1-litre-2","status":"publish","type":"product","link":"https:\/\/hbbkimya.com\/?product=hipokloroz-asit-antibakteriyel-sivi-1-litre-2","title":{"rendered":"Hipoklor\u00f6z Asit Antibakteriyel S\u0131v\u0131 1 litre"},"content":{"rendered":"<p><a href=\"https:\/\/hbbkimya.com\/wp-content\/uploads\/2024\/12\/hipokloroz-asit-1-scaled.jpeg\"><img loading=\"lazy\" decoding=\"async\" class=\"alignnone size-medium wp-image-793\" src=\"https:\/\/hbbkimya.com\/wp-content\/uploads\/2024\/12\/hipokloroz-asit-1-225x300.jpeg\" alt=\"\" width=\"225\" height=\"300\" srcset=\"https:\/\/hbbkimya.com\/wp-content\/uploads\/2024\/12\/hipokloroz-asit-1-225x300.jpeg 225w, https:\/\/hbbkimya.com\/wp-content\/uploads\/2024\/12\/hipokloroz-asit-1-scaled-600x800.jpeg 600w, https:\/\/hbbkimya.com\/wp-content\/uploads\/2024\/12\/hipokloroz-asit-1-768x1024.jpeg 768w, https:\/\/hbbkimya.com\/wp-content\/uploads\/2024\/12\/hipokloroz-asit-1-1152x1536.jpeg 1152w, https:\/\/hbbkimya.com\/wp-content\/uploads\/2024\/12\/hipokloroz-asit-1-1536x2048.jpeg 1536w, https:\/\/hbbkimya.com\/wp-content\/uploads\/2024\/12\/hipokloroz-asit-1-scaled.jpeg 1920w\" sizes=\"auto, (max-width: 225px) 100vw, 225px\" \/><\/a><\/p>\n","protected":false},"excerpt":{"rendered":"<div class=\"wDYxhc\" data-attrid=\"ss:\/webfacts:yogunluk\" data-md=\"1001\" data-hveid=\"CCoQAA\" data-ved=\"2ahUKEwixnJXe_vyLAxXvRPEDHVGULAsQkCl6BAgqEAA\">\n<div class=\"Z1hOCe\">\n<div class=\"zloOqf PZPZlf\" data-ved=\"2ahUKEwixnJXe_vyLAxXvRPEDHVGULAsQyxMoAHoECCoQAQ\">\n<div class=\"rVusze\"><\/div>\n<\/div>\n<\/div>\n<\/div>\n<div class=\"wDYxhc\" data-attrid=\"kc:\/chemistry\/chemical_compound:molar mass\" data-md=\"1001\" data-hveid=\"CCkQAA\" data-ved=\"2ahUKEwixnJXe_vyLAxXvRPEDHVGULAsQkCl6BAgpEAA\">\n<div class=\"Z1hOCe\">\n<div class=\"zloOqf PZPZlf\" data-ved=\"2ahUKEwixnJXe_vyLAxXvRPEDHVGULAsQyxMoAHoECCkQAQ\">\n<ul>\n<li class=\"rVusze\"><span class=\"w8qArf FoJoyf\">Molar k\u00fctle:\u00a0<\/span><span class=\"LrzXr kno-fv wHYlTd z8gr9e\">52,46 g\/mol\u00a0 <\/span><span class=\"w8qArf FoJoyf\">CAS numaras\u0131:\u00a0<\/span><span class=\"LrzXr kno-fv wHYlTd z8gr9e\">7790-92-3<\/span><\/li>\n<li class=\"rVusze\">200 ppm lik konsantrasyondad\u0131r<\/li>\n<li class=\"rVusze\">El, cilt, meyve ve sebze temizleme s\u0131v\u0131s\u0131<\/li>\n<li class=\"rVusze\">Alkol i\u00e7ermez Kuvvetli oksidan N\u00f6tr elektrik y\u00fcklerinden dolay\u0131 her yere n\u00fcfuz eder.<\/li>\n<li>Laboratuvarda analiz ve tahlil maksatl\u0131 kullan\u0131lmaktad\u0131r.<\/li>\n<\/ul>\n<\/div>\n<\/div>\n<\/div>\n<div class=\"wDYxhc\" data-attrid=\"ss:\/webfacts:cas_numarasi\" data-md=\"1001\" data-hveid=\"CCIQAA\" data-ved=\"2ahUKEwixnJXe_vyLAxXvRPEDHVGULAsQkCl6BAgiEAA\">\n<div class=\"Z1hOCe\">\n<div class=\"zloOqf PZPZlf\" data-ved=\"2ahUKEwixnJXe_vyLAxXvRPEDHVGULAsQyxMoAHoECCIQAQ\"><\/div>\n<\/div>\n<\/div>\n","protected":false},"featured_media":793,"comment_status":"open","ping_status":"closed","template":"","meta":{"neve_meta_sidebar":"","neve_meta_container":"","neve_meta_enable_content_width":"off","neve_meta_content_width":100,"neve_meta_title_alignment":"","neve_meta_author_avatar":"","neve_post_elements_order":"","neve_meta_disable_header":"","neve_meta_disable_footer":"","neve_meta_disable_title":"","_themeisle_gutenberg_block_has_review":false},"product_brand":[65],"product_cat":[46],"product_tag":[],"class_list":{"0":"post-792","1":"product","2":"type-product","3":"status-publish","4":"has-post-thumbnail","6":"product_brand-hbbchem","7":"product_cat-cozeltiler-solusyonlar","9":"first","10":"instock","11":"sale","12":"taxable","13":"shipping-taxable","14":"purchasable","15":"product-type-simple"},"_links":{"self":[{"href":"https:\/\/hbbkimya.com\/index.php?rest_route=\/wp\/v2\/product\/792","targetHints":{"allow":["GET"]}}],"collection":[{"href":"https:\/\/hbbkimya.com\/index.php?rest_route=\/wp\/v2\/product"}],"about":[{"href":"https:\/\/hbbkimya.com\/index.php?rest_route=\/wp\/v2\/types\/product"}],"replies":[{"embeddable":true,"href":"https:\/\/hbbkimya.com\/index.php?rest_route=%2Fwp%2Fv2%2Fcomments&post=792"}],"wp:featuredmedia":[{"embeddable":true,"href":"https:\/\/hbbkimya.com\/index.php?rest_route=\/wp\/v2\/media\/793"}],"wp:attachment":[{"href":"https:\/\/hbbkimya.com\/index.php?rest_route=%2Fwp%2Fv2%2Fmedia&parent=792"}],"wp:term":[{"taxonomy":"product_brand","embeddable":true,"href":"https:\/\/hbbkimya.com\/index.php?rest_route=%2Fwp%2Fv2%2Fproduct_brand&post=792"},{"taxonomy":"product_cat","embeddable":true,"href":"https:\/\/hbbkimya.com\/index.php?rest_route=%2Fwp%2Fv2%2Fproduct_cat&post=792"},{"taxonomy":"product_tag","embeddable":true,"href":"https:\/\/hbbkimya.com\/index.php?rest_route=%2Fwp%2Fv2%2Fproduct_tag&post=792"}],"curies":[{"name":"wp","href":"https:\/\/api.w.org\/{rel}","templated":true}]}}