{"id":783,"date":"2024-12-15T23:15:50","date_gmt":"2024-12-15T20:15:50","guid":{"rendered":"https:\/\/hbbkimya.com\/?post_type=product&#038;p=783"},"modified":"2025-08-23T22:14:30","modified_gmt":"2025-08-23T19:14:30","slug":"amonyak-25-chem-pure-amonyum-hidroksit-1-litre","status":"publish","type":"product","link":"https:\/\/hbbkimya.com\/?product=amonyak-25-chem-pure-amonyum-hidroksit-1-litre","title":{"rendered":"Amonyak %25 Chem Pure (Amonyum Hidroksit ) 1 litre"},"content":{"rendered":"<p><a href=\"https:\/\/hbbkimya.com\/wp-content\/uploads\/2024\/12\/amonyak25-scaled.jpeg\"><img loading=\"lazy\" decoding=\"async\" class=\"alignnone size-medium wp-image-784\" src=\"https:\/\/hbbkimya.com\/wp-content\/uploads\/2024\/12\/amonyak25-225x300.jpeg\" alt=\"\" width=\"225\" height=\"300\" srcset=\"https:\/\/hbbkimya.com\/wp-content\/uploads\/2024\/12\/amonyak25-225x300.jpeg 225w, https:\/\/hbbkimya.com\/wp-content\/uploads\/2024\/12\/amonyak25-scaled-600x800.jpeg 600w, https:\/\/hbbkimya.com\/wp-content\/uploads\/2024\/12\/amonyak25-768x1024.jpeg 768w, https:\/\/hbbkimya.com\/wp-content\/uploads\/2024\/12\/amonyak25-1152x1536.jpeg 1152w, https:\/\/hbbkimya.com\/wp-content\/uploads\/2024\/12\/amonyak25-1536x2048.jpeg 1536w, https:\/\/hbbkimya.com\/wp-content\/uploads\/2024\/12\/amonyak25-scaled.jpeg 1920w\" sizes=\"auto, (max-width: 225px) 100vw, 225px\" \/><\/a><\/p>\n","protected":false},"excerpt":{"rendered":"<ul>\n<li>Form\u00fcl:\u00a0NH3\u00a0 \u00b0C Molar k\u00fctle:\u00a017,031\u00a0g\/mol\u00a0 Yo\u011funluk:\u00a00,73\u00a0kg\/m\u00b3<\/li>\n<li>Temizlik malzemelerinde, patlay\u0131c\u0131 ve g\u00fcbre yap\u0131m\u0131nda, kimya sanayiinde, nitrik asidin, boyalar\u0131n, parf\u00fcmlerin, plastiklerin ve\u00a0\u00fcrenin\u00a0\u00fcretiminde ve end\u00fcstriyel so\u011futma sistemlerinde kullan\u0131l\u0131r..<\/li>\n<li>Laboratuvarda analiz ve te\u015fhis maksatl\u0131 kullan\u0131lmaktad\u0131r.<\/li>\n<\/ul>\n","protected":false},"featured_media":784,"comment_status":"open","ping_status":"closed","template":"","meta":{"neve_meta_sidebar":"","neve_meta_container":"","neve_meta_enable_content_width":"off","neve_meta_content_width":100,"neve_meta_title_alignment":"","neve_meta_author_avatar":"","neve_post_elements_order":"","neve_meta_disable_header":"","neve_meta_disable_footer":"","neve_meta_disable_title":"","_themeisle_gutenberg_block_has_review":false},"product_brand":[65],"product_cat":[45],"product_tag":[],"class_list":{"0":"post-783","1":"product","2":"type-product","3":"status-publish","4":"has-post-thumbnail","6":"product_brand-hbbchem","7":"product_cat-sivi-kimyasallar","9":"first","10":"instock","11":"sale","12":"taxable","13":"shipping-taxable","14":"purchasable","15":"product-type-simple"},"_links":{"self":[{"href":"https:\/\/hbbkimya.com\/index.php?rest_route=\/wp\/v2\/product\/783","targetHints":{"allow":["GET"]}}],"collection":[{"href":"https:\/\/hbbkimya.com\/index.php?rest_route=\/wp\/v2\/product"}],"about":[{"href":"https:\/\/hbbkimya.com\/index.php?rest_route=\/wp\/v2\/types\/product"}],"replies":[{"embeddable":true,"href":"https:\/\/hbbkimya.com\/index.php?rest_route=%2Fwp%2Fv2%2Fcomments&post=783"}],"wp:featuredmedia":[{"embeddable":true,"href":"https:\/\/hbbkimya.com\/index.php?rest_route=\/wp\/v2\/media\/784"}],"wp:attachment":[{"href":"https:\/\/hbbkimya.com\/index.php?rest_route=%2Fwp%2Fv2%2Fmedia&parent=783"}],"wp:term":[{"taxonomy":"product_brand","embeddable":true,"href":"https:\/\/hbbkimya.com\/index.php?rest_route=%2Fwp%2Fv2%2Fproduct_brand&post=783"},{"taxonomy":"product_cat","embeddable":true,"href":"https:\/\/hbbkimya.com\/index.php?rest_route=%2Fwp%2Fv2%2Fproduct_cat&post=783"},{"taxonomy":"product_tag","embeddable":true,"href":"https:\/\/hbbkimya.com\/index.php?rest_route=%2Fwp%2Fv2%2Fproduct_tag&post=783"}],"curies":[{"name":"wp","href":"https:\/\/api.w.org\/{rel}","templated":true}]}}