{"id":778,"date":"2024-12-15T22:50:41","date_gmt":"2024-12-15T19:50:41","guid":{"rendered":"https:\/\/hbbkimya.com\/?post_type=product&#038;p=778"},"modified":"2025-08-23T22:12:47","modified_gmt":"2025-08-23T19:12:47","slug":"el-ve-cilt-hijyen-solusyonu-antibakteriyel-sivi-1-litre","status":"publish","type":"product","link":"https:\/\/hbbkimya.com\/?product=el-ve-cilt-hijyen-solusyonu-antibakteriyel-sivi-1-litre","title":{"rendered":"El ve Cilt Hijyen Sol\u00fcsyonu (Antibakteriyel S\u0131v\u0131) 1 litre"},"content":{"rendered":"<p><a href=\"https:\/\/hbbkimya.com\/wp-content\/uploads\/2024\/12\/el-ve-cilt-hijyen-scaled.jpeg\"><img loading=\"lazy\" decoding=\"async\" class=\"alignnone size-medium wp-image-779\" src=\"https:\/\/hbbkimya.com\/wp-content\/uploads\/2024\/12\/el-ve-cilt-hijyen-225x300.jpeg\" alt=\"\" width=\"225\" height=\"300\" srcset=\"https:\/\/hbbkimya.com\/wp-content\/uploads\/2024\/12\/el-ve-cilt-hijyen-225x300.jpeg 225w, https:\/\/hbbkimya.com\/wp-content\/uploads\/2024\/12\/el-ve-cilt-hijyen-scaled-600x800.jpeg 600w, https:\/\/hbbkimya.com\/wp-content\/uploads\/2024\/12\/el-ve-cilt-hijyen-768x1024.jpeg 768w, https:\/\/hbbkimya.com\/wp-content\/uploads\/2024\/12\/el-ve-cilt-hijyen-1152x1536.jpeg 1152w, https:\/\/hbbkimya.com\/wp-content\/uploads\/2024\/12\/el-ve-cilt-hijyen-1536x2048.jpeg 1536w, https:\/\/hbbkimya.com\/wp-content\/uploads\/2024\/12\/el-ve-cilt-hijyen-scaled.jpeg 1920w\" sizes=\"auto, (max-width: 225px) 100vw, 225px\" \/><\/a><\/p>\n","protected":false},"excerpt":{"rendered":"<p>BENZALKONYUM\u00a0 KLOR\u00dcR\u00a0 \u00a0 \u00a0 \u00a0 &lt; % 5\u00a0 \u00a0 \u00a0 \u00a0ET\u0130L VE \u0130PA ORANI\u00a0\u00a0 \u00a0 % 20\u00a0 \u00a0\u00a0GL\u0130SER\u0130N\u00a0 \u00a0 % 5\u00a0 \u00a0H\u0130DROJEN PEROKS\u0130T\u00a0 \u00a0% 0.1\u00a0 \u00a0DE\u0130YON\u0130ZE SU\u00a0 % 70<\/p>\n<p>G\u0131da \u00fcretimi \/ ev\/ ortam gibi y\u00fcksek hijyen gerektiren sahalarda el hijyeni sa\u011flamak i\u00e7in kullan\u0131l\u0131r. BAC ( benzalkonyum klor\u00fcr ) ve alkol i\u00e7eri\u011fi sayesinde bakterilere kar\u015f\u0131 etkin bir temizleme sa\u011flar. Etkin bir cilt koruma sistemine sahip olup s\u00fcrekli kullan\u0131mdan dolay\u0131 alkole ba\u011fl\u0131 cilt kurumas\u0131na yol a\u00e7maz. Elllere s\u0131k\u0131ld\u0131ktan sonra ovalan\u0131r ve 25-30 saniye gibi zamanda kendili\u011finden kuruma beklenir..<\/p>\n","protected":false},"featured_media":779,"comment_status":"open","ping_status":"closed","template":"","meta":{"neve_meta_sidebar":"","neve_meta_container":"","neve_meta_enable_content_width":"off","neve_meta_content_width":100,"neve_meta_title_alignment":"","neve_meta_author_avatar":"","neve_post_elements_order":"","neve_meta_disable_header":"","neve_meta_disable_footer":"","neve_meta_disable_title":"","_themeisle_gutenberg_block_has_review":false},"product_brand":[65],"product_cat":[46],"product_tag":[],"class_list":{"0":"post-778","1":"product","2":"type-product","3":"status-publish","4":"has-post-thumbnail","6":"product_brand-hbbchem","7":"product_cat-cozeltiler-solusyonlar","9":"first","10":"instock","11":"taxable","12":"shipping-taxable","13":"purchasable","14":"product-type-simple"},"_links":{"self":[{"href":"https:\/\/hbbkimya.com\/index.php?rest_route=\/wp\/v2\/product\/778","targetHints":{"allow":["GET"]}}],"collection":[{"href":"https:\/\/hbbkimya.com\/index.php?rest_route=\/wp\/v2\/product"}],"about":[{"href":"https:\/\/hbbkimya.com\/index.php?rest_route=\/wp\/v2\/types\/product"}],"replies":[{"embeddable":true,"href":"https:\/\/hbbkimya.com\/index.php?rest_route=%2Fwp%2Fv2%2Fcomments&post=778"}],"wp:featuredmedia":[{"embeddable":true,"href":"https:\/\/hbbkimya.com\/index.php?rest_route=\/wp\/v2\/media\/779"}],"wp:attachment":[{"href":"https:\/\/hbbkimya.com\/index.php?rest_route=%2Fwp%2Fv2%2Fmedia&parent=778"}],"wp:term":[{"taxonomy":"product_brand","embeddable":true,"href":"https:\/\/hbbkimya.com\/index.php?rest_route=%2Fwp%2Fv2%2Fproduct_brand&post=778"},{"taxonomy":"product_cat","embeddable":true,"href":"https:\/\/hbbkimya.com\/index.php?rest_route=%2Fwp%2Fv2%2Fproduct_cat&post=778"},{"taxonomy":"product_tag","embeddable":true,"href":"https:\/\/hbbkimya.com\/index.php?rest_route=%2Fwp%2Fv2%2Fproduct_tag&post=778"}],"curies":[{"name":"wp","href":"https:\/\/api.w.org\/{rel}","templated":true}]}}