{"id":772,"date":"2024-12-15T21:22:17","date_gmt":"2024-12-15T18:22:17","guid":{"rendered":"https:\/\/hbbkimya.com\/?post_type=product&#038;p=772"},"modified":"2025-08-23T22:14:31","modified_gmt":"2025-08-23T19:14:31","slug":"deiyonize-saf-su-extra-pure-1-lt","status":"publish","type":"product","link":"https:\/\/hbbkimya.com\/?product=deiyonize-saf-su-extra-pure-1-lt","title":{"rendered":"Deiyonize Saf Su Extra Pure 1 litre"},"content":{"rendered":"<p><a href=\"https:\/\/hbbkimya.com\/wp-content\/uploads\/2024\/12\/deiyonize-saf-su-steril-water-scaled.jpeg\"><img loading=\"lazy\" decoding=\"async\" class=\"alignnone size-medium wp-image-1459\" src=\"https:\/\/hbbkimya.com\/wp-content\/uploads\/2024\/12\/deiyonize-saf-su-steril-water-225x300.jpeg\" alt=\"\" width=\"225\" height=\"300\" srcset=\"https:\/\/hbbkimya.com\/wp-content\/uploads\/2024\/12\/deiyonize-saf-su-steril-water-225x300.jpeg 225w, https:\/\/hbbkimya.com\/wp-content\/uploads\/2024\/12\/deiyonize-saf-su-steril-water-scaled-600x800.jpeg 600w, https:\/\/hbbkimya.com\/wp-content\/uploads\/2024\/12\/deiyonize-saf-su-steril-water-768x1024.jpeg 768w, https:\/\/hbbkimya.com\/wp-content\/uploads\/2024\/12\/deiyonize-saf-su-steril-water-1152x1536.jpeg 1152w, https:\/\/hbbkimya.com\/wp-content\/uploads\/2024\/12\/deiyonize-saf-su-steril-water-1536x2048.jpeg 1536w, https:\/\/hbbkimya.com\/wp-content\/uploads\/2024\/12\/deiyonize-saf-su-steril-water-scaled.jpeg 1920w\" sizes=\"auto, (max-width: 225px) 100vw, 225px\" \/><\/a><\/p>\n","protected":false},"excerpt":{"rendered":"<ul>\n<li>Deiyonize Saf Su, analiz maksatl\u0131 kullan\u0131mlar i\u00e7in \u00fcretilmi\u015f olup, y\u00fcksek safl\u0131k standartlar\u0131na sahiptir.<\/li>\n<li>pH aral\u0131\u011f\u0131 5.85 &#8211; 7.20 aras\u0131<\/li>\n<li>iletkenlik de\u011feri 0-5 uS\/cm&#8217;dir.<\/li>\n<li>Toplam sertlik 0-1 aras\u0131<\/li>\n<li>klor\u00fcr i\u00e7eri\u011fi ise &lt;0.05 ppm seviyesindedir.<\/li>\n<li>Bu de\u011ferler, suyun y\u00fcksek kalitesini ve safl\u0131\u011f\u0131n\u0131 g\u00f6stermektedir.<\/li>\n<li>Laboratuvarda analiz ve te\u015fhis maksatl\u0131 kullan\u0131lmaktad\u0131r.<\/li>\n<\/ul>\n","protected":false},"featured_media":1459,"comment_status":"open","ping_status":"closed","template":"","meta":{"neve_meta_sidebar":"","neve_meta_container":"","neve_meta_enable_content_width":"off","neve_meta_content_width":100,"neve_meta_title_alignment":"","neve_meta_author_avatar":"","neve_post_elements_order":"","neve_meta_disable_header":"","neve_meta_disable_footer":"","neve_meta_disable_title":"","_themeisle_gutenberg_block_has_review":false},"product_brand":[65],"product_cat":[45],"product_tag":[],"class_list":{"0":"post-772","1":"product","2":"type-product","3":"status-publish","4":"has-post-thumbnail","6":"product_brand-hbbchem","7":"product_cat-sivi-kimyasallar","9":"first","10":"instock","11":"taxable","12":"shipping-taxable","13":"purchasable","14":"product-type-simple"},"_links":{"self":[{"href":"https:\/\/hbbkimya.com\/index.php?rest_route=\/wp\/v2\/product\/772","targetHints":{"allow":["GET"]}}],"collection":[{"href":"https:\/\/hbbkimya.com\/index.php?rest_route=\/wp\/v2\/product"}],"about":[{"href":"https:\/\/hbbkimya.com\/index.php?rest_route=\/wp\/v2\/types\/product"}],"replies":[{"embeddable":true,"href":"https:\/\/hbbkimya.com\/index.php?rest_route=%2Fwp%2Fv2%2Fcomments&post=772"}],"wp:featuredmedia":[{"embeddable":true,"href":"https:\/\/hbbkimya.com\/index.php?rest_route=\/wp\/v2\/media\/1459"}],"wp:attachment":[{"href":"https:\/\/hbbkimya.com\/index.php?rest_route=%2Fwp%2Fv2%2Fmedia&parent=772"}],"wp:term":[{"taxonomy":"product_brand","embeddable":true,"href":"https:\/\/hbbkimya.com\/index.php?rest_route=%2Fwp%2Fv2%2Fproduct_brand&post=772"},{"taxonomy":"product_cat","embeddable":true,"href":"https:\/\/hbbkimya.com\/index.php?rest_route=%2Fwp%2Fv2%2Fproduct_cat&post=772"},{"taxonomy":"product_tag","embeddable":true,"href":"https:\/\/hbbkimya.com\/index.php?rest_route=%2Fwp%2Fv2%2Fproduct_tag&post=772"}],"curies":[{"name":"wp","href":"https:\/\/api.w.org\/{rel}","templated":true}]}}