{"id":770,"date":"2024-12-15T21:18:53","date_gmt":"2024-12-15T18:18:53","guid":{"rendered":"https:\/\/hbbkimya.com\/?post_type=product&#038;p=770"},"modified":"2025-08-23T22:14:31","modified_gmt":"2025-08-23T19:14:31","slug":"deiyonize-saf-su-extra-pure-5-lt","status":"publish","type":"product","link":"https:\/\/hbbkimya.com\/?product=deiyonize-saf-su-extra-pure-5-lt","title":{"rendered":"Deiyonize Saf Su Extra Pure 5 litre"},"content":{"rendered":"<p><a href=\"https:\/\/hbbkimya.com\/wp-content\/uploads\/2024\/12\/kimyasalhbbkimya-scaled.jpeg\"><img loading=\"lazy\" decoding=\"async\" class=\"alignnone size-medium wp-image-771\" src=\"https:\/\/hbbkimya.com\/wp-content\/uploads\/2024\/12\/kimyasalhbbkimya-222x300.jpeg\" alt=\"\" width=\"222\" height=\"300\" srcset=\"https:\/\/hbbkimya.com\/wp-content\/uploads\/2024\/12\/kimyasalhbbkimya-222x300.jpeg 222w, https:\/\/hbbkimya.com\/wp-content\/uploads\/2024\/12\/kimyasalhbbkimya-scaled-600x813.jpeg 600w, https:\/\/hbbkimya.com\/wp-content\/uploads\/2024\/12\/kimyasalhbbkimya-756x1024.jpeg 756w, https:\/\/hbbkimya.com\/wp-content\/uploads\/2024\/12\/kimyasalhbbkimya-768x1040.jpeg 768w, https:\/\/hbbkimya.com\/wp-content\/uploads\/2024\/12\/kimyasalhbbkimya-1134x1536.jpeg 1134w, https:\/\/hbbkimya.com\/wp-content\/uploads\/2024\/12\/kimyasalhbbkimya-1512x2048.jpeg 1512w, https:\/\/hbbkimya.com\/wp-content\/uploads\/2024\/12\/kimyasalhbbkimya-scaled.jpeg 1890w\" sizes=\"auto, (max-width: 222px) 100vw, 222px\" \/><\/a><\/p>\n","protected":false},"excerpt":{"rendered":"<ul>\n<li>Deiyonize Saf Su, analiz maksatl\u0131 kullan\u0131mlar i\u00e7in \u00fcretilmi\u015f olup, y\u00fcksek safl\u0131k standartlar\u0131na sahiptir.<\/li>\n<li>pH aral\u0131\u011f\u0131 5.85 &#8211; 7.20 aras\u0131<\/li>\n<li>iletkenlik de\u011feri 0-5 uS\/cm&#8217;dir.<\/li>\n<li>Toplam sertlik 0-1 aras\u0131<\/li>\n<li>klor\u00fcr i\u00e7eri\u011fi ise &lt;0.05 ppm seviyesindedir.<\/li>\n<li>Bu de\u011ferler, suyun y\u00fcksek kalitesini ve safl\u0131\u011f\u0131n\u0131 g\u00f6stermektedir.<\/li>\n<li>Laboratuvarda analiz ve te\u015fhis maksatl\u0131 kullan\u0131lmaktad\u0131r.<\/li>\n<\/ul>\n","protected":false},"featured_media":771,"comment_status":"open","ping_status":"closed","template":"","meta":{"neve_meta_sidebar":"","neve_meta_container":"","neve_meta_enable_content_width":"off","neve_meta_content_width":100,"neve_meta_title_alignment":"","neve_meta_author_avatar":"","neve_post_elements_order":"","neve_meta_disable_header":"","neve_meta_disable_footer":"","neve_meta_disable_title":"","_themeisle_gutenberg_block_has_review":false},"product_brand":[65],"product_cat":[45],"product_tag":[],"class_list":{"0":"post-770","1":"product","2":"type-product","3":"status-publish","4":"has-post-thumbnail","6":"product_brand-hbbchem","7":"product_cat-sivi-kimyasallar","9":"first","10":"instock","11":"sale","12":"taxable","13":"shipping-taxable","14":"purchasable","15":"product-type-simple"},"_links":{"self":[{"href":"https:\/\/hbbkimya.com\/index.php?rest_route=\/wp\/v2\/product\/770","targetHints":{"allow":["GET"]}}],"collection":[{"href":"https:\/\/hbbkimya.com\/index.php?rest_route=\/wp\/v2\/product"}],"about":[{"href":"https:\/\/hbbkimya.com\/index.php?rest_route=\/wp\/v2\/types\/product"}],"replies":[{"embeddable":true,"href":"https:\/\/hbbkimya.com\/index.php?rest_route=%2Fwp%2Fv2%2Fcomments&post=770"}],"wp:featuredmedia":[{"embeddable":true,"href":"https:\/\/hbbkimya.com\/index.php?rest_route=\/wp\/v2\/media\/771"}],"wp:attachment":[{"href":"https:\/\/hbbkimya.com\/index.php?rest_route=%2Fwp%2Fv2%2Fmedia&parent=770"}],"wp:term":[{"taxonomy":"product_brand","embeddable":true,"href":"https:\/\/hbbkimya.com\/index.php?rest_route=%2Fwp%2Fv2%2Fproduct_brand&post=770"},{"taxonomy":"product_cat","embeddable":true,"href":"https:\/\/hbbkimya.com\/index.php?rest_route=%2Fwp%2Fv2%2Fproduct_cat&post=770"},{"taxonomy":"product_tag","embeddable":true,"href":"https:\/\/hbbkimya.com\/index.php?rest_route=%2Fwp%2Fv2%2Fproduct_tag&post=770"}],"curies":[{"name":"wp","href":"https:\/\/api.w.org\/{rel}","templated":true}]}}