{"id":766,"date":"2024-12-15T20:40:41","date_gmt":"2024-12-15T17:40:41","guid":{"rendered":"https:\/\/hbbkimya.com\/?post_type=product&#038;p=766"},"modified":"2025-09-29T19:57:02","modified_gmt":"2025-09-29T16:57:02","slug":"lugol-cozeltisi-2-iyot-damlasi-100-ml","status":"publish","type":"product","link":"https:\/\/hbbkimya.com\/?product=lugol-cozeltisi-2-iyot-damlasi-100-ml","title":{"rendered":"Lugol \u00e7\u00f6zeltisi %2 \u0130yot Damlas\u0131 100 ml"},"content":{"rendered":"<p><a href=\"https:\/\/hbbkimya.com\/wp-content\/uploads\/2024\/11\/lugols-lugol-scaled.jpeg\"><img loading=\"lazy\" decoding=\"async\" class=\"alignnone size-medium wp-image-588\" src=\"https:\/\/hbbkimya.com\/wp-content\/uploads\/2024\/11\/lugols-lugol-225x300.jpeg\" alt=\"\" width=\"225\" height=\"300\" srcset=\"https:\/\/hbbkimya.com\/wp-content\/uploads\/2024\/11\/lugols-lugol-225x300.jpeg 225w, https:\/\/hbbkimya.com\/wp-content\/uploads\/2024\/11\/lugols-lugol-scaled-600x800.jpeg 600w, https:\/\/hbbkimya.com\/wp-content\/uploads\/2024\/11\/lugols-lugol-768x1024.jpeg 768w, https:\/\/hbbkimya.com\/wp-content\/uploads\/2024\/11\/lugols-lugol-1152x1536.jpeg 1152w, https:\/\/hbbkimya.com\/wp-content\/uploads\/2024\/11\/lugols-lugol-1536x2048.jpeg 1536w, https:\/\/hbbkimya.com\/wp-content\/uploads\/2024\/11\/lugols-lugol-scaled.jpeg 1920w\" sizes=\"auto, (max-width: 225px) 100vw, 225px\" \/><\/a><\/p>\n","protected":false},"excerpt":{"rendered":"<ul>\n<li>%2 lik formdad\u0131r, g\u0131da tipidir, 100 ml lik ambalajdad\u0131r.<\/li>\n<li>Lugol sol\u00fcsyonu, potasyum iyod\u00fcr ve iyot elementinin bir kar\u0131\u015f\u0131m\u0131d\u0131r.<\/li>\n<li>\u0130yot eksikli\u011finin tedavisi, guatr\u0131n \u00f6nlenmesi ve radyoaktif iyot maruziyetinin etkilerinin azalt\u0131lmas\u0131 gibi durumlarda kullan\u0131l\u0131r.<\/li>\n<li>Laboratuvarda analiz ve tahlil maksatl\u0131 kullan\u0131lmaktad\u0131r.<\/li>\n<\/ul>\n","protected":false},"featured_media":588,"comment_status":"open","ping_status":"closed","template":"","meta":{"neve_meta_sidebar":"","neve_meta_container":"","neve_meta_enable_content_width":"off","neve_meta_content_width":100,"neve_meta_title_alignment":"","neve_meta_author_avatar":"","neve_post_elements_order":"","neve_meta_disable_header":"","neve_meta_disable_footer":"","neve_meta_disable_title":"","_themeisle_gutenberg_block_has_review":false},"product_brand":[65],"product_cat":[46],"product_tag":[],"class_list":{"0":"post-766","1":"product","2":"type-product","3":"status-publish","4":"has-post-thumbnail","6":"product_brand-hbbchem","7":"product_cat-cozeltiler-solusyonlar","9":"first","10":"instock","11":"taxable","12":"shipping-taxable","13":"purchasable","14":"product-type-simple"},"_links":{"self":[{"href":"https:\/\/hbbkimya.com\/index.php?rest_route=\/wp\/v2\/product\/766","targetHints":{"allow":["GET"]}}],"collection":[{"href":"https:\/\/hbbkimya.com\/index.php?rest_route=\/wp\/v2\/product"}],"about":[{"href":"https:\/\/hbbkimya.com\/index.php?rest_route=\/wp\/v2\/types\/product"}],"replies":[{"embeddable":true,"href":"https:\/\/hbbkimya.com\/index.php?rest_route=%2Fwp%2Fv2%2Fcomments&post=766"}],"wp:featuredmedia":[{"embeddable":true,"href":"https:\/\/hbbkimya.com\/index.php?rest_route=\/wp\/v2\/media\/588"}],"wp:attachment":[{"href":"https:\/\/hbbkimya.com\/index.php?rest_route=%2Fwp%2Fv2%2Fmedia&parent=766"}],"wp:term":[{"taxonomy":"product_brand","embeddable":true,"href":"https:\/\/hbbkimya.com\/index.php?rest_route=%2Fwp%2Fv2%2Fproduct_brand&post=766"},{"taxonomy":"product_cat","embeddable":true,"href":"https:\/\/hbbkimya.com\/index.php?rest_route=%2Fwp%2Fv2%2Fproduct_cat&post=766"},{"taxonomy":"product_tag","embeddable":true,"href":"https:\/\/hbbkimya.com\/index.php?rest_route=%2Fwp%2Fv2%2Fproduct_tag&post=766"}],"curies":[{"name":"wp","href":"https:\/\/api.w.org\/{rel}","templated":true}]}}