{"id":590,"date":"2024-11-24T13:50:10","date_gmt":"2024-11-24T10:50:10","guid":{"rendered":"https:\/\/hbbkimya.com\/?post_type=product&#038;p=590"},"modified":"2025-08-23T22:27:44","modified_gmt":"2025-08-23T19:27:44","slug":"potasyum-hidroksit-chem-pure-1-kg","status":"publish","type":"product","link":"https:\/\/hbbkimya.com\/?product=potasyum-hidroksit-chem-pure-1-kg","title":{"rendered":"Potasyum Hidroksit Chem Pure 1 kg"},"content":{"rendered":"<p><a href=\"https:\/\/hbbkimya.com\/wp-content\/uploads\/2024\/11\/potasyum-hidroksit-kostik-scaled.jpeg\"><img loading=\"lazy\" decoding=\"async\" class=\"alignnone size-medium wp-image-591\" src=\"https:\/\/hbbkimya.com\/wp-content\/uploads\/2024\/11\/potasyum-hidroksit-kostik-225x300.jpeg\" alt=\"\" width=\"225\" height=\"300\" srcset=\"https:\/\/hbbkimya.com\/wp-content\/uploads\/2024\/11\/potasyum-hidroksit-kostik-225x300.jpeg 225w, https:\/\/hbbkimya.com\/wp-content\/uploads\/2024\/11\/potasyum-hidroksit-kostik-scaled-600x800.jpeg 600w, https:\/\/hbbkimya.com\/wp-content\/uploads\/2024\/11\/potasyum-hidroksit-kostik-768x1024.jpeg 768w, https:\/\/hbbkimya.com\/wp-content\/uploads\/2024\/11\/potasyum-hidroksit-kostik-1152x1536.jpeg 1152w, https:\/\/hbbkimya.com\/wp-content\/uploads\/2024\/11\/potasyum-hidroksit-kostik-1536x2048.jpeg 1536w, https:\/\/hbbkimya.com\/wp-content\/uploads\/2024\/11\/potasyum-hidroksit-kostik-scaled.jpeg 1920w\" sizes=\"auto, (max-width: 225px) 100vw, 225px\" \/><\/a><\/p>\n","protected":false},"excerpt":{"rendered":"<p>Yo\u011funluk:\u00a02,12\u00a0g\/cm\u00b3<\/p>\n<p>M:56.10 g\/mol<\/p>\n<p>End\u00fcstride\u00a0arap sabunu\u00a0\u00fcretiminde, pillerde elektrolit olarak ve g\u00fcbre yap\u0131m\u0131nda kullan\u0131l\u0131r.<\/p>\n<p>Potasyum hidroksit\u00a0tar\u0131mda\u00a0asidik\u00a0topraklar\u0131n\u00a0pH\u00a0derecesini dengelemek\u00a0alkalik\u00a0yapmak amac\u0131yla s\u0131k\u00e7a kullan\u0131l\u0131r. Ayr\u0131ca tar\u0131m ila\u00e7lar\u0131n\u0131n yap\u0131m\u0131nda da kullan\u0131l\u0131r.<\/p>\n<p>Bunun yan\u0131nda\u00a0t\u0131pta,\u00a0end\u00fcstriyel kimyada\u00a0da kullan\u0131l\u0131r.<\/p>\n<p>Potasyum hidroksit end\u00fcstriyel kimyada geni\u015f kullan\u0131m alanlar\u0131na sahiptir. Geri d\u00f6n\u00fc\u015f\u00fcml\u00fc\u00a0k\u00e2\u011f\u0131tlar\u0131n\u00a0yap\u0131m\u0131nda,\u00a0s\u0131v\u0131 sabun\u00a0yap\u0131m\u0131nda ve bir\u00e7ok temizlik \u00fcr\u00fcn\u00fcn\u00fcn \u00fcretiminde potasyum hidroksitten yararlan\u0131l\u0131r.<\/p>\n<p>Ayr\u0131ca\u00a0veteriner\u00a0hekimli\u011finde baz\u0131 hayvan ila\u00e7lar\u0131n\u0131n yap\u0131m\u0131nda kullan\u0131lmaktad\u0131r. Potasyum hidroksit CO2\u00a0tutucudur, bu y\u00fczden bile\u015fikten bitkisel deneylerde yararlan\u0131lmaktad\u0131r.<\/p>\n","protected":false},"featured_media":591,"comment_status":"open","ping_status":"closed","template":"","meta":{"neve_meta_sidebar":"","neve_meta_container":"","neve_meta_enable_content_width":"off","neve_meta_content_width":100,"neve_meta_title_alignment":"","neve_meta_author_avatar":"","neve_post_elements_order":"","neve_meta_disable_header":"","neve_meta_disable_footer":"","neve_meta_disable_title":"","_themeisle_gutenberg_block_has_review":false},"product_brand":[65],"product_cat":[36,44],"product_tag":[],"class_list":{"0":"post-590","1":"product","2":"type-product","3":"status-publish","4":"has-post-thumbnail","6":"product_brand-hbbchem","7":"product_cat-kimyasallar","8":"product_cat-toz-kati","10":"first","11":"instock","12":"taxable","13":"shipping-taxable","14":"purchasable","15":"product-type-simple"},"_links":{"self":[{"href":"https:\/\/hbbkimya.com\/index.php?rest_route=\/wp\/v2\/product\/590","targetHints":{"allow":["GET"]}}],"collection":[{"href":"https:\/\/hbbkimya.com\/index.php?rest_route=\/wp\/v2\/product"}],"about":[{"href":"https:\/\/hbbkimya.com\/index.php?rest_route=\/wp\/v2\/types\/product"}],"replies":[{"embeddable":true,"href":"https:\/\/hbbkimya.com\/index.php?rest_route=%2Fwp%2Fv2%2Fcomments&post=590"}],"wp:featuredmedia":[{"embeddable":true,"href":"https:\/\/hbbkimya.com\/index.php?rest_route=\/wp\/v2\/media\/591"}],"wp:attachment":[{"href":"https:\/\/hbbkimya.com\/index.php?rest_route=%2Fwp%2Fv2%2Fmedia&parent=590"}],"wp:term":[{"taxonomy":"product_brand","embeddable":true,"href":"https:\/\/hbbkimya.com\/index.php?rest_route=%2Fwp%2Fv2%2Fproduct_brand&post=590"},{"taxonomy":"product_cat","embeddable":true,"href":"https:\/\/hbbkimya.com\/index.php?rest_route=%2Fwp%2Fv2%2Fproduct_cat&post=590"},{"taxonomy":"product_tag","embeddable":true,"href":"https:\/\/hbbkimya.com\/index.php?rest_route=%2Fwp%2Fv2%2Fproduct_tag&post=590"}],"curies":[{"name":"wp","href":"https:\/\/api.w.org\/{rel}","templated":true}]}}