{"id":531,"date":"2024-11-09T17:46:13","date_gmt":"2024-11-09T14:46:13","guid":{"rendered":"https:\/\/hbbkimya.com\/?post_type=product&#038;p=531"},"modified":"2026-04-12T20:13:16","modified_gmt":"2026-04-12T17:13:16","slug":"puar-3-yollu","status":"publish","type":"product","link":"https:\/\/hbbkimya.com\/?product=puar-3-yollu","title":{"rendered":"Puar 3 Yollu Pipet Pompas\u0131"},"content":{"rendered":"<p><img loading=\"lazy\" decoding=\"async\" class=\"alignnone size-medium wp-image-532\" src=\"https:\/\/hbbkimya.com\/wp-content\/uploads\/2024\/11\/puar-3-yollu-300x200.jpeg\" alt=\"\" width=\"300\" height=\"200\" srcset=\"https:\/\/hbbkimya.com\/wp-content\/uploads\/2024\/11\/puar-3-yollu-300x200.jpeg 300w, https:\/\/hbbkimya.com\/wp-content\/uploads\/2024\/11\/puar-3-yollu-600x400.jpeg 600w, https:\/\/hbbkimya.com\/wp-content\/uploads\/2024\/11\/puar-3-yollu-1024x682.jpeg 1024w, https:\/\/hbbkimya.com\/wp-content\/uploads\/2024\/11\/puar-3-yollu-768x512.jpeg 768w, https:\/\/hbbkimya.com\/wp-content\/uploads\/2024\/11\/puar-3-yollu-1536x1023.jpeg 1536w, https:\/\/hbbkimya.com\/wp-content\/uploads\/2024\/11\/puar-3-yollu-930x620.jpeg 930w, https:\/\/hbbkimya.com\/wp-content\/uploads\/2024\/11\/puar-3-yollu.jpeg 1600w\" sizes=\"auto, (max-width: 300px) 100vw, 300px\" \/><\/p>\n","protected":false},"excerpt":{"rendered":"<p data-start=\"28\" data-end=\"215\">Laboratuvar ortam\u0131nda t\u00fcm pipetleme i\u015flemleri i\u00e7in kullan\u0131lan, kau\u00e7uk balonlu ve 3 yollu vana sistemine sahip pratik pipet doldurma aparat\u0131d\u0131r. G\u00fcvenli ve kontroll\u00fc s\u0131v\u0131 transferi sa\u011flar.<\/p>\n<h3 data-start=\"217\" data-end=\"236\"><strong data-start=\"221\" data-end=\"236\">\u00d6zellikler:<\/strong><\/h3>\n<ul data-start=\"238\" data-end=\"373\">\n<li data-start=\"238\" data-end=\"259\">\n<p data-start=\"240\" data-end=\"259\"><strong data-start=\"240\" data-end=\"250\">Hacim:<\/strong> 100 ml<\/p>\n<\/li>\n<li data-start=\"260\" data-end=\"301\">\n<p data-start=\"262\" data-end=\"301\"><strong data-start=\"262\" data-end=\"270\">Tip:<\/strong> 3 yollu (A\u2013S\u2013E valf sistemi)<\/p>\n<\/li>\n<li data-start=\"302\" data-end=\"341\">\n<p data-start=\"304\" data-end=\"341\"><strong data-start=\"304\" data-end=\"316\">Malzeme:<\/strong> Dayan\u0131kl\u0131 kau\u00e7uk balon<\/p>\n<\/li>\n<li data-start=\"342\" data-end=\"373\">\n<p data-start=\"344\" data-end=\"373\">Manuel pipetlerle uyumludur<\/p>\n<\/li>\n<\/ul>\n<h3 data-start=\"375\" data-end=\"395\"><strong data-start=\"379\" data-end=\"395\">Avantajlar\u0131:<\/strong><\/h3>\n<ul data-start=\"397\" data-end=\"606\">\n<li data-start=\"397\" data-end=\"460\">\n<p data-start=\"399\" data-end=\"460\">Parmak bas\u0131nc\u0131 ile kontrol edilebilen otomatik vana sistemi<\/p>\n<\/li>\n<li data-start=\"461\" data-end=\"513\">\n<p data-start=\"463\" data-end=\"513\">S\u0131v\u0131n\u0131n g\u00fcvenli \u015fekilde emilmesi ve bo\u015falt\u0131lmas\u0131<\/p>\n<\/li>\n<li data-start=\"514\" data-end=\"550\">\n<p data-start=\"516\" data-end=\"550\">Kolay kullan\u0131m ve hassas kontrol<\/p>\n<\/li>\n<li data-start=\"551\" data-end=\"606\">\n<p data-start=\"553\" data-end=\"606\">Laboratuvar \u00e7al\u0131\u015fmalar\u0131nda g\u00fcvenli pipetleme imkan\u0131<\/p>\n<\/li>\n<\/ul>\n<p data-start=\"608\" data-end=\"689\" data-is-last-node=\"\" data-is-only-node=\"\">Rutin analiz, e\u011fitim ve ara\u015ft\u0131rma laboratuvarlar\u0131nda yayg\u0131n olarak tercih edilir.<\/p>\n","protected":false},"featured_media":532,"comment_status":"open","ping_status":"closed","template":"","meta":{"neve_meta_sidebar":"","neve_meta_container":"","neve_meta_enable_content_width":"off","neve_meta_content_width":100,"neve_meta_title_alignment":"","neve_meta_author_avatar":"","neve_post_elements_order":"","neve_meta_disable_header":"","neve_meta_disable_footer":"","neve_meta_disable_title":"","_themeisle_gutenberg_block_has_review":false},"product_brand":[],"product_cat":[38],"product_tag":[58],"class_list":{"0":"post-531","1":"product","2":"type-product","3":"status-publish","4":"has-post-thumbnail","6":"product_cat-sarf-plastik","7":"product_tag-sarf","9":"first","10":"instock","11":"sale","12":"taxable","13":"shipping-taxable","14":"purchasable","15":"product-type-simple"},"_links":{"self":[{"href":"https:\/\/hbbkimya.com\/index.php?rest_route=\/wp\/v2\/product\/531","targetHints":{"allow":["GET"]}}],"collection":[{"href":"https:\/\/hbbkimya.com\/index.php?rest_route=\/wp\/v2\/product"}],"about":[{"href":"https:\/\/hbbkimya.com\/index.php?rest_route=\/wp\/v2\/types\/product"}],"replies":[{"embeddable":true,"href":"https:\/\/hbbkimya.com\/index.php?rest_route=%2Fwp%2Fv2%2Fcomments&post=531"}],"wp:featuredmedia":[{"embeddable":true,"href":"https:\/\/hbbkimya.com\/index.php?rest_route=\/wp\/v2\/media\/532"}],"wp:attachment":[{"href":"https:\/\/hbbkimya.com\/index.php?rest_route=%2Fwp%2Fv2%2Fmedia&parent=531"}],"wp:term":[{"taxonomy":"product_brand","embeddable":true,"href":"https:\/\/hbbkimya.com\/index.php?rest_route=%2Fwp%2Fv2%2Fproduct_brand&post=531"},{"taxonomy":"product_cat","embeddable":true,"href":"https:\/\/hbbkimya.com\/index.php?rest_route=%2Fwp%2Fv2%2Fproduct_cat&post=531"},{"taxonomy":"product_tag","embeddable":true,"href":"https:\/\/hbbkimya.com\/index.php?rest_route=%2Fwp%2Fv2%2Fproduct_tag&post=531"}],"curies":[{"name":"wp","href":"https:\/\/api.w.org\/{rel}","templated":true}]}}