{"id":2206,"date":"2026-04-20T13:24:04","date_gmt":"2026-04-20T10:24:04","guid":{"rendered":"https:\/\/hbbkimya.com\/?post_type=product&#038;p=2206"},"modified":"2026-04-20T13:32:46","modified_gmt":"2026-04-20T10:32:46","slug":"alkalen-fosfataz-test-kagidi-sut-icin","status":"publish","type":"product","link":"https:\/\/hbbkimya.com\/?product=alkalen-fosfataz-test-kagidi-sut-icin","title":{"rendered":"Alkalen Fosfataz Test Ka\u011f\u0131d\u0131 &#8211; S\u00fct i\u00e7in"},"content":{"rendered":"<p><a href=\"https:\/\/hbbkimya.com\/wp-content\/uploads\/2026\/04\/alkalen-fosfataz-test-kagidi-sut-analiz-test-alkline-phosphatase.jpg\"><img loading=\"lazy\" decoding=\"async\" class=\"alignnone size-medium wp-image-2208\" src=\"https:\/\/hbbkimya.com\/wp-content\/uploads\/2026\/04\/alkalen-fosfataz-test-kagidi-sut-analiz-test-alkline-phosphatase-300x258.jpg\" alt=\"\" width=\"300\" height=\"258\" srcset=\"https:\/\/hbbkimya.com\/wp-content\/uploads\/2026\/04\/alkalen-fosfataz-test-kagidi-sut-analiz-test-alkline-phosphatase-300x258.jpg 300w, https:\/\/hbbkimya.com\/wp-content\/uploads\/2026\/04\/alkalen-fosfataz-test-kagidi-sut-analiz-test-alkline-phosphatase-768x662.jpg 768w, https:\/\/hbbkimya.com\/wp-content\/uploads\/2026\/04\/alkalen-fosfataz-test-kagidi-sut-analiz-test-alkline-phosphatase-600x517.jpg 600w, https:\/\/hbbkimya.com\/wp-content\/uploads\/2026\/04\/alkalen-fosfataz-test-kagidi-sut-analiz-test-alkline-phosphatase.jpg 1004w\" sizes=\"auto, (max-width: 300px) 100vw, 300px\" \/><\/a><\/p>\n","protected":false},"excerpt":{"rendered":"<p data-start=\"95\" data-end=\"148\"><strong data-start=\"95\" data-end=\"148\">Chembio Alkalen Fosfataz Test Ka\u011f\u0131d\u0131 (50 Testlik)<\/strong><\/p>\n<p data-start=\"150\" data-end=\"442\">Chembio Alkalen Fosfataz Test Ka\u011f\u0131d\u0131, s\u00fct ve s\u00fct \u00fcr\u00fcnlerinde past\u00f6rizasyon etkinli\u011finin h\u0131zl\u0131 ve pratik \u015fekilde kontrol edilmesi amac\u0131yla geli\u015ftirilmi\u015ftir. Alkalen fosfataz enziminin varl\u0131\u011f\u0131n\u0131 tespit ederek \u00fcr\u00fcn\u00fcn yeterli \u0131s\u0131l i\u015flem g\u00f6r\u00fcp g\u00f6rmedi\u011fini g\u00fcvenilir \u015fekilde analiz etmenizi sa\u011flar.<\/p>\n<p data-start=\"444\" data-end=\"621\">Kullan\u0131m\u0131 son derece kolay olan bu test ka\u011f\u0131tlar\u0131, k\u0131sa s\u00fcrede sonu\u00e7 vererek \u00f6zellikle g\u0131da \u00fcretim tesisleri, laboratuvarlar ve kalite kontrol s\u00fcre\u00e7leri i\u00e7in ideal bir \u00e7\u00f6z\u00fcmd\u00fcr.<\/p>\n<p data-start=\"623\" data-end=\"644\"><strong data-start=\"623\" data-end=\"644\">\u00dcr\u00fcn \u00d6zellikleri:<\/strong><\/p>\n<ul data-start=\"645\" data-end=\"851\">\n<li data-section-id=\"1uu8yu4\" data-start=\"645\" data-end=\"675\">50 adet test ka\u011f\u0131d\u0131 i\u00e7erir (var\/yok)<\/li>\n<li data-section-id=\"buoc65\" data-start=\"676\" data-end=\"704\">H\u0131zl\u0131 ve g\u00fcvenilir sonu\u00e7<\/li>\n<li data-section-id=\"zyef4o\" data-start=\"705\" data-end=\"752\">Kolay kullan\u0131m (ekstra ekipman gerektirmez)<\/li>\n<li data-section-id=\"1yq57nc\" data-start=\"753\" data-end=\"816\">S\u00fct ve s\u00fct \u00fcr\u00fcnlerinde past\u00f6rizasyon kontrol\u00fc i\u00e7in uygundur<\/li>\n<li data-section-id=\"obkmk6\" data-start=\"817\" data-end=\"851\">Hijyenik ve tek kullan\u0131ml\u0131kt\u0131r<\/li>\n<\/ul>\n","protected":false},"featured_media":2208,"comment_status":"open","ping_status":"closed","template":"","meta":{"neve_meta_sidebar":"","neve_meta_container":"","neve_meta_enable_content_width":"off","neve_meta_content_width":100,"neve_meta_title_alignment":"","neve_meta_author_avatar":"","neve_post_elements_order":"","neve_meta_disable_header":"","neve_meta_disable_footer":"","neve_meta_disable_title":"","_themeisle_gutenberg_block_has_review":false},"product_brand":[69],"product_cat":[40],"product_tag":[],"class_list":{"0":"post-2206","1":"product","2":"type-product","3":"status-publish","4":"has-post-thumbnail","6":"product_brand-chembio","7":"product_cat-test-kitleri-stripleri","9":"first","10":"instock","11":"taxable","12":"shipping-taxable","13":"purchasable","14":"product-type-simple"},"_links":{"self":[{"href":"https:\/\/hbbkimya.com\/index.php?rest_route=\/wp\/v2\/product\/2206","targetHints":{"allow":["GET"]}}],"collection":[{"href":"https:\/\/hbbkimya.com\/index.php?rest_route=\/wp\/v2\/product"}],"about":[{"href":"https:\/\/hbbkimya.com\/index.php?rest_route=\/wp\/v2\/types\/product"}],"replies":[{"embeddable":true,"href":"https:\/\/hbbkimya.com\/index.php?rest_route=%2Fwp%2Fv2%2Fcomments&post=2206"}],"wp:featuredmedia":[{"embeddable":true,"href":"https:\/\/hbbkimya.com\/index.php?rest_route=\/wp\/v2\/media\/2208"}],"wp:attachment":[{"href":"https:\/\/hbbkimya.com\/index.php?rest_route=%2Fwp%2Fv2%2Fmedia&parent=2206"}],"wp:term":[{"taxonomy":"product_brand","embeddable":true,"href":"https:\/\/hbbkimya.com\/index.php?rest_route=%2Fwp%2Fv2%2Fproduct_brand&post=2206"},{"taxonomy":"product_cat","embeddable":true,"href":"https:\/\/hbbkimya.com\/index.php?rest_route=%2Fwp%2Fv2%2Fproduct_cat&post=2206"},{"taxonomy":"product_tag","embeddable":true,"href":"https:\/\/hbbkimya.com\/index.php?rest_route=%2Fwp%2Fv2%2Fproduct_tag&post=2206"}],"curies":[{"name":"wp","href":"https:\/\/api.w.org\/{rel}","templated":true}]}}