{"id":2204,"date":"2026-04-12T21:51:36","date_gmt":"2026-04-12T18:51:36","guid":{"rendered":"https:\/\/hbbkimya.com\/?post_type=product&#038;p=2204"},"modified":"2026-04-12T21:51:36","modified_gmt":"2026-04-12T18:51:36","slug":"amber-cam-sise-1000-ml-kahverengi-ecza-sisesi","status":"publish","type":"product","link":"https:\/\/hbbkimya.com\/?product=amber-cam-sise-1000-ml-kahverengi-ecza-sisesi","title":{"rendered":"Amber Cam \u015ei\u015fe 1000 ml &#8211; Kahverengi Ecza \u015ei\u015fesi"},"content":{"rendered":"<p><a href=\"https:\/\/hbbkimya.com\/wp-content\/uploads\/2026\/04\/amber-cam-sise-kahverengi-ecza-sisesi-1000ml.png\"><img loading=\"lazy\" decoding=\"async\" class=\"alignnone size-medium wp-image-2205\" src=\"https:\/\/hbbkimya.com\/wp-content\/uploads\/2026\/04\/amber-cam-sise-kahverengi-ecza-sisesi-1000ml-300x300.png\" alt=\"\" width=\"300\" height=\"300\" srcset=\"https:\/\/hbbkimya.com\/wp-content\/uploads\/2026\/04\/amber-cam-sise-kahverengi-ecza-sisesi-1000ml-300x300.png 300w, https:\/\/hbbkimya.com\/wp-content\/uploads\/2026\/04\/amber-cam-sise-kahverengi-ecza-sisesi-1000ml-150x150.png 150w, https:\/\/hbbkimya.com\/wp-content\/uploads\/2026\/04\/amber-cam-sise-kahverengi-ecza-sisesi-1000ml-768x768.png 768w, https:\/\/hbbkimya.com\/wp-content\/uploads\/2026\/04\/amber-cam-sise-kahverengi-ecza-sisesi-1000ml-600x600.png 600w, https:\/\/hbbkimya.com\/wp-content\/uploads\/2026\/04\/amber-cam-sise-kahverengi-ecza-sisesi-1000ml-100x100.png 100w, https:\/\/hbbkimya.com\/wp-content\/uploads\/2026\/04\/amber-cam-sise-kahverengi-ecza-sisesi-1000ml.png 1024w\" sizes=\"auto, (max-width: 300px) 100vw, 300px\" \/><\/a><\/p>\n","protected":false},"excerpt":{"rendered":"<ul data-start=\"119\" data-end=\"846\">\n<li data-section-id=\"52vcf4\" data-start=\"119\" data-end=\"217\">Paket i\u00e7eri\u011fi; 1 adet 1000 ml amber cam \u015fi\u015fe<\/li>\n<li data-section-id=\"52vcf4\" data-start=\"119\" data-end=\"217\">N\u00f6tr camdan \u00fcretilmi\u015f olup kal\u0131n duvar yap\u0131s\u0131 sayesinde darbelere kar\u015f\u0131 y\u00fcksek dayan\u0131m sa\u011flar.<\/li>\n<li data-section-id=\"1s0iaen\" data-start=\"218\" data-end=\"344\">G\u00fc\u00e7lendirilmi\u015f a\u011f\u0131z kenarlar\u0131 ve sa\u011flam g\u00f6vdesi, ta\u015f\u0131ma ve y\u0131kama s\u0131ras\u0131nda olu\u015fabilecek k\u0131r\u0131lma riskini minimuma indirir.<\/li>\n<li data-section-id=\"diqxzy\" data-start=\"345\" data-end=\"441\">\u00d6zel tasar\u0131ml\u0131\u00a0<strong data-start=\"362\" data-end=\"384\">polipropilen kapak<\/strong>, ergonomik yap\u0131s\u0131 ile kolay ve g\u00fcvenli kullan\u0131m sunar.<\/li>\n<li data-section-id=\"1lc6chb\" data-start=\"442\" data-end=\"554\">Kapak i\u00e7erisinde yer alan\u00a0<strong data-start=\"470\" data-end=\"490\">polietilen conta<\/strong>, hava ve s\u0131v\u0131 s\u0131zd\u0131rmazl\u0131\u011f\u0131 sa\u011flayarak maksimum koruma sunar.<\/li>\n<li data-section-id=\"t5ro1q\" data-start=\"555\" data-end=\"659\"><strong data-start=\"557\" data-end=\"577\">Amber cam yap\u0131s\u0131<\/strong>, \u0131\u015f\u0131\u011fa duyarl\u0131 kimyasallar\u0131n ve numunelerin g\u00fcvenle saklanmas\u0131na yard\u0131mc\u0131 olur.<\/li>\n<li data-section-id=\"diix4b\" data-start=\"660\" data-end=\"752\">Cam y\u00fczeyi etiketlemeye uygun olup, laboratuvar d\u00fczeni a\u00e7\u0131s\u0131ndan pratik kullan\u0131m sa\u011flar.<\/li>\n<li data-section-id=\"1d0p770\" data-start=\"753\" data-end=\"846\">Kat\u0131, s\u0131v\u0131, toz ve ila\u00e7 formundaki numunelerin\u00a0<strong data-start=\"802\" data-end=\"829\">saklanmas\u0131 ve ta\u015f\u0131nmas\u0131<\/strong>\u00a0i\u00e7in idealdir.<\/li>\n<\/ul>\n","protected":false},"featured_media":2205,"comment_status":"open","ping_status":"closed","template":"","meta":{"neve_meta_sidebar":"","neve_meta_container":"","neve_meta_enable_content_width":"off","neve_meta_content_width":100,"neve_meta_title_alignment":"","neve_meta_author_avatar":"","neve_post_elements_order":"","neve_meta_disable_header":"","neve_meta_disable_footer":"","neve_meta_disable_title":"","_themeisle_gutenberg_block_has_review":false},"product_brand":[],"product_cat":[37],"product_tag":[],"class_list":{"0":"post-2204","1":"product","2":"type-product","3":"status-publish","4":"has-post-thumbnail","6":"product_cat-cam","8":"first","9":"instock","10":"taxable","11":"shipping-taxable","12":"purchasable","13":"product-type-simple"},"_links":{"self":[{"href":"https:\/\/hbbkimya.com\/index.php?rest_route=\/wp\/v2\/product\/2204","targetHints":{"allow":["GET"]}}],"collection":[{"href":"https:\/\/hbbkimya.com\/index.php?rest_route=\/wp\/v2\/product"}],"about":[{"href":"https:\/\/hbbkimya.com\/index.php?rest_route=\/wp\/v2\/types\/product"}],"replies":[{"embeddable":true,"href":"https:\/\/hbbkimya.com\/index.php?rest_route=%2Fwp%2Fv2%2Fcomments&post=2204"}],"wp:featuredmedia":[{"embeddable":true,"href":"https:\/\/hbbkimya.com\/index.php?rest_route=\/wp\/v2\/media\/2205"}],"wp:attachment":[{"href":"https:\/\/hbbkimya.com\/index.php?rest_route=%2Fwp%2Fv2%2Fmedia&parent=2204"}],"wp:term":[{"taxonomy":"product_brand","embeddable":true,"href":"https:\/\/hbbkimya.com\/index.php?rest_route=%2Fwp%2Fv2%2Fproduct_brand&post=2204"},{"taxonomy":"product_cat","embeddable":true,"href":"https:\/\/hbbkimya.com\/index.php?rest_route=%2Fwp%2Fv2%2Fproduct_cat&post=2204"},{"taxonomy":"product_tag","embeddable":true,"href":"https:\/\/hbbkimya.com\/index.php?rest_route=%2Fwp%2Fv2%2Fproduct_tag&post=2204"}],"curies":[{"name":"wp","href":"https:\/\/api.w.org\/{rel}","templated":true}]}}