{"id":2194,"date":"2026-04-12T21:27:18","date_gmt":"2026-04-12T18:27:18","guid":{"rendered":"https:\/\/hbbkimya.com\/?post_type=product&#038;p=2194"},"modified":"2026-04-12T21:27:41","modified_gmt":"2026-04-12T18:27:41","slug":"nuce-erleni-cam-su-baglantili-500-ml","status":"publish","type":"product","link":"https:\/\/hbbkimya.com\/?product=nuce-erleni-cam-su-baglantili-500-ml","title":{"rendered":"Nu\u00e7e Erleni Cam Su Ba\u011flant\u0131l\u0131 &#8211; 500 ml"},"content":{"rendered":"<p><a href=\"https:\/\/hbbkimya.com\/wp-content\/uploads\/2026\/04\/Nuce-Erleni-Cam-Su-Baglantili-500ml.webp\"><img loading=\"lazy\" decoding=\"async\" class=\"alignnone size-medium wp-image-2197\" src=\"https:\/\/hbbkimya.com\/wp-content\/uploads\/2026\/04\/Nuce-Erleni-Cam-Su-Baglantili-500ml-300x300.webp\" alt=\"\" width=\"300\" height=\"300\" srcset=\"https:\/\/hbbkimya.com\/wp-content\/uploads\/2026\/04\/Nuce-Erleni-Cam-Su-Baglantili-500ml-300x300.webp 300w, https:\/\/hbbkimya.com\/wp-content\/uploads\/2026\/04\/Nuce-Erleni-Cam-Su-Baglantili-500ml-150x150.webp 150w, https:\/\/hbbkimya.com\/wp-content\/uploads\/2026\/04\/Nuce-Erleni-Cam-Su-Baglantili-500ml-768x768.webp 768w, https:\/\/hbbkimya.com\/wp-content\/uploads\/2026\/04\/Nuce-Erleni-Cam-Su-Baglantili-500ml-600x600.webp 600w, https:\/\/hbbkimya.com\/wp-content\/uploads\/2026\/04\/Nuce-Erleni-Cam-Su-Baglantili-500ml-100x100.webp 100w, https:\/\/hbbkimya.com\/wp-content\/uploads\/2026\/04\/Nuce-Erleni-Cam-Su-Baglantili-500ml.webp 900w\" sizes=\"auto, (max-width: 300px) 100vw, 300px\" \/><\/a><\/p>\n","protected":false},"excerpt":{"rendered":"<p data-start=\"255\" data-end=\"673\">Y\u00fcksek kaliteli\u00a0borosilikat 3.3 cam\u00a0malzemeden \u00fcretilmi\u015ftir. Yan kol ba\u011flant\u0131s\u0131 tamamen camdan olup, vakum yard\u0131m\u0131yla s\u00fcz\u00fclmesi zor s\u0131v\u0131lar\u0131n filtrasyonu i\u00e7in tasarlanm\u0131\u015ft\u0131r. Dayan\u0131kl\u0131 yap\u0131s\u0131 sayesinde kimyasal maddelere ve \u0131s\u0131l i\u015flemlere kar\u015f\u0131 diren\u00e7 g\u00f6sterir.<\/p>\n<p data-start=\"675\" data-end=\"825\"><strong data-start=\"675\" data-end=\"697\">Kullan\u0131m Alanlar\u0131:<\/strong><br data-start=\"697\" data-end=\"700\" \/>Vakum destekli filtrasyon i\u015flemleri, s\u00fcz\u00fclmesi zor s\u0131v\u0131lar\u0131n ayr\u0131\u015ft\u0131r\u0131lmas\u0131, kimya ve biyoloji laboratuvarlar\u0131nda kullan\u0131l\u0131r.<\/p>\n<h4 data-start=\"827\" data-end=\"851\"><strong data-start=\"827\" data-end=\"849\">Teknik \u00d6zellikler:<\/strong><\/h4>\n<ul data-start=\"852\" data-end=\"975\">\n<li data-start=\"852\" data-end=\"884\">\n<p data-start=\"854\" data-end=\"884\">Malzeme: Borosilikat 3.3 Cam<\/p>\n<\/li>\n<li data-start=\"885\" data-end=\"903\">\n<p data-start=\"887\" data-end=\"903\">Hacim: 500 ml<\/p>\n<\/li>\n<li data-start=\"904\" data-end=\"931\">\n<p data-start=\"906\" data-end=\"931\">Yan Kol: Cam ba\u011flant\u0131l\u0131<\/p>\n<\/li>\n<li data-start=\"932\" data-end=\"975\">\n<p data-start=\"934\" data-end=\"975\">Dayan\u0131kl\u0131l\u0131k: Kimyasal ve \u0131s\u0131l diren\u00e7li<\/p>\n<\/li>\n<\/ul>\n<p data-start=\"977\" data-end=\"995\"><strong data-start=\"977\" data-end=\"993\">Avantajlar\u0131:<\/strong><\/p>\n<ul data-start=\"996\" data-end=\"1154\">\n<li data-start=\"996\" data-end=\"1039\">\n<p data-start=\"998\" data-end=\"1039\">Vakumlu s\u00fczme i\u015flemlerinde y\u00fcksek verim<\/p>\n<\/li>\n<li data-start=\"1040\" data-end=\"1095\">\n<p data-start=\"1042\" data-end=\"1095\">Cam yan kol ba\u011flant\u0131s\u0131 ile g\u00fcvenli vakum ba\u011flant\u0131s\u0131<\/p>\n<\/li>\n<li data-start=\"1096\" data-end=\"1129\">\n<p data-start=\"1098\" data-end=\"1129\">Kimyasal ve \u0131s\u0131l dayan\u0131kl\u0131l\u0131k<\/p>\n<\/li>\n<li data-start=\"1130\" data-end=\"1154\">\n<p data-start=\"1132\" data-end=\"1154\">Uzun \u00f6m\u00fcrl\u00fc kullan\u0131m<\/p>\n<\/li>\n<\/ul>\n<p data-start=\"1156\" data-end=\"1343\"><strong data-start=\"1156\" data-end=\"1190\">G\u00fcvenlik Uyar\u0131lar\u0131 ve Saklama:<\/strong><br data-start=\"1190\" data-end=\"1193\" \/>Ani s\u0131cakl\u0131k de\u011fi\u015fimlerinden ka\u00e7\u0131n\u0131lmal\u0131d\u0131r. K\u0131r\u0131lmaya kar\u015f\u0131 dikkatli kullan\u0131lmal\u0131, darbelere kar\u015f\u0131 korunmal\u0131d\u0131r. Temiz ve kuru ortamda saklanmal\u0131d\u0131r.<\/p>\n<p data-start=\"1345\" data-end=\"1474\"><strong data-start=\"1345\" data-end=\"1366\">Kullan\u0131m Notlar\u0131:<\/strong><br data-start=\"1366\" data-end=\"1369\" \/>Vakum ba\u011flant\u0131s\u0131 do\u011fru ve s\u0131k\u0131 yap\u0131lmal\u0131, kullan\u0131m s\u0131ras\u0131nda ani bas\u0131n\u00e7 de\u011fi\u015fimlerine dikkat edilmelidir.<\/p>\n","protected":false},"featured_media":2197,"comment_status":"open","ping_status":"closed","template":"","meta":{"neve_meta_sidebar":"","neve_meta_container":"","neve_meta_enable_content_width":"off","neve_meta_content_width":100,"neve_meta_title_alignment":"","neve_meta_author_avatar":"","neve_post_elements_order":"","neve_meta_disable_header":"","neve_meta_disable_footer":"","neve_meta_disable_title":"","_themeisle_gutenberg_block_has_review":false},"product_brand":[],"product_cat":[37],"product_tag":[],"class_list":{"0":"post-2194","1":"product","2":"type-product","3":"status-publish","4":"has-post-thumbnail","6":"product_cat-cam","8":"first","9":"instock","10":"taxable","11":"shipping-taxable","12":"purchasable","13":"product-type-simple"},"_links":{"self":[{"href":"https:\/\/hbbkimya.com\/index.php?rest_route=\/wp\/v2\/product\/2194","targetHints":{"allow":["GET"]}}],"collection":[{"href":"https:\/\/hbbkimya.com\/index.php?rest_route=\/wp\/v2\/product"}],"about":[{"href":"https:\/\/hbbkimya.com\/index.php?rest_route=\/wp\/v2\/types\/product"}],"replies":[{"embeddable":true,"href":"https:\/\/hbbkimya.com\/index.php?rest_route=%2Fwp%2Fv2%2Fcomments&post=2194"}],"wp:featuredmedia":[{"embeddable":true,"href":"https:\/\/hbbkimya.com\/index.php?rest_route=\/wp\/v2\/media\/2197"}],"wp:attachment":[{"href":"https:\/\/hbbkimya.com\/index.php?rest_route=%2Fwp%2Fv2%2Fmedia&parent=2194"}],"wp:term":[{"taxonomy":"product_brand","embeddable":true,"href":"https:\/\/hbbkimya.com\/index.php?rest_route=%2Fwp%2Fv2%2Fproduct_brand&post=2194"},{"taxonomy":"product_cat","embeddable":true,"href":"https:\/\/hbbkimya.com\/index.php?rest_route=%2Fwp%2Fv2%2Fproduct_cat&post=2194"},{"taxonomy":"product_tag","embeddable":true,"href":"https:\/\/hbbkimya.com\/index.php?rest_route=%2Fwp%2Fv2%2Fproduct_tag&post=2194"}],"curies":[{"name":"wp","href":"https:\/\/api.w.org\/{rel}","templated":true}]}}