{"id":2183,"date":"2026-04-12T20:02:39","date_gmt":"2026-04-12T17:02:39","guid":{"rendered":"https:\/\/hbbkimya.com\/?post_type=product&#038;p=2183"},"modified":"2026-04-12T20:06:51","modified_gmt":"2026-04-12T17:06:51","slug":"veritech-protein-genel-alerjen-test-kiti","status":"publish","type":"product","link":"https:\/\/hbbkimya.com\/?product=veritech-protein-genel-alerjen-test-kiti","title":{"rendered":"Veritech Protein ( Genel Alerjen ) Kal\u0131nt\u0131 Test Kiti"},"content":{"rendered":"<p><a href=\"https:\/\/hbbkimya.com\/wp-content\/uploads\/2026\/04\/protein-kalinti-kiti-swap-test-alerjen-kit-yuzey.jpg\"><img loading=\"lazy\" decoding=\"async\" class=\"alignnone size-medium wp-image-2184\" src=\"https:\/\/hbbkimya.com\/wp-content\/uploads\/2026\/04\/protein-kalinti-kiti-swap-test-alerjen-kit-yuzey-300x109.jpg\" alt=\"\" width=\"300\" height=\"109\" srcset=\"https:\/\/hbbkimya.com\/wp-content\/uploads\/2026\/04\/protein-kalinti-kiti-swap-test-alerjen-kit-yuzey-300x109.jpg 300w, https:\/\/hbbkimya.com\/wp-content\/uploads\/2026\/04\/protein-kalinti-kiti-swap-test-alerjen-kit-yuzey-1024x371.jpg 1024w, https:\/\/hbbkimya.com\/wp-content\/uploads\/2026\/04\/protein-kalinti-kiti-swap-test-alerjen-kit-yuzey-768x278.jpg 768w, https:\/\/hbbkimya.com\/wp-content\/uploads\/2026\/04\/protein-kalinti-kiti-swap-test-alerjen-kit-yuzey-600x218.jpg 600w, https:\/\/hbbkimya.com\/wp-content\/uploads\/2026\/04\/protein-kalinti-kiti-swap-test-alerjen-kit-yuzey.jpg 1095w\" sizes=\"auto, (max-width: 300px) 100vw, 300px\" \/><\/a><\/p>\n","protected":false},"excerpt":{"rendered":"<p>Paket i\u00e7eri\u011fi : 30 test<\/p>\n<p>Cerrahi aletlerin d\u00fczg\u00fcn temizli\u011findeki ilk ad\u0131m t\u00fcm kan, v\u00fccut s\u0131v\u0131 ve dokusunun kullan\u0131m sonras\u0131 hemen \u00e7\u0131kar\u0131lmas\u0131d\u0131r. Temizlik yeterli seviyede yap\u0131lmaz ise dezenfeksiyon a\u015famas\u0131n\u0131n etkinli\u011fini d\u00fc\u015f\u00fcrerek \u00f6nceki hastalardan kalan v\u00fccut s\u0131v\u0131s\u0131 ve dokusu nedeniyle patojen ge\u00e7i\u015fine sebebiyet verir ve \u00e7ok say\u0131da insan\u0131n etkilenmesine neden olur. \u00dcr\u00fcn\u00fcm\u00fcz olmayan temizlik sonras\u0131 kalan protein kal\u0131nt\u0131lar\u0131n\u0131 tespit ederek cerrahi aletlerin temizli\u011fini kontrol etmek \u00fczere tasarlanm\u0131\u015ft\u0131r.<br \/>\nSistem y\u00fcksek absorpsiyonlu numune al\u0131c\u0131s\u0131 sayesinde ayn\u0131 etkinlikle farkl\u0131 y\u00fczeylerden numune al\u0131nmas\u0131na imkan tan\u0131r. Sistem, endoskop ve di\u011fer ula\u015f\u0131lmas\u0131 g\u00fc\u00e7 dahili kanallar\u0131 olan veya kan\u00fcll\u00fc tekrar kullan\u0131labilir aletlerin temizlik do\u011frulamas\u0131 ile uyumludur.<\/p>\n<p>Renk de\u011fi\u015fiminin g\u00f6rsel okumas\u0131 tespit edilebilir seviyede protein kal\u0131nt\u0131s\u0131na i\u015faret eder. \u00dcr\u00fcn\u00fcm\u00fcz y\u00fcksek hassasiyete sahip olup 1 \u03bcg protein miktar\u0131na kadar tespit yapabilmektedir.<\/p>\n<p><strong>\u00d6zellikler<\/strong><\/p>\n<p>Kal\u0131nt\u0131 Protein Testi i\u00e7in t\u00fcm gerekli ekipman\u0131 sa\u011flamaktad\u0131r.<\/p>\n<p><strong>Kullan\u0131m endikasyonlar\u0131<\/strong><\/p>\n<p>Di\u015fli kenarlar\u0131 olan, kutu ba\u011flant\u0131lar\u0131 ve endoskop kanallar\u0131 veya kan\u00fcll\u00fc aletler gibi kompleks aletlerin ula\u015f\u0131lmas\u0131 g\u00fc\u00e7 alanlar\u0131nda temizlik sonras\u0131 kullan\u0131n.<\/p>\n","protected":false},"featured_media":2184,"comment_status":"open","ping_status":"closed","template":"","meta":{"neve_meta_sidebar":"","neve_meta_container":"","neve_meta_enable_content_width":"off","neve_meta_content_width":100,"neve_meta_title_alignment":"","neve_meta_author_avatar":"","neve_post_elements_order":"","neve_meta_disable_header":"","neve_meta_disable_footer":"","neve_meta_disable_title":"","_themeisle_gutenberg_block_has_review":false},"product_brand":[],"product_cat":[42],"product_tag":[],"class_list":{"0":"post-2183","1":"product","2":"type-product","3":"status-publish","4":"has-post-thumbnail","6":"product_cat-mikrobiyolojik","8":"first","9":"instock","10":"taxable","11":"shipping-taxable","12":"purchasable","13":"product-type-simple"},"_links":{"self":[{"href":"https:\/\/hbbkimya.com\/index.php?rest_route=\/wp\/v2\/product\/2183","targetHints":{"allow":["GET"]}}],"collection":[{"href":"https:\/\/hbbkimya.com\/index.php?rest_route=\/wp\/v2\/product"}],"about":[{"href":"https:\/\/hbbkimya.com\/index.php?rest_route=\/wp\/v2\/types\/product"}],"replies":[{"embeddable":true,"href":"https:\/\/hbbkimya.com\/index.php?rest_route=%2Fwp%2Fv2%2Fcomments&post=2183"}],"wp:featuredmedia":[{"embeddable":true,"href":"https:\/\/hbbkimya.com\/index.php?rest_route=\/wp\/v2\/media\/2184"}],"wp:attachment":[{"href":"https:\/\/hbbkimya.com\/index.php?rest_route=%2Fwp%2Fv2%2Fmedia&parent=2183"}],"wp:term":[{"taxonomy":"product_brand","embeddable":true,"href":"https:\/\/hbbkimya.com\/index.php?rest_route=%2Fwp%2Fv2%2Fproduct_brand&post=2183"},{"taxonomy":"product_cat","embeddable":true,"href":"https:\/\/hbbkimya.com\/index.php?rest_route=%2Fwp%2Fv2%2Fproduct_cat&post=2183"},{"taxonomy":"product_tag","embeddable":true,"href":"https:\/\/hbbkimya.com\/index.php?rest_route=%2Fwp%2Fv2%2Fproduct_tag&post=2183"}],"curies":[{"name":"wp","href":"https:\/\/api.w.org\/{rel}","templated":true}]}}