{"id":2171,"date":"2026-04-12T18:38:50","date_gmt":"2026-04-12T15:38:50","guid":{"rendered":"https:\/\/hbbkimya.com\/?post_type=product&#038;p=2171"},"modified":"2026-04-12T18:38:50","modified_gmt":"2026-04-12T15:38:50","slug":"beher-cam-kisa-form-beherglas-3000-ml","status":"publish","type":"product","link":"https:\/\/hbbkimya.com\/?product=beher-cam-kisa-form-beherglas-3000-ml","title":{"rendered":"Beher Cam K\u0131sa Form (Beherglas) 3000 ml"},"content":{"rendered":"<p><a href=\"https:\/\/hbbkimya.com\/wp-content\/uploads\/2026\/04\/beher-cam-3000ml-borosilikat-beherglass-3-litre.jpg\"><img loading=\"lazy\" decoding=\"async\" class=\"alignnone size-medium wp-image-2172\" src=\"https:\/\/hbbkimya.com\/wp-content\/uploads\/2026\/04\/beher-cam-3000ml-borosilikat-beherglass-3-litre-300x300.jpg\" alt=\"\" width=\"300\" height=\"300\" srcset=\"https:\/\/hbbkimya.com\/wp-content\/uploads\/2026\/04\/beher-cam-3000ml-borosilikat-beherglass-3-litre-300x300.jpg 300w, https:\/\/hbbkimya.com\/wp-content\/uploads\/2026\/04\/beher-cam-3000ml-borosilikat-beherglass-3-litre-150x150.jpg 150w, https:\/\/hbbkimya.com\/wp-content\/uploads\/2026\/04\/beher-cam-3000ml-borosilikat-beherglass-3-litre-600x600.jpg 600w, https:\/\/hbbkimya.com\/wp-content\/uploads\/2026\/04\/beher-cam-3000ml-borosilikat-beherglass-3-litre-100x100.jpg 100w, https:\/\/hbbkimya.com\/wp-content\/uploads\/2026\/04\/beher-cam-3000ml-borosilikat-beherglass-3-litre.jpg 700w\" sizes=\"auto, (max-width: 300px) 100vw, 300px\" \/><\/a><\/p>\n","protected":false},"excerpt":{"rendered":"<p data-start=\"114\" data-end=\"391\">Laboratuvar kullan\u0131m\u0131 i\u00e7in \u00f6zel olarak \u00fcretilmi\u015f bu beher, y\u00fcksek kaliteli borosilikat cam yap\u0131s\u0131 sayesinde \u00fcst\u00fcn dayan\u0131kl\u0131l\u0131k ve g\u00fcvenilirlik sunar. D\u00fc\u015f\u00fck \u0131s\u0131l genle\u015fme katsay\u0131s\u0131 sayesinde ani s\u0131cakl\u0131k de\u011fi\u015fimlerine kar\u015f\u0131 y\u00fcksek diren\u00e7 g\u00f6sterir ve uzun \u00f6m\u00fcrl\u00fc kullan\u0131m sa\u011flar.<\/p>\n<p data-start=\"393\" data-end=\"414\"><strong data-start=\"393\" data-end=\"414\">\u00dcr\u00fcn \u00d6zellikleri:<\/strong><\/p>\n<ul data-start=\"415\" data-end=\"633\">\n<li data-section-id=\"1hr723u\" data-start=\"415\" data-end=\"432\">Hacim: 3000 mL<\/li>\n<li data-section-id=\"g1ml23\" data-start=\"433\" data-end=\"461\">Malzeme: Borosilikat cam<\/li>\n<li data-section-id=\"p9izdv\" data-start=\"462\" data-end=\"502\">Is\u0131 dayan\u0131m\u0131: -20\u00b0C ile +550\u00b0C aras\u0131<\/li>\n<li data-section-id=\"8aklod\" data-start=\"503\" data-end=\"532\">Y\u00fcksek termal \u015fok direnci<\/li>\n<li data-section-id=\"3kn0f6\" data-start=\"533\" data-end=\"574\">Kimyasallara kar\u015f\u0131 \u00fcst\u00fcn dayan\u0131kl\u0131l\u0131k<\/li>\n<li data-section-id=\"1dfzqe5\" data-start=\"575\" data-end=\"633\">Laboratuvar, e\u011fitim ve end\u00fcstriyel kullan\u0131m i\u00e7in ideal<\/li>\n<\/ul>\n<p data-start=\"635\" data-end=\"653\"><strong data-start=\"635\" data-end=\"653\">Paket \u0130\u00e7eri\u011fi:<\/strong><\/p>\n<ul data-start=\"654\" data-end=\"677\">\n<li data-section-id=\"1dfoloj\" data-start=\"654\" data-end=\"677\">1 adet 3000 mL beher<\/li>\n<\/ul>\n<p data-start=\"679\" data-end=\"762\">Profesyonel laboratuvar ihtiya\u00e7lar\u0131n\u0131z i\u00e7in g\u00fcvenilir ve dayan\u0131kl\u0131 bir \u00e7\u00f6z\u00fcm sunar.<\/p>\n","protected":false},"featured_media":2172,"comment_status":"open","ping_status":"closed","template":"","meta":{"neve_meta_sidebar":"","neve_meta_container":"","neve_meta_enable_content_width":"off","neve_meta_content_width":100,"neve_meta_title_alignment":"","neve_meta_author_avatar":"","neve_post_elements_order":"","neve_meta_disable_header":"","neve_meta_disable_footer":"","neve_meta_disable_title":"","_themeisle_gutenberg_block_has_review":false},"product_brand":[],"product_cat":[37],"product_tag":[],"class_list":{"0":"post-2171","1":"product","2":"type-product","3":"status-publish","4":"has-post-thumbnail","6":"product_cat-cam","8":"first","9":"instock","10":"taxable","11":"shipping-taxable","12":"purchasable","13":"product-type-simple"},"_links":{"self":[{"href":"https:\/\/hbbkimya.com\/index.php?rest_route=\/wp\/v2\/product\/2171","targetHints":{"allow":["GET"]}}],"collection":[{"href":"https:\/\/hbbkimya.com\/index.php?rest_route=\/wp\/v2\/product"}],"about":[{"href":"https:\/\/hbbkimya.com\/index.php?rest_route=\/wp\/v2\/types\/product"}],"replies":[{"embeddable":true,"href":"https:\/\/hbbkimya.com\/index.php?rest_route=%2Fwp%2Fv2%2Fcomments&post=2171"}],"wp:featuredmedia":[{"embeddable":true,"href":"https:\/\/hbbkimya.com\/index.php?rest_route=\/wp\/v2\/media\/2172"}],"wp:attachment":[{"href":"https:\/\/hbbkimya.com\/index.php?rest_route=%2Fwp%2Fv2%2Fmedia&parent=2171"}],"wp:term":[{"taxonomy":"product_brand","embeddable":true,"href":"https:\/\/hbbkimya.com\/index.php?rest_route=%2Fwp%2Fv2%2Fproduct_brand&post=2171"},{"taxonomy":"product_cat","embeddable":true,"href":"https:\/\/hbbkimya.com\/index.php?rest_route=%2Fwp%2Fv2%2Fproduct_cat&post=2171"},{"taxonomy":"product_tag","embeddable":true,"href":"https:\/\/hbbkimya.com\/index.php?rest_route=%2Fwp%2Fv2%2Fproduct_tag&post=2171"}],"curies":[{"name":"wp","href":"https:\/\/api.w.org\/{rel}","templated":true}]}}