{"id":2121,"date":"2026-02-15T23:22:53","date_gmt":"2026-02-15T20:22:53","guid":{"rendered":"https:\/\/hbbkimya.com\/?post_type=product&#038;p=2121"},"modified":"2026-04-12T19:38:35","modified_gmt":"2026-04-12T16:38:35","slug":"klor-test-kagidi-chlorine-test-paper-0-200-ppm","status":"publish","type":"product","link":"https:\/\/hbbkimya.com\/?product=klor-test-kagidi-chlorine-test-paper-0-200-ppm","title":{"rendered":"Klor Test Ka\u011f\u0131d\u0131 &#8211; Chlorine Test Paper 0-200 ppm"},"content":{"rendered":"<p><a href=\"https:\/\/hbbkimya.com\/wp-content\/uploads\/2026\/02\/klor-test-stribi-klor-test-kagidi-chlorine-test-paper.png\"><img loading=\"lazy\" decoding=\"async\" class=\"alignnone size-medium wp-image-2123\" src=\"https:\/\/hbbkimya.com\/wp-content\/uploads\/2026\/02\/klor-test-stribi-klor-test-kagidi-chlorine-test-paper-300x200.png\" alt=\"\" width=\"300\" height=\"200\" srcset=\"https:\/\/hbbkimya.com\/wp-content\/uploads\/2026\/02\/klor-test-stribi-klor-test-kagidi-chlorine-test-paper-300x200.png 300w, https:\/\/hbbkimya.com\/wp-content\/uploads\/2026\/02\/klor-test-stribi-klor-test-kagidi-chlorine-test-paper-1024x683.png 1024w, https:\/\/hbbkimya.com\/wp-content\/uploads\/2026\/02\/klor-test-stribi-klor-test-kagidi-chlorine-test-paper-768x512.png 768w, https:\/\/hbbkimya.com\/wp-content\/uploads\/2026\/02\/klor-test-stribi-klor-test-kagidi-chlorine-test-paper-930x620.png 930w, https:\/\/hbbkimya.com\/wp-content\/uploads\/2026\/02\/klor-test-stribi-klor-test-kagidi-chlorine-test-paper-600x400.png 600w, https:\/\/hbbkimya.com\/wp-content\/uploads\/2026\/02\/klor-test-stribi-klor-test-kagidi-chlorine-test-paper.png 1536w\" sizes=\"auto, (max-width: 300px) 100vw, 300px\" \/><\/a><\/p>\n","protected":false},"excerpt":{"rendered":"<p data-start=\"193\" data-end=\"512\"><strong data-start=\"193\" data-end=\"224\">ChemBio Chlorine Test Paper<\/strong>, su numunelerinde serbest klor seviyesinin h\u0131zl\u0131 ve pratik \u015fekilde belirlenmesi i\u00e7in geli\u015ftirilmi\u015f kolorimetrik test \u015feritleridir. Sahada ve laboratuvar ortam\u0131nda kolay kullan\u0131m sa\u011flayan bu \u00fcr\u00fcn, anl\u0131k sonu\u00e7 alma imk\u00e2n\u0131 sunar ve su kalitesi kontrol s\u00fcre\u00e7lerinde g\u00fcvenilir bir \u00e7\u00f6z\u00fcmd\u00fcr.<\/p>\n<p data-start=\"514\" data-end=\"627\">Renk de\u011fi\u015fimine dayal\u0131 \u00f6l\u00e7\u00fcm prensibi sayesinde herhangi bir ek cihaza ihtiya\u00e7 duymadan h\u0131zl\u0131 analiz yap\u0131labilir.<\/p>\n<h3 data-start=\"634\" data-end=\"655\">Teknik \u00d6zellikler<\/h3>\n<ul>\n<li data-start=\"659\" data-end=\"682\"><strong data-start=\"659\" data-end=\"673\">\u00dcr\u00fcn Kodu:<\/strong> CB4047<\/li>\n<li data-start=\"685\" data-end=\"728\"><strong data-start=\"685\" data-end=\"698\">\u00dcr\u00fcn Ad\u0131:<\/strong> ChemBio Chlorine Test Paper<\/li>\n<li data-start=\"731\" data-end=\"773\"><strong data-start=\"731\" data-end=\"752\">Test Parametresi:<\/strong> Serbest Klor (Cl\u2082)<\/li>\n<li data-start=\"776\" data-end=\"832\"><strong data-start=\"776\" data-end=\"794\">\u00d6l\u00e7\u00fcm Y\u00f6ntemi:<\/strong> Kolorimetrik (Renk kar\u015f\u0131la\u015ft\u0131rmal\u0131)<\/li>\n<li data-start=\"835\" data-end=\"865\"><strong data-start=\"835\" data-end=\"860\">Test Edilecek Numune:<\/strong> Su<\/li>\n<li data-start=\"868\" data-end=\"900\"><strong data-start=\"868\" data-end=\"886\">\u00d6l\u00e7\u00fcm Aral\u0131\u011f\u0131:<\/strong> 0 \u2013 200 ppm<\/li>\n<li data-start=\"903\" data-end=\"929\"><strong data-start=\"903\" data-end=\"919\">Test Say\u0131s\u0131:<\/strong> 50 test<\/li>\n<li data-start=\"932\" data-end=\"975\"><strong data-start=\"932\" data-end=\"952\">Ambalaj \u0130\u00e7eri\u011fi:<\/strong> 100 adet test \u015feridi<\/li>\n<\/ul>\n<h3 data-start=\"1175\" data-end=\"1196\">Kullan\u0131m Alanlar\u0131<\/h3>\n<ul>\n<li data-start=\"1200\" data-end=\"1234\">\u0130\u00e7me ve kullanma suyu analizleri<\/li>\n<li data-start=\"1237\" data-end=\"1263\">Havuz suyu klor kontrol\u00fc<\/li>\n<li data-start=\"1266\" data-end=\"1293\">End\u00fcstriyel su sistemleri<\/li>\n<li data-start=\"1296\" data-end=\"1327\">At\u0131k su ve proses suyu takibi<\/li>\n<li data-start=\"1330\" data-end=\"1359\">G\u0131da ve hijyen uygulamalar\u0131<\/li>\n<\/ul>\n<p data-start=\"1361\" data-end=\"1470\">H\u0131zl\u0131 sonu\u00e7 verme \u00f6zelli\u011fi sayesinde rutin kalite kontrol uygulamalar\u0131nda pratik ve ekonomik bir \u00e7\u00f6z\u00fcm sunar.<\/p>\n","protected":false},"featured_media":2123,"comment_status":"open","ping_status":"closed","template":"","meta":{"neve_meta_sidebar":"","neve_meta_container":"","neve_meta_enable_content_width":"off","neve_meta_content_width":100,"neve_meta_title_alignment":"","neve_meta_author_avatar":"","neve_post_elements_order":"","neve_meta_disable_header":"","neve_meta_disable_footer":"","neve_meta_disable_title":"","_themeisle_gutenberg_block_has_review":false},"product_brand":[],"product_cat":[40],"product_tag":[],"class_list":{"0":"post-2121","1":"product","2":"type-product","3":"status-publish","4":"has-post-thumbnail","6":"product_cat-test-kitleri-stripleri","8":"first","9":"instock","10":"taxable","11":"shipping-taxable","12":"purchasable","13":"product-type-simple"},"_links":{"self":[{"href":"https:\/\/hbbkimya.com\/index.php?rest_route=\/wp\/v2\/product\/2121","targetHints":{"allow":["GET"]}}],"collection":[{"href":"https:\/\/hbbkimya.com\/index.php?rest_route=\/wp\/v2\/product"}],"about":[{"href":"https:\/\/hbbkimya.com\/index.php?rest_route=\/wp\/v2\/types\/product"}],"replies":[{"embeddable":true,"href":"https:\/\/hbbkimya.com\/index.php?rest_route=%2Fwp%2Fv2%2Fcomments&post=2121"}],"wp:featuredmedia":[{"embeddable":true,"href":"https:\/\/hbbkimya.com\/index.php?rest_route=\/wp\/v2\/media\/2123"}],"wp:attachment":[{"href":"https:\/\/hbbkimya.com\/index.php?rest_route=%2Fwp%2Fv2%2Fmedia&parent=2121"}],"wp:term":[{"taxonomy":"product_brand","embeddable":true,"href":"https:\/\/hbbkimya.com\/index.php?rest_route=%2Fwp%2Fv2%2Fproduct_brand&post=2121"},{"taxonomy":"product_cat","embeddable":true,"href":"https:\/\/hbbkimya.com\/index.php?rest_route=%2Fwp%2Fv2%2Fproduct_cat&post=2121"},{"taxonomy":"product_tag","embeddable":true,"href":"https:\/\/hbbkimya.com\/index.php?rest_route=%2Fwp%2Fv2%2Fproduct_tag&post=2121"}],"curies":[{"name":"wp","href":"https:\/\/api.w.org\/{rel}","templated":true}]}}