{"id":2092,"date":"2026-02-11T19:58:38","date_gmt":"2026-02-11T16:58:38","guid":{"rendered":"https:\/\/hbbkimya.com\/?post_type=product&#038;p=2092"},"modified":"2026-02-11T20:42:16","modified_gmt":"2026-02-11T17:42:16","slug":"manyetik-balik-8x40-mm","status":"publish","type":"product","link":"https:\/\/hbbkimya.com\/?product=manyetik-balik-8x40-mm","title":{"rendered":"Manyetik Bal\u0131k 8&#215;40 mm"},"content":{"rendered":"<p><a href=\"https:\/\/hbbkimya.com\/wp-content\/uploads\/2026\/02\/manyetik-balik-4cm-karistirma-miknatis-manyetik.jpg\"><img loading=\"lazy\" decoding=\"async\" class=\"alignnone size-medium wp-image-2093\" src=\"https:\/\/hbbkimya.com\/wp-content\/uploads\/2026\/02\/manyetik-balik-4cm-karistirma-miknatis-manyetik-300x300.jpg\" alt=\"\" width=\"300\" height=\"300\" srcset=\"https:\/\/hbbkimya.com\/wp-content\/uploads\/2026\/02\/manyetik-balik-4cm-karistirma-miknatis-manyetik-300x300.jpg 300w, https:\/\/hbbkimya.com\/wp-content\/uploads\/2026\/02\/manyetik-balik-4cm-karistirma-miknatis-manyetik-150x150.jpg 150w, https:\/\/hbbkimya.com\/wp-content\/uploads\/2026\/02\/manyetik-balik-4cm-karistirma-miknatis-manyetik-768x768.jpg 768w, https:\/\/hbbkimya.com\/wp-content\/uploads\/2026\/02\/manyetik-balik-4cm-karistirma-miknatis-manyetik-600x600.jpg 600w, https:\/\/hbbkimya.com\/wp-content\/uploads\/2026\/02\/manyetik-balik-4cm-karistirma-miknatis-manyetik-100x100.jpg 100w, https:\/\/hbbkimya.com\/wp-content\/uploads\/2026\/02\/manyetik-balik-4cm-karistirma-miknatis-manyetik.jpg 900w\" sizes=\"auto, (max-width: 300px) 100vw, 300px\" \/><\/a><\/p>\n","protected":false},"excerpt":{"rendered":"<h3 data-start=\"541\" data-end=\"563\">\u00dcr\u00fcn \u00d6zellikleri<\/h3>\n<ul>\n<li data-start=\"566\" data-end=\"601\">Y\u00fcksek kaliteli m\u0131knat\u0131s \u00e7ekirdek<\/li>\n<li data-start=\"604\" data-end=\"652\">PTFE (Teflon) kaplama \u2013 kimyasallara dayan\u0131kl\u0131<\/li>\n<li data-start=\"655\" data-end=\"700\">Asit, baz ve bir\u00e7ok solvente kar\u015f\u0131 diren\u00e7li<\/li>\n<li data-start=\"703\" data-end=\"727\">D\u00fc\u015f\u00fck s\u00fcrt\u00fcnmeli y\u00fczey<\/li>\n<li data-start=\"730\" data-end=\"757\">Kolay temizlenebilir yap\u0131<\/li>\n<li data-start=\"760\" data-end=\"782\">Uzun \u00f6m\u00fcrl\u00fc kullan\u0131m<\/li>\n<li data-start=\"785\" data-end=\"839\">Farkl\u0131 boyut se\u00e7enekleri (\u00f6r: 10 mm, 20 mm, 30 mm vb.)<\/li>\n<\/ul>\n<h3 data-start=\"846\" data-end=\"869\">Kullan\u0131m Alanlar\u0131<\/h3>\n<ul>\n<li data-start=\"872\" data-end=\"895\">Kimya laboratuvarlar\u0131<\/li>\n<li data-start=\"898\" data-end=\"935\">\u00dcniversite ve Ar-Ge laboratuvarlar\u0131<\/li>\n<li data-start=\"938\" data-end=\"959\">Analitik \u00e7al\u0131\u015fmalar<\/li>\n<li data-start=\"962\" data-end=\"1011\">Numune haz\u0131rlama ve \u00e7\u00f6zelti haz\u0131rlama i\u015flemleri<\/li>\n<li data-start=\"1014\" data-end=\"1058\">Titrasyon ve rutin kar\u0131\u015ft\u0131rma uygulamalar\u0131<\/li>\n<\/ul>\n","protected":false},"featured_media":2093,"comment_status":"open","ping_status":"closed","template":"","meta":{"neve_meta_sidebar":"","neve_meta_container":"","neve_meta_enable_content_width":"off","neve_meta_content_width":100,"neve_meta_title_alignment":"","neve_meta_author_avatar":"","neve_post_elements_order":"","neve_meta_disable_header":"","neve_meta_disable_footer":"","neve_meta_disable_title":"","_themeisle_gutenberg_block_has_review":false},"product_brand":[],"product_cat":[38],"product_tag":[],"class_list":{"0":"post-2092","1":"product","2":"type-product","3":"status-publish","4":"has-post-thumbnail","6":"product_cat-sarf-plastik","8":"first","9":"instock","10":"taxable","11":"shipping-taxable","12":"purchasable","13":"product-type-simple"},"_links":{"self":[{"href":"https:\/\/hbbkimya.com\/index.php?rest_route=\/wp\/v2\/product\/2092","targetHints":{"allow":["GET"]}}],"collection":[{"href":"https:\/\/hbbkimya.com\/index.php?rest_route=\/wp\/v2\/product"}],"about":[{"href":"https:\/\/hbbkimya.com\/index.php?rest_route=\/wp\/v2\/types\/product"}],"replies":[{"embeddable":true,"href":"https:\/\/hbbkimya.com\/index.php?rest_route=%2Fwp%2Fv2%2Fcomments&post=2092"}],"wp:featuredmedia":[{"embeddable":true,"href":"https:\/\/hbbkimya.com\/index.php?rest_route=\/wp\/v2\/media\/2093"}],"wp:attachment":[{"href":"https:\/\/hbbkimya.com\/index.php?rest_route=%2Fwp%2Fv2%2Fmedia&parent=2092"}],"wp:term":[{"taxonomy":"product_brand","embeddable":true,"href":"https:\/\/hbbkimya.com\/index.php?rest_route=%2Fwp%2Fv2%2Fproduct_brand&post=2092"},{"taxonomy":"product_cat","embeddable":true,"href":"https:\/\/hbbkimya.com\/index.php?rest_route=%2Fwp%2Fv2%2Fproduct_cat&post=2092"},{"taxonomy":"product_tag","embeddable":true,"href":"https:\/\/hbbkimya.com\/index.php?rest_route=%2Fwp%2Fv2%2Fproduct_tag&post=2092"}],"curies":[{"name":"wp","href":"https:\/\/api.w.org\/{rel}","templated":true}]}}