{"id":2078,"date":"2026-02-10T21:21:01","date_gmt":"2026-02-10T18:21:01","guid":{"rendered":"https:\/\/hbbkimya.com\/?post_type=product&#038;p=2078"},"modified":"2026-02-11T20:34:05","modified_gmt":"2026-02-11T17:34:05","slug":"plastik-sprey-sisesi-400-ml-seffaf-pp-spreyli-sise","status":"publish","type":"product","link":"https:\/\/hbbkimya.com\/?product=plastik-sprey-sisesi-400-ml-seffaf-pp-spreyli-sise","title":{"rendered":"Plastik Sprey \u015ei\u015fesi 400 ml &#8211; \u015eeffaf PP Spreyli \u015ei\u015fe"},"content":{"rendered":"<p><a href=\"https:\/\/hbbkimya.com\/wp-content\/uploads\/2026\/02\/sprey-sisesi-plastik-seffaf-sise.jpg\"><img loading=\"lazy\" decoding=\"async\" class=\"alignnone size-medium wp-image-2079\" src=\"https:\/\/hbbkimya.com\/wp-content\/uploads\/2026\/02\/sprey-sisesi-plastik-seffaf-sise-300x300.jpg\" alt=\"\" width=\"300\" height=\"300\" srcset=\"https:\/\/hbbkimya.com\/wp-content\/uploads\/2026\/02\/sprey-sisesi-plastik-seffaf-sise-300x300.jpg 300w, https:\/\/hbbkimya.com\/wp-content\/uploads\/2026\/02\/sprey-sisesi-plastik-seffaf-sise-150x150.jpg 150w, https:\/\/hbbkimya.com\/wp-content\/uploads\/2026\/02\/sprey-sisesi-plastik-seffaf-sise-768x768.jpg 768w, https:\/\/hbbkimya.com\/wp-content\/uploads\/2026\/02\/sprey-sisesi-plastik-seffaf-sise-600x600.jpg 600w, https:\/\/hbbkimya.com\/wp-content\/uploads\/2026\/02\/sprey-sisesi-plastik-seffaf-sise-100x100.jpg 100w, https:\/\/hbbkimya.com\/wp-content\/uploads\/2026\/02\/sprey-sisesi-plastik-seffaf-sise.jpg 1000w\" sizes=\"auto, (max-width: 300px) 100vw, 300px\" \/><\/a><\/p>\n","protected":false},"excerpt":{"rendered":"<table style=\"height: 382px;\" border=\"1\" width=\"373\" cellspacing=\"0\" cellpadding=\"0\">\n<tbody>\n<tr>\n<td width=\"202\">\n<p align=\"center\"><span lang=\"EN-US\">Kapasite<\/span><\/p>\n<\/td>\n<td width=\"214\">\n<p align=\"center\"><span lang=\"EN-US\">400 ml<\/span><\/p>\n<\/td>\n<\/tr>\n<tr>\n<td width=\"202\">\n<p align=\"center\"><span lang=\"EN-US\">Malzeme<\/span><\/p>\n<\/td>\n<td width=\"214\">\n<p align=\"center\"><span lang=\"EN-US\">Plastik<\/span><\/p>\n<\/td>\n<\/tr>\n<tr>\n<td width=\"202\">\n<p align=\"center\"><span lang=\"EN-US\">\u015ei\u015fe\u00a0<\/span><span lang=\"EN-US\">(tabanxy\u00fckseklik)<\/span><\/p>\n<\/td>\n<td width=\"214\">\n<p align=\"center\"><span lang=\"EN-US\">55 x 200 mm<\/span><\/p>\n<\/td>\n<\/tr>\n<tr>\n<td width=\"202\">\n<p align=\"center\"><span lang=\"EN-US\">Hortum\u00a0<\/span><span lang=\"EN-US\">(\u00e7apxy\u00fckseklik)<\/span><\/p>\n<\/td>\n<td width=\"214\">\n<p align=\"center\"><span lang=\"EN-US\">4 x 270 mm<\/span><\/p>\n<\/td>\n<\/tr>\n<tr>\n<td width=\"202\">\n<p align=\"center\"><span lang=\"EN-US\">Kapak\u00a0<\/span><span lang=\"EN-US\">(\u00e7apxy\u00fckseklik)<\/span><\/p>\n<\/td>\n<td width=\"214\">\n<p align=\"center\"><span lang=\"EN-US\">30 x 20 mm<\/span><\/p>\n<\/td>\n<\/tr>\n<tr>\n<td width=\"202\">\n<p align=\"center\"><span lang=\"EN-US\">Ba\u015fl\u0131k\u00a0<\/span><span lang=\"EN-US\">(enxy\u00fckseklik)<\/span><\/p>\n<\/td>\n<td width=\"214\">\n<p align=\"center\"><span lang=\"EN-US\">85 x 35 mm<\/span><\/p>\n<\/td>\n<\/tr>\n<tr>\n<td width=\"202\">\n<p align=\"center\"><span lang=\"EN-US\">Ambalaj<\/span><\/p>\n<\/td>\n<td width=\"214\">\n<p align=\"center\"><span lang=\"EN-US\">1\u00a0adet\/paket<\/span><\/p>\n<\/td>\n<\/tr>\n<\/tbody>\n<\/table>\n<p data-start=\"171\" data-end=\"372\">Y\u00fcksek kaliteli ve dayan\u0131kl\u0131 plastik hammaddeden \u00fcretilmi\u015f, <strong data-start=\"231\" data-end=\"248\">BPA i\u00e7ermeyen<\/strong> \u00e7ok ama\u00e7l\u0131 sprey \u015fi\u015fesidir. Uzun \u00f6m\u00fcrl\u00fc kullan\u0131m i\u00e7in tasarlanm\u0131\u015f olup hem profesyonel hem de g\u00fcnl\u00fck uygulamalara uygundur.<\/p>\n<h3 data-start=\"374\" data-end=\"397\"><strong data-start=\"378\" data-end=\"397\">Malzeme ve Yap\u0131<\/strong><\/h3>\n<ul data-start=\"399\" data-end=\"631\">\n<li data-start=\"399\" data-end=\"450\">\n<p data-start=\"401\" data-end=\"450\"><strong data-start=\"401\" data-end=\"411\">G\u00f6vde:<\/strong> Y\u00fcksek \u015feffafl\u0131kta dayan\u0131kl\u0131 plastik<\/p>\n<\/li>\n<li data-start=\"451\" data-end=\"507\">\n<p data-start=\"453\" data-end=\"507\"><strong data-start=\"453\" data-end=\"475\">P\u00fcsk\u00fcrtme Ba\u015fl\u0131\u011f\u0131:<\/strong> Uzun \u00f6m\u00fcrl\u00fc polipropilen (PP)<\/p>\n<\/li>\n<li data-start=\"508\" data-end=\"527\">\n<p data-start=\"510\" data-end=\"527\"><strong data-start=\"510\" data-end=\"525\">BPA i\u00e7ermez<\/strong><\/p>\n<\/li>\n<li data-start=\"528\" data-end=\"591\">\n<p data-start=\"530\" data-end=\"591\"><strong data-start=\"530\" data-end=\"554\">Kau\u00e7uk par\u00e7a i\u00e7ermez<\/strong> (kimyasal dayan\u0131m avantaj\u0131 sa\u011flar)<\/p>\n<\/li>\n<li data-start=\"592\" data-end=\"631\">\n<p data-start=\"594\" data-end=\"631\">S\u0131zd\u0131rmaz kapak ve i\u00e7 conta sistemi<\/p>\n<\/li>\n<\/ul>\n<h3 data-start=\"633\" data-end=\"662\"><strong data-start=\"637\" data-end=\"662\">P\u00fcsk\u00fcrtme Mekanizmas\u0131<\/strong><\/h3>\n<ul data-start=\"664\" data-end=\"980\">\n<li data-start=\"664\" data-end=\"751\">\n<p data-start=\"666\" data-end=\"692\"><strong data-start=\"666\" data-end=\"690\">Ayarlanabilir noz\u00fcl:<\/strong><\/p>\n<ul data-start=\"695\" data-end=\"751\">\n<li data-start=\"695\" data-end=\"717\">\n<p data-start=\"697\" data-end=\"717\">\u0130nce sis p\u00fcsk\u00fcrtme<\/p>\n<\/li>\n<li data-start=\"720\" data-end=\"751\">\n<p data-start=\"722\" data-end=\"751\">Geni\u015f a\u00e7\u0131l\u0131 sabit p\u00fcsk\u00fcrtme<\/p>\n<\/li>\n<\/ul>\n<\/li>\n<li data-start=\"752\" data-end=\"785\">\n<p data-start=\"754\" data-end=\"785\">Ba\u015fl\u0131k \u00e7evrilerek kolay ge\u00e7i\u015f<\/p>\n<\/li>\n<li data-start=\"786\" data-end=\"830\">\n<p data-start=\"788\" data-end=\"830\">Ergonomik ve dayan\u0131kl\u0131 tetik mekanizmas\u0131<\/p>\n<\/li>\n<li data-start=\"831\" data-end=\"887\">\n<p data-start=\"833\" data-end=\"887\">Hassas piston sistemi ile dengeli ve g\u00fc\u00e7l\u00fc p\u00fcsk\u00fcrtme<\/p>\n<\/li>\n<li data-start=\"888\" data-end=\"980\">\n<p data-start=\"890\" data-end=\"980\">Ekstra uzun emi\u015f hortumu, \u015fi\u015fe dibine kadar ula\u015farak s\u0131v\u0131n\u0131n maksimum kullan\u0131m\u0131n\u0131 sa\u011flar<\/p>\n<\/li>\n<\/ul>\n<h3 data-start=\"982\" data-end=\"1010\"><strong data-start=\"986\" data-end=\"1010\">Kullan\u0131m Avantajlar\u0131<\/strong><\/h3>\n<ul data-start=\"1012\" data-end=\"1182\">\n<li data-start=\"1012\" data-end=\"1077\">\n<p data-start=\"1014\" data-end=\"1077\">Y\u00fcksek \u015feffafl\u0131k sayesinde s\u0131v\u0131 seviyesi kolayca takip edilir<\/p>\n<\/li>\n<li data-start=\"1078\" data-end=\"1111\">\n<p data-start=\"1080\" data-end=\"1111\">S\u0131zd\u0131rmaz ve g\u00fcvenli kullan\u0131m<\/p>\n<\/li>\n<li data-start=\"1112\" data-end=\"1148\">\n<p data-start=\"1114\" data-end=\"1148\">Ele tam oturan ergonomik tasar\u0131m<\/p>\n<\/li>\n<li data-start=\"1149\" data-end=\"1182\">\n<p data-start=\"1151\" data-end=\"1182\">Dayan\u0131kl\u0131 ve uzun \u00f6m\u00fcrl\u00fc yap\u0131<\/p>\n<\/li>\n<\/ul>\n<h3 data-start=\"1184\" data-end=\"1209\"><strong data-start=\"1188\" data-end=\"1209\">Kullan\u0131m Alanlar\u0131<\/strong><\/h3>\n<ul data-start=\"1211\" data-end=\"1384\">\n<li data-start=\"1211\" data-end=\"1253\">\n<p data-start=\"1213\" data-end=\"1253\">Temizlik ve dezenfeksiyon uygulamalar\u0131<\/p>\n<\/li>\n<li data-start=\"1254\" data-end=\"1279\">\n<p data-start=\"1256\" data-end=\"1279\">Bah\u00e7e ve bitki bak\u0131m\u0131<\/p>\n<\/li>\n<li data-start=\"1280\" data-end=\"1309\">\n<p data-start=\"1282\" data-end=\"1309\">Kozmetik ve ki\u015fisel bak\u0131m<\/p>\n<\/li>\n<li data-start=\"1310\" data-end=\"1347\">\n<p data-start=\"1312\" data-end=\"1347\">Laboratuvar ve teknik uygulamalar<\/p>\n<\/li>\n<li data-start=\"1348\" data-end=\"1384\">\n<p data-start=\"1350\" data-end=\"1384\">Seyahat ve genel ama\u00e7l\u0131 kullan\u0131m<\/p>\n<\/li>\n<\/ul>\n<p data-start=\"1386\" data-end=\"1481\">Farkl\u0131 p\u00fcsk\u00fcrtme modlar\u0131 sayesinde \u00e7ok y\u00f6nl\u00fc kullan\u0131m sunar ve \u00e7e\u015fitli sol\u00fcsyonlarla uyumludur.<\/p>\n<p>&nbsp;<\/p>\n","protected":false},"featured_media":2079,"comment_status":"open","ping_status":"closed","template":"","meta":{"neve_meta_sidebar":"","neve_meta_container":"","neve_meta_enable_content_width":"off","neve_meta_content_width":100,"neve_meta_title_alignment":"","neve_meta_author_avatar":"","neve_post_elements_order":"","neve_meta_disable_header":"","neve_meta_disable_footer":"","neve_meta_disable_title":"","_themeisle_gutenberg_block_has_review":false},"product_brand":[],"product_cat":[38],"product_tag":[],"class_list":{"0":"post-2078","1":"product","2":"type-product","3":"status-publish","4":"has-post-thumbnail","6":"product_cat-sarf-plastik","8":"first","9":"instock","10":"taxable","11":"shipping-taxable","12":"purchasable","13":"product-type-simple"},"_links":{"self":[{"href":"https:\/\/hbbkimya.com\/index.php?rest_route=\/wp\/v2\/product\/2078","targetHints":{"allow":["GET"]}}],"collection":[{"href":"https:\/\/hbbkimya.com\/index.php?rest_route=\/wp\/v2\/product"}],"about":[{"href":"https:\/\/hbbkimya.com\/index.php?rest_route=\/wp\/v2\/types\/product"}],"replies":[{"embeddable":true,"href":"https:\/\/hbbkimya.com\/index.php?rest_route=%2Fwp%2Fv2%2Fcomments&post=2078"}],"wp:featuredmedia":[{"embeddable":true,"href":"https:\/\/hbbkimya.com\/index.php?rest_route=\/wp\/v2\/media\/2079"}],"wp:attachment":[{"href":"https:\/\/hbbkimya.com\/index.php?rest_route=%2Fwp%2Fv2%2Fmedia&parent=2078"}],"wp:term":[{"taxonomy":"product_brand","embeddable":true,"href":"https:\/\/hbbkimya.com\/index.php?rest_route=%2Fwp%2Fv2%2Fproduct_brand&post=2078"},{"taxonomy":"product_cat","embeddable":true,"href":"https:\/\/hbbkimya.com\/index.php?rest_route=%2Fwp%2Fv2%2Fproduct_cat&post=2078"},{"taxonomy":"product_tag","embeddable":true,"href":"https:\/\/hbbkimya.com\/index.php?rest_route=%2Fwp%2Fv2%2Fproduct_tag&post=2078"}],"curies":[{"name":"wp","href":"https:\/\/api.w.org\/{rel}","templated":true}]}}