{"id":2039,"date":"2026-02-08T20:57:10","date_gmt":"2026-02-08T17:57:10","guid":{"rendered":"https:\/\/hbbkimya.com\/?post_type=product&#038;p=2039"},"modified":"2026-02-11T21:10:50","modified_gmt":"2026-02-11T18:10:50","slug":"plastik-spatul-15cm-mavi","status":"publish","type":"product","link":"https:\/\/hbbkimya.com\/?product=plastik-spatul-15cm-mavi","title":{"rendered":"Plastik Spat\u00fcl 15 cm Mavi &#8211; Ka\u015f\u0131kl\u0131 Spat\u00fcl"},"content":{"rendered":"<p><a href=\"https:\/\/hbbkimya.com\/wp-content\/uploads\/2026\/02\/plastik-spatul-15cm-pp-spatula-with-sampling-spoon-macro.png\"><img loading=\"lazy\" decoding=\"async\" class=\"alignnone size-medium wp-image-2040\" src=\"https:\/\/hbbkimya.com\/wp-content\/uploads\/2026\/02\/plastik-spatul-15cm-pp-spatula-with-sampling-spoon-macro-300x300.png\" alt=\"\" width=\"300\" height=\"300\" srcset=\"https:\/\/hbbkimya.com\/wp-content\/uploads\/2026\/02\/plastik-spatul-15cm-pp-spatula-with-sampling-spoon-macro-300x300.png 300w, https:\/\/hbbkimya.com\/wp-content\/uploads\/2026\/02\/plastik-spatul-15cm-pp-spatula-with-sampling-spoon-macro-1024x1024.png 1024w, https:\/\/hbbkimya.com\/wp-content\/uploads\/2026\/02\/plastik-spatul-15cm-pp-spatula-with-sampling-spoon-macro-150x150.png 150w, https:\/\/hbbkimya.com\/wp-content\/uploads\/2026\/02\/plastik-spatul-15cm-pp-spatula-with-sampling-spoon-macro-768x768.png 768w, https:\/\/hbbkimya.com\/wp-content\/uploads\/2026\/02\/plastik-spatul-15cm-pp-spatula-with-sampling-spoon-macro-1536x1536.png 1536w, https:\/\/hbbkimya.com\/wp-content\/uploads\/2026\/02\/plastik-spatul-15cm-pp-spatula-with-sampling-spoon-macro-600x600.png 600w, https:\/\/hbbkimya.com\/wp-content\/uploads\/2026\/02\/plastik-spatul-15cm-pp-spatula-with-sampling-spoon-macro-100x100.png 100w, https:\/\/hbbkimya.com\/wp-content\/uploads\/2026\/02\/plastik-spatul-15cm-pp-spatula-with-sampling-spoon-macro.png 1920w\" sizes=\"auto, (max-width: 300px) 100vw, 300px\" \/><\/a><\/p>\n","protected":false},"excerpt":{"rendered":"<p data-start=\"108\" data-end=\"296\">Y\u00fcksek kaliteli <strong data-start=\"124\" data-end=\"145\">polipropilen (PP)<\/strong> malzemeden \u00fcretilmi\u015f, asit, baz ve bir\u00e7ok kimyasala kar\u015f\u0131 dayan\u0131kl\u0131 plastik spat\u00fcld\u00fcr. Laboratuvar ve end\u00fcstriyel numune alma i\u015flemleri i\u00e7in uygundur.<\/p>\n<h3 data-start=\"298\" data-end=\"316\"><strong data-start=\"302\" data-end=\"316\">\u00d6zellikler<\/strong><\/h3>\n<ul>\n<li data-start=\"320\" data-end=\"360\">Kimyasal maddelere kar\u015f\u0131 diren\u00e7li yap\u0131<\/li>\n<li data-start=\"363\" data-end=\"416\">Toz, gran\u00fcl ve hamur formundaki maddeler i\u00e7in ideal<\/li>\n<li data-start=\"419\" data-end=\"473\">Keskin u\u00e7 sayesinde torba ve ambalajlar\u0131 kolay delme<\/li>\n<li data-start=\"476\" data-end=\"539\">Numune alma, kaz\u0131ma ve temizleme i\u015flemlerinde pratik kullan\u0131m<\/li>\n<li data-start=\"542\" data-end=\"589\">Hafif, sa\u011flam ve kolay temizlenebilir tasar\u0131m<\/li>\n<\/ul>\n<p data-start=\"591\" data-end=\"665\" data-is-last-node=\"\" data-is-only-node=\"\">Laboratuvar, \u00fcretim ve kalite kontrol s\u00fcre\u00e7lerinde g\u00fcvenle kullan\u0131labilir.<\/p>\n","protected":false},"featured_media":2040,"comment_status":"open","ping_status":"closed","template":"","meta":{"neve_meta_sidebar":"","neve_meta_container":"","neve_meta_enable_content_width":"off","neve_meta_content_width":100,"neve_meta_title_alignment":"","neve_meta_author_avatar":"","neve_post_elements_order":"","neve_meta_disable_header":"","neve_meta_disable_footer":"","neve_meta_disable_title":"","_themeisle_gutenberg_block_has_review":false},"product_brand":[],"product_cat":[38],"product_tag":[],"class_list":{"0":"post-2039","1":"product","2":"type-product","3":"status-publish","4":"has-post-thumbnail","6":"product_cat-sarf-plastik","8":"first","9":"instock","10":"taxable","11":"shipping-taxable","12":"purchasable","13":"product-type-simple"},"_links":{"self":[{"href":"https:\/\/hbbkimya.com\/index.php?rest_route=\/wp\/v2\/product\/2039","targetHints":{"allow":["GET"]}}],"collection":[{"href":"https:\/\/hbbkimya.com\/index.php?rest_route=\/wp\/v2\/product"}],"about":[{"href":"https:\/\/hbbkimya.com\/index.php?rest_route=\/wp\/v2\/types\/product"}],"replies":[{"embeddable":true,"href":"https:\/\/hbbkimya.com\/index.php?rest_route=%2Fwp%2Fv2%2Fcomments&post=2039"}],"wp:featuredmedia":[{"embeddable":true,"href":"https:\/\/hbbkimya.com\/index.php?rest_route=\/wp\/v2\/media\/2040"}],"wp:attachment":[{"href":"https:\/\/hbbkimya.com\/index.php?rest_route=%2Fwp%2Fv2%2Fmedia&parent=2039"}],"wp:term":[{"taxonomy":"product_brand","embeddable":true,"href":"https:\/\/hbbkimya.com\/index.php?rest_route=%2Fwp%2Fv2%2Fproduct_brand&post=2039"},{"taxonomy":"product_cat","embeddable":true,"href":"https:\/\/hbbkimya.com\/index.php?rest_route=%2Fwp%2Fv2%2Fproduct_cat&post=2039"},{"taxonomy":"product_tag","embeddable":true,"href":"https:\/\/hbbkimya.com\/index.php?rest_route=%2Fwp%2Fv2%2Fproduct_tag&post=2039"}],"curies":[{"name":"wp","href":"https:\/\/api.w.org\/{rel}","templated":true}]}}