{"id":2008,"date":"2026-02-08T17:29:04","date_gmt":"2026-02-08T14:29:04","guid":{"rendered":"https:\/\/hbbkimya.com\/?post_type=product&#038;p=2008"},"modified":"2026-02-11T21:24:04","modified_gmt":"2026-02-11T18:24:04","slug":"deney-tupu-standi-60-delik-16-mm-plastik-mavi-tupluk","status":"publish","type":"product","link":"https:\/\/hbbkimya.com\/?product=deney-tupu-standi-60-delik-16-mm-plastik-mavi-tupluk","title":{"rendered":"Deney T\u00fcp\u00fc Stand\u0131 60 Delik 16 mm &#8211; Plastik Mavi T\u00fcpl\u00fck"},"content":{"rendered":"<p><a href=\"https:\/\/hbbkimya.com\/wp-content\/uploads\/2026\/02\/tup-standi-60-tupluk-deney-tupu-sporu-plastik-16-mm.jpg\"><img loading=\"lazy\" decoding=\"async\" class=\"alignnone size-medium wp-image-2009\" src=\"https:\/\/hbbkimya.com\/wp-content\/uploads\/2026\/02\/tup-standi-60-tupluk-deney-tupu-sporu-plastik-16-mm-300x300.jpg\" alt=\"\" width=\"300\" height=\"300\" srcset=\"https:\/\/hbbkimya.com\/wp-content\/uploads\/2026\/02\/tup-standi-60-tupluk-deney-tupu-sporu-plastik-16-mm-300x300.jpg 300w, https:\/\/hbbkimya.com\/wp-content\/uploads\/2026\/02\/tup-standi-60-tupluk-deney-tupu-sporu-plastik-16-mm-150x150.jpg 150w, https:\/\/hbbkimya.com\/wp-content\/uploads\/2026\/02\/tup-standi-60-tupluk-deney-tupu-sporu-plastik-16-mm-768x768.jpg 768w, https:\/\/hbbkimya.com\/wp-content\/uploads\/2026\/02\/tup-standi-60-tupluk-deney-tupu-sporu-plastik-16-mm-600x600.jpg 600w, https:\/\/hbbkimya.com\/wp-content\/uploads\/2026\/02\/tup-standi-60-tupluk-deney-tupu-sporu-plastik-16-mm-100x100.jpg 100w, https:\/\/hbbkimya.com\/wp-content\/uploads\/2026\/02\/tup-standi-60-tupluk-deney-tupu-sporu-plastik-16-mm.jpg 1024w\" sizes=\"auto, (max-width: 300px) 100vw, 300px\" \/><\/a><\/p>\n","protected":false},"excerpt":{"rendered":"<p data-start=\"152\" data-end=\"303\">Laboratuvar kullan\u0131m\u0131na uygun olarak tasarlanm\u0131\u015f t\u00fcp stand\u0131; dayan\u0131kl\u0131 yap\u0131s\u0131, pratik montaj \u00f6zelli\u011fi ve yer tasarrufu sa\u011flayan tasar\u0131m\u0131 ile \u00f6ne \u00e7\u0131kar.<\/p>\n<h3 data-start=\"305\" data-end=\"326\"><strong data-start=\"309\" data-end=\"326\">Paket \u0130\u00e7eri\u011fi<\/strong><\/h3>\n<ul data-start=\"327\" data-end=\"346\">\n<li data-start=\"327\" data-end=\"346\">\n<p data-start=\"329\" data-end=\"346\">1 adet t\u00fcp stand\u0131<\/p>\n<\/li>\n<\/ul>\n<h3 data-start=\"348\" data-end=\"373\"><strong data-start=\"352\" data-end=\"373\">Teknik \u00d6zellikler<\/strong><\/h3>\n<ul>\n<li data-start=\"377\" data-end=\"421\"><strong data-start=\"377\" data-end=\"401\">\u00d6l\u00e7\u00fcler (E \u00d7 B \u00d7 Y):<\/strong> 245 \u00d7 104 \u00d7 65 mm<\/li>\n<li data-start=\"424\" data-end=\"465\"><strong data-start=\"424\" data-end=\"436\">Malzeme:<\/strong> Kimyasal dayan\u0131ml\u0131 plastik<\/li>\n<li data-start=\"468\" data-end=\"549\"><strong data-start=\"468\" data-end=\"488\">Kimyasal Diren\u00e7:<\/strong> Yayg\u0131n kullan\u0131lan asit, baz ve solventlere kar\u015f\u0131 dayan\u0131kl\u0131<\/li>\n<li data-start=\"552\" data-end=\"602\"><strong data-start=\"552\" data-end=\"563\">Montaj:<\/strong> Monte veya demonte kullan\u0131m se\u00e7ene\u011fi<\/li>\n<\/ul>\n<h3 data-start=\"604\" data-end=\"633\"><strong data-start=\"608\" data-end=\"633\">Tasar\u0131m ve Avantajlar<\/strong><\/h3>\n<ul>\n<li data-start=\"637\" data-end=\"710\">Demonte teslim se\u00e7ene\u011fi sayesinde depolama ve sevkiyatta alan tasarrufu<\/li>\n<li data-start=\"713\" data-end=\"797\">\u00dcr\u00fcnle birlikte verilen kullan\u0131m talimat\u0131 ile 1 dakikadan k\u0131sa s\u00fcrede kolay montaj<\/li>\n<li data-start=\"800\" data-end=\"901\">T\u00fcp yuvalar\u0131 kenar\u0131ndaki <strong data-start=\"825\" data-end=\"847\">kabartma indeksler<\/strong>, t\u00fcplerin h\u0131zl\u0131 ve do\u011fru konumland\u0131r\u0131lmas\u0131n\u0131 sa\u011flar<\/li>\n<li data-start=\"904\" data-end=\"942\">Hafif, dayan\u0131kl\u0131 ve uzun \u00f6m\u00fcrl\u00fc yap\u0131<\/li>\n<\/ul>\n<p data-start=\"944\" data-end=\"1051\">E\u011fitim, ara\u015ft\u0131rma ve rutin laboratuvar \u00e7al\u0131\u015fmalar\u0131nda g\u00fcvenli ve d\u00fczenli t\u00fcp yerle\u015fimi i\u00e7in ideal \u00e7\u00f6z\u00fcmd\u00fcr.<\/p>\n","protected":false},"featured_media":2009,"comment_status":"open","ping_status":"closed","template":"","meta":{"neve_meta_sidebar":"","neve_meta_container":"","neve_meta_enable_content_width":"off","neve_meta_content_width":100,"neve_meta_title_alignment":"","neve_meta_author_avatar":"","neve_post_elements_order":"","neve_meta_disable_header":"","neve_meta_disable_footer":"","neve_meta_disable_title":"","_themeisle_gutenberg_block_has_review":false},"product_brand":[],"product_cat":[38],"product_tag":[],"class_list":{"0":"post-2008","1":"product","2":"type-product","3":"status-publish","4":"has-post-thumbnail","6":"product_cat-sarf-plastik","8":"first","9":"instock","10":"taxable","11":"shipping-taxable","12":"purchasable","13":"product-type-simple"},"_links":{"self":[{"href":"https:\/\/hbbkimya.com\/index.php?rest_route=\/wp\/v2\/product\/2008","targetHints":{"allow":["GET"]}}],"collection":[{"href":"https:\/\/hbbkimya.com\/index.php?rest_route=\/wp\/v2\/product"}],"about":[{"href":"https:\/\/hbbkimya.com\/index.php?rest_route=\/wp\/v2\/types\/product"}],"replies":[{"embeddable":true,"href":"https:\/\/hbbkimya.com\/index.php?rest_route=%2Fwp%2Fv2%2Fcomments&post=2008"}],"wp:featuredmedia":[{"embeddable":true,"href":"https:\/\/hbbkimya.com\/index.php?rest_route=\/wp\/v2\/media\/2009"}],"wp:attachment":[{"href":"https:\/\/hbbkimya.com\/index.php?rest_route=%2Fwp%2Fv2%2Fmedia&parent=2008"}],"wp:term":[{"taxonomy":"product_brand","embeddable":true,"href":"https:\/\/hbbkimya.com\/index.php?rest_route=%2Fwp%2Fv2%2Fproduct_brand&post=2008"},{"taxonomy":"product_cat","embeddable":true,"href":"https:\/\/hbbkimya.com\/index.php?rest_route=%2Fwp%2Fv2%2Fproduct_cat&post=2008"},{"taxonomy":"product_tag","embeddable":true,"href":"https:\/\/hbbkimya.com\/index.php?rest_route=%2Fwp%2Fv2%2Fproduct_tag&post=2008"}],"curies":[{"name":"wp","href":"https:\/\/api.w.org\/{rel}","templated":true}]}}