{"id":2005,"date":"2026-02-08T17:15:28","date_gmt":"2026-02-08T14:15:28","guid":{"rendered":"https:\/\/hbbkimya.com\/?post_type=product&#038;p=2005"},"modified":"2026-04-12T20:16:14","modified_gmt":"2026-04-12T17:16:14","slug":"pipet-pompasi-2-ml-pipet-puari-mavi","status":"publish","type":"product","link":"https:\/\/hbbkimya.com\/?product=pipet-pompasi-2-ml-pipet-puari-mavi","title":{"rendered":"Pipet Pompas\u0131 2 ml \u2013 Pipet Puar\u0131 \u2013 Mavi"},"content":{"rendered":"<p><a href=\"https:\/\/hbbkimya.com\/wp-content\/uploads\/2025\/08\/puar-mekanik.jpg\"><img loading=\"lazy\" decoding=\"async\" class=\"alignnone size-medium wp-image-1806\" src=\"https:\/\/hbbkimya.com\/wp-content\/uploads\/2025\/08\/puar-mekanik-300x225.jpg\" alt=\"\" width=\"300\" height=\"225\" srcset=\"https:\/\/hbbkimya.com\/wp-content\/uploads\/2025\/08\/puar-mekanik-300x225.jpg 300w, https:\/\/hbbkimya.com\/wp-content\/uploads\/2025\/08\/puar-mekanik.jpg 600w\" sizes=\"auto, (max-width: 300px) 100vw, 300px\" \/><\/a><\/p>\n","protected":false},"excerpt":{"rendered":"<h3 data-start=\"335\" data-end=\"356\"><strong data-start=\"339\" data-end=\"356\">Paket \u0130\u00e7eri\u011fi<\/strong><\/h3>\n<ul data-start=\"357\" data-end=\"391\">\n<li data-start=\"357\" data-end=\"391\">\n<p data-start=\"359\" data-end=\"391\">1 adet mavi pipet pompas\u0131 (2 ml)<\/p>\n<\/li>\n<\/ul>\n<h3 data-start=\"393\" data-end=\"418\"><strong data-start=\"397\" data-end=\"418\">Teknik \u00d6zellikler<\/strong><\/h3>\n<ul data-start=\"420\" data-end=\"652\">\n<li data-start=\"462\" data-end=\"484\">\n<p data-start=\"464\" data-end=\"484\"><strong data-start=\"464\" data-end=\"477\">Kapasite:<\/strong> 2 ml<\/p>\n<\/li>\n<li data-start=\"485\" data-end=\"526\">\n<p data-start=\"487\" data-end=\"526\"><strong data-start=\"487\" data-end=\"499\">Malzeme:<\/strong> Kimyasal dayan\u0131ml\u0131 g\u00f6vde<\/p>\n<\/li>\n<li data-start=\"527\" data-end=\"592\">\n<p data-start=\"529\" data-end=\"592\"><strong data-start=\"529\" data-end=\"549\">Kimyasal Diren\u00e7:<\/strong> Asit ve alkali maddelere kar\u015f\u0131 dayan\u0131kl\u0131<\/p>\n<\/li>\n<li data-start=\"593\" data-end=\"652\">\n<p data-start=\"595\" data-end=\"652\"><strong data-start=\"595\" data-end=\"607\">Tasar\u0131m:<\/strong> Ergonomik, sa\u011f ve sol el kullan\u0131m\u0131na uygun<\/p>\n<\/li>\n<\/ul>\n<h3 data-start=\"654\" data-end=\"684\"><strong data-start=\"658\" data-end=\"684\">Fonksiyonel \u00d6zellikler<\/strong><\/h3>\n<ul data-start=\"686\" data-end=\"1095\">\n<li data-start=\"686\" data-end=\"763\">\n<p data-start=\"688\" data-end=\"763\">Pipetleme i\u015flemi tek el ile ve tek mekanizma \u00fczerinden kontrol edilebilir<\/p>\n<\/li>\n<li data-start=\"764\" data-end=\"903\">\n<p data-start=\"766\" data-end=\"828\">Yan tarafta bulunan <strong data-start=\"786\" data-end=\"821\">el \u00e7ark\u0131 (ba\u015f parmak kontroll\u00fc)<\/strong> ile:<\/p>\n<ul data-start=\"831\" data-end=\"903\">\n<li data-start=\"831\" data-end=\"862\">\n<p data-start=\"833\" data-end=\"862\">Yukar\u0131 hareket \u2192 s\u0131v\u0131 \u00e7ekme<\/p>\n<\/li>\n<li data-start=\"865\" data-end=\"903\">\n<p data-start=\"867\" data-end=\"903\">A\u015fa\u011f\u0131 hareket \u2192 kontroll\u00fc bo\u015faltma<\/p>\n<\/li>\n<\/ul>\n<\/li>\n<li data-start=\"904\" data-end=\"957\">\n<p data-start=\"906\" data-end=\"957\">Lateral kumanda d\u00fc\u011fmesi ile h\u0131zl\u0131 bo\u015faltma imk\u00e2n\u0131<\/p>\n<\/li>\n<li data-start=\"958\" data-end=\"1026\">\n<p data-start=\"960\" data-end=\"1026\">Yukar\u0131\/a\u015fa\u011f\u0131 hareketli mekanizma sayesinde hassas hacim kontrol\u00fc<\/p>\n<\/li>\n<li data-start=\"1027\" data-end=\"1095\">\n<p data-start=\"1029\" data-end=\"1095\">Kolay demonte edilebilir yap\u0131 sayesinde h\u0131zl\u0131 ve pratik temizlik<\/p>\n<\/li>\n<\/ul>\n<p data-start=\"1097\" data-end=\"1207\">Laboratuvar, e\u011fitim ve rutin analiz \u00e7al\u0131\u015fmalar\u0131nda g\u00fcvenli, hassas ve ergonomik pipetleme i\u00e7in ideal \u00e7\u00f6z\u00fcmd\u00fcr.<\/p>\n","protected":false},"featured_media":1806,"comment_status":"open","ping_status":"closed","template":"","meta":{"neve_meta_sidebar":"","neve_meta_container":"","neve_meta_enable_content_width":"off","neve_meta_content_width":100,"neve_meta_title_alignment":"","neve_meta_author_avatar":"","neve_post_elements_order":"","neve_meta_disable_header":"","neve_meta_disable_footer":"","neve_meta_disable_title":"","_themeisle_gutenberg_block_has_review":false},"product_brand":[],"product_cat":[38],"product_tag":[],"class_list":{"0":"post-2005","1":"product","2":"type-product","3":"status-publish","4":"has-post-thumbnail","6":"product_cat-sarf-plastik","8":"first","9":"instock","10":"taxable","11":"shipping-taxable","12":"purchasable","13":"product-type-simple"},"_links":{"self":[{"href":"https:\/\/hbbkimya.com\/index.php?rest_route=\/wp\/v2\/product\/2005","targetHints":{"allow":["GET"]}}],"collection":[{"href":"https:\/\/hbbkimya.com\/index.php?rest_route=\/wp\/v2\/product"}],"about":[{"href":"https:\/\/hbbkimya.com\/index.php?rest_route=\/wp\/v2\/types\/product"}],"replies":[{"embeddable":true,"href":"https:\/\/hbbkimya.com\/index.php?rest_route=%2Fwp%2Fv2%2Fcomments&post=2005"}],"wp:featuredmedia":[{"embeddable":true,"href":"https:\/\/hbbkimya.com\/index.php?rest_route=\/wp\/v2\/media\/1806"}],"wp:attachment":[{"href":"https:\/\/hbbkimya.com\/index.php?rest_route=%2Fwp%2Fv2%2Fmedia&parent=2005"}],"wp:term":[{"taxonomy":"product_brand","embeddable":true,"href":"https:\/\/hbbkimya.com\/index.php?rest_route=%2Fwp%2Fv2%2Fproduct_brand&post=2005"},{"taxonomy":"product_cat","embeddable":true,"href":"https:\/\/hbbkimya.com\/index.php?rest_route=%2Fwp%2Fv2%2Fproduct_cat&post=2005"},{"taxonomy":"product_tag","embeddable":true,"href":"https:\/\/hbbkimya.com\/index.php?rest_route=%2Fwp%2Fv2%2Fproduct_tag&post=2005"}],"curies":[{"name":"wp","href":"https:\/\/api.w.org\/{rel}","templated":true}]}}