{"id":1976,"date":"2026-01-04T20:40:49","date_gmt":"2026-01-04T17:40:49","guid":{"rendered":"https:\/\/hbbkimya.com\/?post_type=product&#038;p=1976"},"modified":"2026-01-04T23:21:43","modified_gmt":"2026-01-04T20:21:43","slug":"unit-ut306s-kizilotesi-ir-lazer-termometre","status":"publish","type":"product","link":"https:\/\/hbbkimya.com\/?product=unit-ut306s-kizilotesi-ir-lazer-termometre","title":{"rendered":"K\u0131z\u0131l\u00f6tesi (IR) Lazer Termometre"},"content":{"rendered":"<p><a href=\"https:\/\/hbbkimya.com\/wp-content\/uploads\/2026\/01\/ut306s-infrared-termometre-sicaklik-olcer-lazer-termometre.png\"><img loading=\"lazy\" decoding=\"async\" class=\"alignnone size-medium wp-image-1980\" src=\"https:\/\/hbbkimya.com\/wp-content\/uploads\/2026\/01\/ut306s-infrared-termometre-sicaklik-olcer-lazer-termometre-300x300.png\" alt=\"\" width=\"300\" height=\"300\" srcset=\"https:\/\/hbbkimya.com\/wp-content\/uploads\/2026\/01\/ut306s-infrared-termometre-sicaklik-olcer-lazer-termometre-300x300.png 300w, https:\/\/hbbkimya.com\/wp-content\/uploads\/2026\/01\/ut306s-infrared-termometre-sicaklik-olcer-lazer-termometre-150x150.png 150w, https:\/\/hbbkimya.com\/wp-content\/uploads\/2026\/01\/ut306s-infrared-termometre-sicaklik-olcer-lazer-termometre-768x768.png 768w, https:\/\/hbbkimya.com\/wp-content\/uploads\/2026\/01\/ut306s-infrared-termometre-sicaklik-olcer-lazer-termometre-600x600.png 600w, https:\/\/hbbkimya.com\/wp-content\/uploads\/2026\/01\/ut306s-infrared-termometre-sicaklik-olcer-lazer-termometre-100x100.png 100w, https:\/\/hbbkimya.com\/wp-content\/uploads\/2026\/01\/ut306s-infrared-termometre-sicaklik-olcer-lazer-termometre.png 800w\" sizes=\"auto, (max-width: 300px) 100vw, 300px\" \/><\/a><\/p>\n","protected":false},"excerpt":{"rendered":"<p>Paket \u0130\u00e7eri\u011fi : 1 adet<\/p>\n<p>UNIT UT306S k\u0131z\u0131l\u00f6tesi lazer termometre, temass\u0131z \u00f6l\u00e7\u00fcm teknolojisi sayesinde y\u00fczey s\u0131cakl\u0131klar\u0131n\u0131 <strong data-start=\"335\" data-end=\"363\">h\u0131zl\u0131, g\u00fcvenli ve hassas<\/strong> \u015fekilde \u00f6l\u00e7mek i\u00e7in tasarlanm\u0131\u015ft\u0131r. Lazer hedefleme \u00f6zelli\u011fi ile \u00f6l\u00e7\u00fcm yap\u0131lan nokta kolayca belirlenir. End\u00fcstriyel uygulamalar, laboratuvarlar, bak\u0131m-onar\u0131m i\u015flemleri ve teknik \u00f6l\u00e7\u00fcmler i\u00e7in uygundur.<\/p>\n<h3 data-start=\"583\" data-end=\"611\"><strong data-start=\"587\" data-end=\"611\">\u00d6ne \u00c7\u0131kan \u00d6zellikler<\/strong><\/h3>\n<ul data-start=\"613\" data-end=\"771\">\n<li data-start=\"613\" data-end=\"645\">\n<p data-start=\"615\" data-end=\"645\">Geni\u015f s\u0131cakl\u0131k \u00f6l\u00e7\u00fcm aral\u0131\u011f\u0131<\/p>\n<\/li>\n<li data-start=\"646\" data-end=\"670\">\n<p data-start=\"648\" data-end=\"670\">\u00b0C \/ \u00b0F birim se\u00e7imi<\/p>\n<\/li>\n<li data-start=\"671\" data-end=\"685\">\n<p data-start=\"673\" data-end=\"685\">EBTN ekran<\/p>\n<\/li>\n<li data-start=\"686\" data-end=\"706\">\n<p data-start=\"688\" data-end=\"706\">Otomatik kapanma<\/p>\n<\/li>\n<li data-start=\"707\" data-end=\"731\">\n<p data-start=\"709\" data-end=\"731\">D\u00fc\u015f\u00fck pil g\u00f6stergesi<\/p>\n<\/li>\n<li data-start=\"732\" data-end=\"771\">\n<p data-start=\"734\" data-end=\"771\">MAX \/ MIN \/ ORT \/ DIF \u00f6l\u00e7\u00fcm modlar\u0131<\/p>\n<\/li>\n<\/ul>\n<h3 data-start=\"778\" data-end=\"803\"><strong data-start=\"782\" data-end=\"803\">Teknik \u00d6zellikler<\/strong><\/h3>\n<ul data-start=\"805\" data-end=\"1106\">\n<li data-start=\"805\" data-end=\"865\">\n<p data-start=\"807\" data-end=\"865\"><strong data-start=\"807\" data-end=\"822\">\u00d6l\u00e7\u00fcm T\u00fcr\u00fc:<\/strong> Temass\u0131z k\u0131z\u0131l\u00f6tesi (IR) s\u0131cakl\u0131k \u00f6l\u00e7\u00fcm\u00fc<\/p>\n<\/li>\n<li data-start=\"866\" data-end=\"914\">\n<p data-start=\"868\" data-end=\"914\"><strong data-start=\"868\" data-end=\"895\">S\u0131cakl\u0131k \u00d6l\u00e7\u00fcm Aral\u0131\u011f\u0131:<\/strong> -50 \u00b0C ~ +500 \u00b0C<\/p>\n<\/li>\n<li data-start=\"915\" data-end=\"958\">\n<p data-start=\"917\" data-end=\"958\"><strong data-start=\"917\" data-end=\"941\">Kesinlik (Do\u011fruluk):<\/strong> \u00b12 \u00b0C veya \u00b1%2<\/p>\n<\/li>\n<li data-start=\"959\" data-end=\"985\">\n<p data-start=\"961\" data-end=\"985\"><strong data-start=\"961\" data-end=\"976\">\u00c7\u00f6z\u00fcn\u00fcrl\u00fck:<\/strong> 0,1 \u00b0C<\/p>\n<\/li>\n<li data-start=\"986\" data-end=\"1028\">\n<p data-start=\"988\" data-end=\"1028\"><strong data-start=\"988\" data-end=\"1019\">Mesafe \/ Nokta Oran\u0131 (D:S):<\/strong> 12 : 1<\/p>\n<\/li>\n<li data-start=\"1029\" data-end=\"1059\">\n<p data-start=\"1031\" data-end=\"1059\"><strong data-start=\"1031\" data-end=\"1048\">Tepki S\u00fcresi:<\/strong> \u2264 250 ms<\/p>\n<\/li>\n<li data-start=\"1060\" data-end=\"1106\">\n<p data-start=\"1062\" data-end=\"1106\"><strong data-start=\"1062\" data-end=\"1076\">Emisivite:<\/strong> 0,10 ~ 1,00 (ayarlanabilir)<\/p>\n<\/li>\n<\/ul>\n<h3 data-start=\"1113\" data-end=\"1138\"><strong data-start=\"1117\" data-end=\"1138\">Lazer \u00d6zellikleri<\/strong><\/h3>\n<ul data-start=\"1140\" data-end=\"1305\">\n<li data-start=\"1140\" data-end=\"1169\">\n<p data-start=\"1142\" data-end=\"1169\"><strong data-start=\"1142\" data-end=\"1157\">Lazer Tipi:<\/strong> Tek lazer<\/p>\n<\/li>\n<li data-start=\"1170\" data-end=\"1199\">\n<p data-start=\"1172\" data-end=\"1199\"><strong data-start=\"1172\" data-end=\"1189\">Lazer S\u0131n\u0131f\u0131:<\/strong> S\u0131n\u0131f 2<\/p>\n<\/li>\n<li data-start=\"1200\" data-end=\"1226\">\n<p data-start=\"1202\" data-end=\"1226\"><strong data-start=\"1202\" data-end=\"1217\">Lazer G\u00fcc\u00fc:<\/strong> &lt; 1 mW<\/p>\n<\/li>\n<li data-start=\"1227\" data-end=\"1268\">\n<p data-start=\"1229\" data-end=\"1268\"><strong data-start=\"1229\" data-end=\"1250\">Lazer Dalga Boyu:<\/strong> 630 nm ~ 670 nm<\/p>\n<\/li>\n<li data-start=\"1269\" data-end=\"1305\">\n<p data-start=\"1271\" data-end=\"1305\"><strong data-start=\"1271\" data-end=\"1290\">Spektral Cevap:<\/strong> 8 \u00b5m ~ 14 \u00b5m<\/p>\n<\/li>\n<\/ul>\n<h3 data-start=\"1312\" data-end=\"1332\"><strong data-start=\"1316\" data-end=\"1332\">Fonksiyonlar<\/strong><\/h3>\n<ul data-start=\"1334\" data-end=\"1520\">\n<li data-start=\"1334\" data-end=\"1366\">\n<p data-start=\"1336\" data-end=\"1366\">Lazer a\u00e7\u0131k \/ kapal\u0131 se\u00e7ene\u011fi<\/p>\n<\/li>\n<li data-start=\"1367\" data-end=\"1393\">\n<p data-start=\"1369\" data-end=\"1393\">Veri tutma (Data Hold)<\/p>\n<\/li>\n<li data-start=\"1394\" data-end=\"1414\">\n<p data-start=\"1396\" data-end=\"1414\">Otomatik kapanma<\/p>\n<\/li>\n<li data-start=\"1415\" data-end=\"1439\">\n<p data-start=\"1417\" data-end=\"1439\">D\u00fc\u015f\u00fck pil g\u00f6stergesi<\/p>\n<\/li>\n<li data-start=\"1440\" data-end=\"1479\">\n<p data-start=\"1442\" data-end=\"1479\">MAX \/ MIN \/ ORT \/ DIF \u00f6l\u00e7\u00fcm modlar\u0131<\/p>\n<\/li>\n<li data-start=\"1480\" data-end=\"1520\">\n<p data-start=\"1482\" data-end=\"1520\">Y\u00fcksek \/ d\u00fc\u015f\u00fck s\u0131cakl\u0131k alarm\u0131 (sesli)<\/p>\n<\/li>\n<\/ul>\n<h3 data-start=\"1527\" data-end=\"1563\"><strong data-start=\"1531\" data-end=\"1563\">Fiziksel ve Genel \u00d6zellikler<\/strong><\/h3>\n<ul data-start=\"1565\" data-end=\"1790\">\n<li data-start=\"1565\" data-end=\"1591\">\n<p data-start=\"1567\" data-end=\"1591\"><strong data-start=\"1567\" data-end=\"1582\">Ekran Tipi:<\/strong> TN-LCD<\/p>\n<\/li>\n<li data-start=\"1592\" data-end=\"1621\">\n<p data-start=\"1594\" data-end=\"1621\"><strong data-start=\"1594\" data-end=\"1611\">Birim Se\u00e7imi:<\/strong> \u00b0C \/ \u00b0F<\/p>\n<\/li>\n<li data-start=\"1622\" data-end=\"1650\">\n<p data-start=\"1624\" data-end=\"1650\"><strong data-start=\"1624\" data-end=\"1640\">D\u00fc\u015fme Testi:<\/strong> 1 metre<\/p>\n<\/li>\n<li data-start=\"1651\" data-end=\"1689\">\n<p data-start=\"1653\" data-end=\"1689\"><strong data-start=\"1653\" data-end=\"1669\">G\u00fc\u00e7 Kayna\u011f\u0131:<\/strong> 1,5 V AAA pil \u00d7 2<\/p>\n<\/li>\n<li data-start=\"1690\" data-end=\"1723\">\n<p data-start=\"1692\" data-end=\"1723\"><strong data-start=\"1692\" data-end=\"1707\">\u00dcr\u00fcn Rengi:<\/strong> K\u0131rm\u0131z\u0131 \u2013 Gri<\/p>\n<\/li>\n<li data-start=\"1724\" data-end=\"1752\">\n<p data-start=\"1726\" data-end=\"1752\"><strong data-start=\"1726\" data-end=\"1742\">Net A\u011f\u0131rl\u0131k:<\/strong> 161,5 g<\/p>\n<\/li>\n<li data-start=\"1753\" data-end=\"1790\">\n<p data-start=\"1755\" data-end=\"1790\"><strong data-start=\"1755\" data-end=\"1771\">\u00dcr\u00fcn Boyutu:<\/strong> 146 \u00d7 78 \u00d7 45 mm<\/p>\n<\/li>\n<\/ul>\n","protected":false},"featured_media":1980,"comment_status":"open","ping_status":"closed","template":"","meta":{"neve_meta_sidebar":"","neve_meta_container":"","neve_meta_enable_content_width":"off","neve_meta_content_width":100,"neve_meta_title_alignment":"","neve_meta_author_avatar":"","neve_post_elements_order":"","neve_meta_disable_header":"","neve_meta_disable_footer":"","neve_meta_disable_title":"","_themeisle_gutenberg_block_has_review":false},"product_brand":[],"product_cat":[52],"product_tag":[],"class_list":{"0":"post-1976","1":"product","2":"type-product","3":"status-publish","4":"has-post-thumbnail","6":"product_cat-termometre-termohigrometre","8":"first","9":"instock","10":"sale","11":"taxable","12":"shipping-taxable","13":"purchasable","14":"product-type-simple"},"_links":{"self":[{"href":"https:\/\/hbbkimya.com\/index.php?rest_route=\/wp\/v2\/product\/1976","targetHints":{"allow":["GET"]}}],"collection":[{"href":"https:\/\/hbbkimya.com\/index.php?rest_route=\/wp\/v2\/product"}],"about":[{"href":"https:\/\/hbbkimya.com\/index.php?rest_route=\/wp\/v2\/types\/product"}],"replies":[{"embeddable":true,"href":"https:\/\/hbbkimya.com\/index.php?rest_route=%2Fwp%2Fv2%2Fcomments&post=1976"}],"wp:featuredmedia":[{"embeddable":true,"href":"https:\/\/hbbkimya.com\/index.php?rest_route=\/wp\/v2\/media\/1980"}],"wp:attachment":[{"href":"https:\/\/hbbkimya.com\/index.php?rest_route=%2Fwp%2Fv2%2Fmedia&parent=1976"}],"wp:term":[{"taxonomy":"product_brand","embeddable":true,"href":"https:\/\/hbbkimya.com\/index.php?rest_route=%2Fwp%2Fv2%2Fproduct_brand&post=1976"},{"taxonomy":"product_cat","embeddable":true,"href":"https:\/\/hbbkimya.com\/index.php?rest_route=%2Fwp%2Fv2%2Fproduct_cat&post=1976"},{"taxonomy":"product_tag","embeddable":true,"href":"https:\/\/hbbkimya.com\/index.php?rest_route=%2Fwp%2Fv2%2Fproduct_tag&post=1976"}],"curies":[{"name":"wp","href":"https:\/\/api.w.org\/{rel}","templated":true}]}}