{"id":1974,"date":"2026-01-04T20:23:05","date_gmt":"2026-01-04T17:23:05","guid":{"rendered":"https:\/\/hbbkimya.com\/?post_type=product&#038;p=1974"},"modified":"2026-02-08T22:03:17","modified_gmt":"2026-02-08T19:03:17","slug":"dijital-termohigrometre-ic-dis-sicaklik-ve-nem-olcer","status":"publish","type":"product","link":"https:\/\/hbbkimya.com\/?product=dijital-termohigrometre-ic-dis-sicaklik-ve-nem-olcer","title":{"rendered":"Dijital Termohigrometre (\u0130\u00e7 \/ D\u0131\u015f S\u0131cakl\u0131k ve Nem \u00d6l\u00e7er)"},"content":{"rendered":"<p><a href=\"https:\/\/hbbkimya.com\/wp-content\/uploads\/2026\/01\/htc-2-termohigrometre-in-out-ic-dis-problu-nemolcer.jpg\"><img loading=\"lazy\" decoding=\"async\" class=\"alignnone size-medium wp-image-1975\" src=\"https:\/\/hbbkimya.com\/wp-content\/uploads\/2026\/01\/htc-2-termohigrometre-in-out-ic-dis-problu-nemolcer-300x300.jpg\" alt=\"\" width=\"300\" height=\"300\" srcset=\"https:\/\/hbbkimya.com\/wp-content\/uploads\/2026\/01\/htc-2-termohigrometre-in-out-ic-dis-problu-nemolcer-300x300.jpg 300w, https:\/\/hbbkimya.com\/wp-content\/uploads\/2026\/01\/htc-2-termohigrometre-in-out-ic-dis-problu-nemolcer-150x150.jpg 150w, https:\/\/hbbkimya.com\/wp-content\/uploads\/2026\/01\/htc-2-termohigrometre-in-out-ic-dis-problu-nemolcer-768x768.jpg 768w, https:\/\/hbbkimya.com\/wp-content\/uploads\/2026\/01\/htc-2-termohigrometre-in-out-ic-dis-problu-nemolcer-600x600.jpg 600w, https:\/\/hbbkimya.com\/wp-content\/uploads\/2026\/01\/htc-2-termohigrometre-in-out-ic-dis-problu-nemolcer-100x100.jpg 100w, https:\/\/hbbkimya.com\/wp-content\/uploads\/2026\/01\/htc-2-termohigrometre-in-out-ic-dis-problu-nemolcer.jpg 1001w\" sizes=\"auto, (max-width: 300px) 100vw, 300px\" \/><\/a><\/p>\n","protected":false},"excerpt":{"rendered":"<p>Paket \u0130\u00e7eri\u011fi : 1 adet<\/p>\n<p>HTC-2 dijital termohigrometre, i\u00e7 ortam s\u0131cakl\u0131\u011f\u0131 ve nem de\u011ferlerinin yan\u0131 s\u0131ra <strong data-start=\"391\" data-end=\"439\">harici probu sayesinde d\u0131\u015f ortam s\u0131cakl\u0131\u011f\u0131n\u0131<\/strong> da \u00f6l\u00e7ebilen \u00e7ok fonksiyonlu bir \u00f6l\u00e7\u00fcm cihaz\u0131d\u0131r. Geni\u015f LCD ekran\u0131 ile i\u00e7 s\u0131cakl\u0131k, d\u0131\u015f s\u0131cakl\u0131k, nem, saat ve tarih bilgileri ayn\u0131 anda g\u00f6r\u00fcnt\u00fclenebilir. Ev, ofis, laboratuvar, sera ve depo gibi alanlarda kullan\u0131m i\u00e7in uygundur.<\/p>\n<h3 data-start=\"676\" data-end=\"701\"><strong data-start=\"680\" data-end=\"701\">Teknik \u00d6zellikler<\/strong><\/h3>\n<ul data-start=\"703\" data-end=\"1088\">\n<li data-start=\"703\" data-end=\"807\">\n<p data-start=\"705\" data-end=\"722\"><strong data-start=\"705\" data-end=\"720\">\u00d6l\u00e7\u00fcm T\u00fcr\u00fc:<\/strong><\/p>\n<ul data-start=\"725\" data-end=\"807\">\n<li data-start=\"725\" data-end=\"747\">\n<p data-start=\"727\" data-end=\"747\">\u0130\u00e7 ortam s\u0131cakl\u0131\u011f\u0131<\/p>\n<\/li>\n<li data-start=\"750\" data-end=\"791\">\n<p data-start=\"752\" data-end=\"791\">D\u0131\u015f ortam s\u0131cakl\u0131\u011f\u0131 (harici prob ile)<\/p>\n<\/li>\n<li data-start=\"794\" data-end=\"807\">\n<p data-start=\"796\" data-end=\"807\">Ba\u011f\u0131l nem<\/p>\n<\/li>\n<\/ul>\n<\/li>\n<li data-start=\"809\" data-end=\"859\">\n<p data-start=\"811\" data-end=\"859\"><strong data-start=\"811\" data-end=\"841\">\u0130\u00e7 S\u0131cakl\u0131k \u00d6l\u00e7\u00fcm Aral\u0131\u011f\u0131:<\/strong> -10 \u00b0C ~ +50 \u00b0C<\/p>\n<\/li>\n<li data-start=\"860\" data-end=\"911\">\n<p data-start=\"862\" data-end=\"911\"><strong data-start=\"862\" data-end=\"893\">D\u0131\u015f S\u0131cakl\u0131k \u00d6l\u00e7\u00fcm Aral\u0131\u011f\u0131:<\/strong> -50 \u00b0C ~ +70 \u00b0C<\/p>\n<\/li>\n<li data-start=\"912\" data-end=\"951\">\n<p data-start=\"914\" data-end=\"951\"><strong data-start=\"914\" data-end=\"936\">Nem \u00d6l\u00e7\u00fcm Aral\u0131\u011f\u0131:<\/strong> %10 ~ %99 RH<\/p>\n<\/li>\n<li data-start=\"953\" data-end=\"988\">\n<p data-start=\"955\" data-end=\"988\"><strong data-start=\"955\" data-end=\"980\">S\u0131cakl\u0131k Hassasiyeti:<\/strong> \u00b11 \u00b0C<\/p>\n<\/li>\n<li data-start=\"989\" data-end=\"1020\">\n<p data-start=\"991\" data-end=\"1020\"><strong data-start=\"991\" data-end=\"1011\">Nem Hassasiyeti:<\/strong> \u00b15 %RH<\/p>\n<\/li>\n<li data-start=\"1021\" data-end=\"1057\">\n<p data-start=\"1023\" data-end=\"1057\"><strong data-start=\"1023\" data-end=\"1048\">S\u0131cakl\u0131k \u00c7\u00f6z\u00fcn\u00fcrl\u00fc\u011f\u00fc:<\/strong> 0,1 \u00b0C<\/p>\n<\/li>\n<li data-start=\"1058\" data-end=\"1088\">\n<p data-start=\"1060\" data-end=\"1088\"><strong data-start=\"1060\" data-end=\"1080\">Nem \u00c7\u00f6z\u00fcn\u00fcrl\u00fc\u011f\u00fc:<\/strong> 1 %RH<\/p>\n<\/li>\n<\/ul>\n<h3 data-start=\"1095\" data-end=\"1115\"><strong data-start=\"1099\" data-end=\"1115\">Fonksiyonlar<\/strong><\/h3>\n<ul data-start=\"1117\" data-end=\"1353\">\n<li data-start=\"1117\" data-end=\"1180\">\n<p data-start=\"1119\" data-end=\"1180\">Ayn\u0131 ekranda <strong data-start=\"1132\" data-end=\"1168\">i\u00e7 s\u0131cakl\u0131k, d\u0131\u015f s\u0131cakl\u0131k ve nem<\/strong> g\u00f6sterimi<\/p>\n<\/li>\n<li data-start=\"1181\" data-end=\"1216\">\n<p data-start=\"1183\" data-end=\"1216\"><strong data-start=\"1183\" data-end=\"1216\">Harici kablolu s\u0131cakl\u0131k probu<\/strong><\/p>\n<\/li>\n<li data-start=\"1217\" data-end=\"1256\">\n<p data-start=\"1219\" data-end=\"1256\"><strong data-start=\"1219\" data-end=\"1241\">Maksimum \/ minimum<\/strong> de\u011fer haf\u0131zas\u0131<\/p>\n<\/li>\n<li data-start=\"1257\" data-end=\"1309\">\n<p data-start=\"1259\" data-end=\"1309\"><strong data-start=\"1259\" data-end=\"1277\">Saat ve takvim<\/strong> fonksiyonu (12\/24 saat format\u0131)<\/p>\n<\/li>\n<li data-start=\"1310\" data-end=\"1330\">\n<p data-start=\"1312\" data-end=\"1330\"><strong data-start=\"1312\" data-end=\"1321\">Alarm<\/strong> \u00f6zelli\u011fi<\/p>\n<\/li>\n<li data-start=\"1331\" data-end=\"1353\">\n<p data-start=\"1333\" data-end=\"1353\">\u00b0C \/ \u00b0F birim se\u00e7imi<\/p>\n<\/li>\n<\/ul>\n<h3 data-start=\"1360\" data-end=\"1387\"><strong data-start=\"1364\" data-end=\"1387\">Fiziksel \u00d6zellikler<\/strong><\/h3>\n<ul data-start=\"1389\" data-end=\"1561\">\n<li data-start=\"1389\" data-end=\"1421\">\n<p data-start=\"1391\" data-end=\"1421\"><strong data-start=\"1391\" data-end=\"1401\">Ekran:<\/strong> Dijital LCD ekran<\/p>\n<\/li>\n<li data-start=\"1422\" data-end=\"1476\">\n<p data-start=\"1424\" data-end=\"1476\"><strong data-start=\"1424\" data-end=\"1435\">Montaj:<\/strong> Masa\u00fcst\u00fc kullan\u0131m ve duvara as\u0131labilir<\/p>\n<\/li>\n<li data-start=\"1477\" data-end=\"1499\">\n<p data-start=\"1479\" data-end=\"1499\"><strong data-start=\"1479\" data-end=\"1489\">G\u00f6vde:<\/strong> Plastik<\/p>\n<\/li>\n<li data-start=\"1500\" data-end=\"1519\">\n<p data-start=\"1502\" data-end=\"1519\"><strong data-start=\"1502\" data-end=\"1511\">Renk:<\/strong> Beyaz<\/p>\n<\/li>\n<li data-start=\"1520\" data-end=\"1561\">\n<p data-start=\"1522\" data-end=\"1561\"><strong data-start=\"1522\" data-end=\"1538\">G\u00fc\u00e7 Kayna\u011f\u0131:<\/strong> 1 adet AAA pil (1.5 V)<\/p>\n<\/li>\n<\/ul>\n","protected":false},"featured_media":1975,"comment_status":"open","ping_status":"closed","template":"","meta":{"neve_meta_sidebar":"","neve_meta_container":"","neve_meta_enable_content_width":"off","neve_meta_content_width":100,"neve_meta_title_alignment":"","neve_meta_author_avatar":"","neve_post_elements_order":"","neve_meta_disable_header":"","neve_meta_disable_footer":"","neve_meta_disable_title":"","_themeisle_gutenberg_block_has_review":false},"product_brand":[],"product_cat":[52],"product_tag":[],"class_list":{"0":"post-1974","1":"product","2":"type-product","3":"status-publish","4":"has-post-thumbnail","6":"product_cat-termometre-termohigrometre","8":"first","9":"instock","10":"taxable","11":"shipping-taxable","12":"purchasable","13":"product-type-simple"},"_links":{"self":[{"href":"https:\/\/hbbkimya.com\/index.php?rest_route=\/wp\/v2\/product\/1974","targetHints":{"allow":["GET"]}}],"collection":[{"href":"https:\/\/hbbkimya.com\/index.php?rest_route=\/wp\/v2\/product"}],"about":[{"href":"https:\/\/hbbkimya.com\/index.php?rest_route=\/wp\/v2\/types\/product"}],"replies":[{"embeddable":true,"href":"https:\/\/hbbkimya.com\/index.php?rest_route=%2Fwp%2Fv2%2Fcomments&post=1974"}],"wp:featuredmedia":[{"embeddable":true,"href":"https:\/\/hbbkimya.com\/index.php?rest_route=\/wp\/v2\/media\/1975"}],"wp:attachment":[{"href":"https:\/\/hbbkimya.com\/index.php?rest_route=%2Fwp%2Fv2%2Fmedia&parent=1974"}],"wp:term":[{"taxonomy":"product_brand","embeddable":true,"href":"https:\/\/hbbkimya.com\/index.php?rest_route=%2Fwp%2Fv2%2Fproduct_brand&post=1974"},{"taxonomy":"product_cat","embeddable":true,"href":"https:\/\/hbbkimya.com\/index.php?rest_route=%2Fwp%2Fv2%2Fproduct_cat&post=1974"},{"taxonomy":"product_tag","embeddable":true,"href":"https:\/\/hbbkimya.com\/index.php?rest_route=%2Fwp%2Fv2%2Fproduct_tag&post=1974"}],"curies":[{"name":"wp","href":"https:\/\/api.w.org\/{rel}","templated":true}]}}