{"id":1909,"date":"2025-09-07T20:44:00","date_gmt":"2025-09-07T17:44:00","guid":{"rendered":"https:\/\/hbbkimya.com\/?post_type=product&#038;p=1909"},"modified":"2025-09-07T20:44:28","modified_gmt":"2025-09-07T17:44:28","slug":"dlab-mx-f-vorteks-3000-rpm-sabit-hizli-tup-karistirici","status":"publish","type":"product","link":"https:\/\/hbbkimya.com\/?product=dlab-mx-f-vorteks-3000-rpm-sabit-hizli-tup-karistirici","title":{"rendered":"DLAB MX-F Vorteks 3000 rpm Sabit H\u0131zl\u0131 T\u00fcp Kar\u0131\u015ft\u0131r\u0131c\u0131"},"content":{"rendered":"<p><a href=\"https:\/\/hbbkimya.com\/wp-content\/uploads\/2025\/09\/dlab-mx-f-vorteks-3-000-rpm-sabit-hizli-tup-karistirici.webp\"><img loading=\"lazy\" decoding=\"async\" class=\"alignnone size-medium wp-image-1910\" src=\"https:\/\/hbbkimya.com\/wp-content\/uploads\/2025\/09\/dlab-mx-f-vorteks-3-000-rpm-sabit-hizli-tup-karistirici-300x300.webp\" alt=\"\" width=\"300\" height=\"300\" srcset=\"https:\/\/hbbkimya.com\/wp-content\/uploads\/2025\/09\/dlab-mx-f-vorteks-3-000-rpm-sabit-hizli-tup-karistirici-300x300.webp 300w, https:\/\/hbbkimya.com\/wp-content\/uploads\/2025\/09\/dlab-mx-f-vorteks-3-000-rpm-sabit-hizli-tup-karistirici-100x100.webp 100w, https:\/\/hbbkimya.com\/wp-content\/uploads\/2025\/09\/dlab-mx-f-vorteks-3-000-rpm-sabit-hizli-tup-karistirici-600x600.webp 600w, https:\/\/hbbkimya.com\/wp-content\/uploads\/2025\/09\/dlab-mx-f-vorteks-3-000-rpm-sabit-hizli-tup-karistirici-150x150.webp 150w, https:\/\/hbbkimya.com\/wp-content\/uploads\/2025\/09\/dlab-mx-f-vorteks-3-000-rpm-sabit-hizli-tup-karistirici-768x768.webp 768w, https:\/\/hbbkimya.com\/wp-content\/uploads\/2025\/09\/dlab-mx-f-vorteks-3-000-rpm-sabit-hizli-tup-karistirici.webp 800w\" sizes=\"auto, (max-width: 300px) 100vw, 300px\" \/><\/a><\/p>\n","protected":false},"excerpt":{"rendered":"<table border=\"1\">\n<tbody>\n<tr>\n<td><strong>Teknik \u00f6zellikler<\/strong><\/td>\n<\/tr>\n<\/tbody>\n<\/table>\n<table border=\"1\">\n<tbody>\n<tr>\n<td><strong>Hareket t\u00fcr\u00fc<\/strong><\/td>\n<td>Orbital<\/td>\n<\/tr>\n<tr>\n<td><strong>Y\u00f6r\u00fcnge \u00e7ap\u0131<\/strong><\/td>\n<td>4mm<\/td>\n<\/tr>\n<tr>\n<td><strong>H\u0131z aral\u0131\u011f\u0131<\/strong><\/td>\n<td>3000rpm (Sabit H\u0131z)<\/td>\n<\/tr>\n<tr>\n<td><strong>H\u0131z g\u00f6stergesi<\/strong><\/td>\n<td>&#8211;<\/td>\n<\/tr>\n<tr>\n<td><strong>\u00c7al\u0131\u015fma t\u00fcr\u00fc<\/strong><\/td>\n<td>Dokunmatik \u00e7al\u0131\u015fma\/S\u00fcrekli<\/td>\n<\/tr>\n<tr>\n<td><b>Motor Tipi<\/b><\/td>\n<td>G\u00f6lge kutuplu motor<\/td>\n<\/tr>\n<tr>\n<td><b>Motor derecelendirme giri\u015fi<\/b><\/td>\n<td>58B<\/td>\n<\/tr>\n<tr>\n<td><strong>Motor derecelendirme \u00e7\u0131k\u0131\u015f\u0131<\/strong><\/td>\n<td>10W<\/td>\n<\/tr>\n<tr>\n<td><strong>G\u00fc\u00e7<\/strong><\/td>\n<td>60W<\/td>\n<\/tr>\n<tr>\n<td><strong>Gerilim<\/strong><\/td>\n<td>100-120V\/200-240V<\/td>\n<\/tr>\n<tr>\n<td><strong>S\u0131kl\u0131k<\/strong><\/td>\n<td>50\/60Hz<\/td>\n<\/tr>\n<tr>\n<td><strong>Boyut (GxYxD)<\/strong><\/td>\n<td>127x130x160mm<\/td>\n<\/tr>\n<tr>\n<td><strong>A\u011f\u0131rl\u0131k<\/strong><\/td>\n<td>2,0 kg<\/td>\n<\/tr>\n<tr>\n<td><strong>\u0130zin verilen ortam s\u0131cakl\u0131\u011f\u0131<\/strong><\/td>\n<td>5-40\u00b0C<\/td>\n<\/tr>\n<tr>\n<td><strong>\u0130zin verilen ortam nemi<\/strong><\/td>\n<td>%80 ba\u011f\u0131l nem<\/td>\n<\/tr>\n<tr>\n<td><strong>Koruma s\u0131n\u0131f\u0131<\/strong><\/td>\n<td>IP20<\/td>\n<\/tr>\n<\/tbody>\n<\/table>\n<p>Numunelerin h\u0131zl\u0131 kar\u0131\u015ft\u0131r\u0131lmas\u0131 i\u00e7in\u00a03.000 rpm \u00e7alkalama<\/p>\n<p>Dokunmatik veya s\u00fcrekli \u00e7al\u0131\u015fma modu<\/p>\n<p>\u00c7ap\u0131 30 mm&#8217;ye kadar olan tek bir test t\u00fcp\u00fcn\u00fc veya di\u011fer k\u00fc\u00e7\u00fck bir kab\u0131 kar\u0131\u015ft\u0131rmak i\u00e7in standart bir \u00fcst ba\u015fl\u0131k i\u00e7erir<\/p>\n<p>Elektronik h\u0131z kontrol\u00fc, y\u00fck de\u011fi\u015fimleri s\u0131ras\u0131nda bile sabit h\u0131z\u0131 korur<\/p>\n<p>\u00d6zel olarak tasarlanm\u0131\u015f vakumlu emi\u015f ayaklar\u0131na sahip \u00e7elik taban, denge sa\u011flar ve titre\u015fimi azalt\u0131r<\/p>\n<p>Sa\u011flam al\u00fcminyum d\u00f6k\u00fcm yap\u0131<\/p>\n<p>&nbsp;<\/p>\n","protected":false},"featured_media":1910,"comment_status":"open","ping_status":"closed","template":"","meta":{"neve_meta_sidebar":"","neve_meta_container":"","neve_meta_enable_content_width":"off","neve_meta_content_width":100,"neve_meta_title_alignment":"","neve_meta_author_avatar":"","neve_post_elements_order":"","neve_meta_disable_header":"","neve_meta_disable_footer":"","neve_meta_disable_title":"","_themeisle_gutenberg_block_has_review":false},"product_brand":[],"product_cat":[39,51],"product_tag":[],"class_list":{"0":"post-1909","1":"product","2":"type-product","3":"status-publish","4":"has-post-thumbnail","6":"product_cat-cihazlar","7":"product_cat-manyetik-mekanik-tup-karistiricilar","9":"first","10":"instock","11":"taxable","12":"shipping-taxable","13":"purchasable","14":"product-type-simple"},"_links":{"self":[{"href":"https:\/\/hbbkimya.com\/index.php?rest_route=\/wp\/v2\/product\/1909","targetHints":{"allow":["GET"]}}],"collection":[{"href":"https:\/\/hbbkimya.com\/index.php?rest_route=\/wp\/v2\/product"}],"about":[{"href":"https:\/\/hbbkimya.com\/index.php?rest_route=\/wp\/v2\/types\/product"}],"replies":[{"embeddable":true,"href":"https:\/\/hbbkimya.com\/index.php?rest_route=%2Fwp%2Fv2%2Fcomments&post=1909"}],"wp:featuredmedia":[{"embeddable":true,"href":"https:\/\/hbbkimya.com\/index.php?rest_route=\/wp\/v2\/media\/1910"}],"wp:attachment":[{"href":"https:\/\/hbbkimya.com\/index.php?rest_route=%2Fwp%2Fv2%2Fmedia&parent=1909"}],"wp:term":[{"taxonomy":"product_brand","embeddable":true,"href":"https:\/\/hbbkimya.com\/index.php?rest_route=%2Fwp%2Fv2%2Fproduct_brand&post=1909"},{"taxonomy":"product_cat","embeddable":true,"href":"https:\/\/hbbkimya.com\/index.php?rest_route=%2Fwp%2Fv2%2Fproduct_cat&post=1909"},{"taxonomy":"product_tag","embeddable":true,"href":"https:\/\/hbbkimya.com\/index.php?rest_route=%2Fwp%2Fv2%2Fproduct_tag&post=1909"}],"curies":[{"name":"wp","href":"https:\/\/api.w.org\/{rel}","templated":true}]}}