{"id":1894,"date":"2025-08-24T22:16:54","date_gmt":"2025-08-24T19:16:54","guid":{"rendered":"https:\/\/hbbkimya.com\/?post_type=product&#038;p=1894"},"modified":"2026-04-12T17:21:06","modified_gmt":"2026-04-12T14:21:06","slug":"deney-tupu-16x160-mm-kapakli-cam-test-tupu-10-adet","status":"publish","type":"product","link":"https:\/\/hbbkimya.com\/?product=deney-tupu-16x160-mm-kapakli-cam-test-tupu-10-adet","title":{"rendered":"Deney T\u00fcp\u00fc 16\u00d7160 mm \u2013 Vida Kapakl\u0131 Cam Test T\u00fcp\u00fc 10 Adet"},"content":{"rendered":"<p><a href=\"https:\/\/hbbkimya.com\/wp-content\/uploads\/2025\/08\/deney-tupu-16x160mm-vida-kapakli-21ml.png\"><img loading=\"lazy\" decoding=\"async\" class=\"alignnone size-medium wp-image-2115\" src=\"https:\/\/hbbkimya.com\/wp-content\/uploads\/2025\/08\/deney-tupu-16x160mm-vida-kapakli-21ml-200x300.png\" alt=\"\" width=\"200\" height=\"300\" srcset=\"https:\/\/hbbkimya.com\/wp-content\/uploads\/2025\/08\/deney-tupu-16x160mm-vida-kapakli-21ml-200x300.png 200w, https:\/\/hbbkimya.com\/wp-content\/uploads\/2025\/08\/deney-tupu-16x160mm-vida-kapakli-21ml-683x1024.png 683w, https:\/\/hbbkimya.com\/wp-content\/uploads\/2025\/08\/deney-tupu-16x160mm-vida-kapakli-21ml-768x1152.png 768w, https:\/\/hbbkimya.com\/wp-content\/uploads\/2025\/08\/deney-tupu-16x160mm-vida-kapakli-21ml-600x900.png 600w, https:\/\/hbbkimya.com\/wp-content\/uploads\/2025\/08\/deney-tupu-16x160mm-vida-kapakli-21ml.png 1024w\" sizes=\"auto, (max-width: 200px) 100vw, 200px\" \/><\/a><\/p>\n","protected":false},"excerpt":{"rendered":"<p style=\"text-align: left;\">121\u00b0C otoklavlanabilir borosilikat 3.3 cam t\u00fcp. Kau\u00e7uk astarl\u0131 bakalit kapakl\u0131, s\u0131zd\u0131rmaz tasar\u0131m. H\u00fccre k\u00fclt\u00fcr\u00fc ve mikrobiyoloji \u00e7al\u0131\u015fmalar\u0131 i\u00e7in ideal.<\/p>\n<p style=\"text-align: left;\">Dayan\u0131kl\u0131 cam yap\u0131s\u0131 ve s\u0131zd\u0131rmaz kapak sistemi sayesinde numunelerin g\u00fcvenli \u015fekilde saklanmas\u0131na ve ta\u015f\u0131nmas\u0131na olanak tan\u0131r.<\/p>\n<p style=\"text-align: left;\">\u015eeffaf cam g\u00f6vdesi, i\u00e7eriklerin kolay g\u00f6zlemlenmesini sa\u011flar ve deney s\u00fcre\u00e7lerinde maksimum kontrol imk\u00e2n\u0131 sunar.<\/p>\n<h3 data-start=\"582\" data-end=\"603\">Teknik \u00d6zellikler<\/h3>\n<ul>\n<li data-start=\"607\" data-end=\"625\"><strong data-start=\"607\" data-end=\"617\">Hacim:<\/strong> 21 ml<\/li>\n<li data-start=\"628\" data-end=\"662\"><strong data-start=\"628\" data-end=\"640\">Malzeme:<\/strong>\u00a0Borosilikat Cam 3.3<\/li>\n<li data-start=\"665\" data-end=\"714\"><strong data-start=\"665\" data-end=\"675\">Kapak:<\/strong>\u00a0Kau\u00e7uk astarl\u0131, Bakalit vidal\u0131 kapak<\/li>\n<li data-start=\"717\" data-end=\"773\"><strong data-start=\"717\" data-end=\"744\">Sterilizasyon Dayan\u0131m\u0131:<\/strong>\u00a0121 \u00b0C\u2019de otoklavlanabilir<\/li>\n<li data-start=\"776\" data-end=\"833\"><strong data-start=\"776\" data-end=\"788\">Tasar\u0131m:<\/strong>\u00a0Hava ge\u00e7irmez ve s\u0131zd\u0131rmaz kapatma sistemi<\/li>\n<li data-start=\"836\" data-end=\"912\"><strong data-start=\"836\" data-end=\"858\">Hacim Se\u00e7enekleri:<\/strong>\u00a012 ml \u2013 50 ml aral\u0131\u011f\u0131nda farkl\u0131 \u00f6l\u00e7\u00fc alternatifleri<\/li>\n<li data-start=\"915\" data-end=\"943\"><strong data-start=\"915\" data-end=\"933\">Paket \u0130\u00e7eri\u011fi:<\/strong>\u00a010 adet<\/li>\n<\/ul>\n","protected":false},"featured_media":2115,"comment_status":"open","ping_status":"closed","template":"","meta":{"neve_meta_sidebar":"","neve_meta_container":"","neve_meta_enable_content_width":"off","neve_meta_content_width":100,"neve_meta_title_alignment":"","neve_meta_author_avatar":"","neve_post_elements_order":"","neve_meta_disable_header":"","neve_meta_disable_footer":"","neve_meta_disable_title":"","_themeisle_gutenberg_block_has_review":false},"product_brand":[],"product_cat":[37],"product_tag":[],"class_list":{"0":"post-1894","1":"product","2":"type-product","3":"status-publish","4":"has-post-thumbnail","6":"product_cat-cam","8":"first","9":"instock","10":"taxable","11":"shipping-taxable","12":"purchasable","13":"product-type-simple"},"_links":{"self":[{"href":"https:\/\/hbbkimya.com\/index.php?rest_route=\/wp\/v2\/product\/1894","targetHints":{"allow":["GET"]}}],"collection":[{"href":"https:\/\/hbbkimya.com\/index.php?rest_route=\/wp\/v2\/product"}],"about":[{"href":"https:\/\/hbbkimya.com\/index.php?rest_route=\/wp\/v2\/types\/product"}],"replies":[{"embeddable":true,"href":"https:\/\/hbbkimya.com\/index.php?rest_route=%2Fwp%2Fv2%2Fcomments&post=1894"}],"wp:featuredmedia":[{"embeddable":true,"href":"https:\/\/hbbkimya.com\/index.php?rest_route=\/wp\/v2\/media\/2115"}],"wp:attachment":[{"href":"https:\/\/hbbkimya.com\/index.php?rest_route=%2Fwp%2Fv2%2Fmedia&parent=1894"}],"wp:term":[{"taxonomy":"product_brand","embeddable":true,"href":"https:\/\/hbbkimya.com\/index.php?rest_route=%2Fwp%2Fv2%2Fproduct_brand&post=1894"},{"taxonomy":"product_cat","embeddable":true,"href":"https:\/\/hbbkimya.com\/index.php?rest_route=%2Fwp%2Fv2%2Fproduct_cat&post=1894"},{"taxonomy":"product_tag","embeddable":true,"href":"https:\/\/hbbkimya.com\/index.php?rest_route=%2Fwp%2Fv2%2Fproduct_tag&post=1894"}],"curies":[{"name":"wp","href":"https:\/\/api.w.org\/{rel}","templated":true}]}}