{"id":1890,"date":"2025-08-24T19:39:02","date_gmt":"2025-08-24T16:39:02","guid":{"rendered":"https:\/\/hbbkimya.com\/?post_type=product&#038;p=1890"},"modified":"2025-08-24T20:36:31","modified_gmt":"2025-08-24T17:36:31","slug":"magnezyum-sulfat-heptahidrat-100-gr","status":"publish","type":"product","link":"https:\/\/hbbkimya.com\/?product=magnezyum-sulfat-heptahidrat-100-gr","title":{"rendered":"Magnezyum S\u00fclfat Heptahidrat 100 gr"},"content":{"rendered":"<p><a href=\"https:\/\/hbbkimya.com\/wp-content\/uploads\/2025\/08\/magnezyum-sulfat-heptahidrat-100-gr-ingiliz-tuzu-scaled.jpg\"><img loading=\"lazy\" decoding=\"async\" class=\"alignnone size-medium wp-image-1891\" src=\"https:\/\/hbbkimya.com\/wp-content\/uploads\/2025\/08\/magnezyum-sulfat-heptahidrat-100-gr-ingiliz-tuzu-225x300.jpg\" alt=\"\" width=\"225\" height=\"300\" srcset=\"https:\/\/hbbkimya.com\/wp-content\/uploads\/2025\/08\/magnezyum-sulfat-heptahidrat-100-gr-ingiliz-tuzu-225x300.jpg 225w, https:\/\/hbbkimya.com\/wp-content\/uploads\/2025\/08\/magnezyum-sulfat-heptahidrat-100-gr-ingiliz-tuzu-scaled-600x800.jpg 600w, https:\/\/hbbkimya.com\/wp-content\/uploads\/2025\/08\/magnezyum-sulfat-heptahidrat-100-gr-ingiliz-tuzu-768x1024.jpg 768w, https:\/\/hbbkimya.com\/wp-content\/uploads\/2025\/08\/magnezyum-sulfat-heptahidrat-100-gr-ingiliz-tuzu-1152x1536.jpg 1152w, https:\/\/hbbkimya.com\/wp-content\/uploads\/2025\/08\/magnezyum-sulfat-heptahidrat-100-gr-ingiliz-tuzu-1536x2048.jpg 1536w, https:\/\/hbbkimya.com\/wp-content\/uploads\/2025\/08\/magnezyum-sulfat-heptahidrat-100-gr-ingiliz-tuzu-scaled.jpg 1920w\" sizes=\"auto, (max-width: 225px) 100vw, 225px\" \/><\/a><\/p>\n","protected":false},"excerpt":{"rendered":"<p>Form\u00fcl\u00fc : MgSO4.7H2O<\/p>\n<p>Magnezyum s\u00fclfat kimyasal form\u00fcl\u00fc MgSO\u2084 olan, magnezyum, k\u00fck\u00fcrt ve oksijen i\u00e7eren bir inorganik tuzdur. Genellikle heptahidrat formunda s\u00fclfat minerali olan Epsomit ya da di\u011fer ad\u0131yla Epsom tuzu halinde bulunur.<\/p>\n<div>Magnezyum S\u00fclfat, magnezyum k\u00fck\u00fcrt ve oksijenin birle\u015fmesiyle olu\u015fan beyaz inorganik bir tuzdur. Kokusuz ve ac\u0131 bir tada sahiptir.<\/div>\n<div><\/div>\n<div>Laboratuvarda analiz maksatl\u0131 kullan\u0131lmaktad\u0131r.<\/div>\n<div><\/div>\n<div>Nerelerde Kullan\u0131l\u0131r ;<\/div>\n<ul>\n<li>Sabun ve deterjan \u00fcretimi<\/li>\n<li>Kozmetik<\/li>\n<li>Deri sekt\u00f6r\u00fc<\/li>\n<li>Mide i\u00e7i asit- baz d\u00fczenleyicisi<\/li>\n<li>Sindirim iyile\u015ftirici<\/li>\n<li>Tekstil ve deri end\u00fcstrisi<\/li>\n<\/ul>\n","protected":false},"featured_media":1891,"comment_status":"open","ping_status":"closed","template":"","meta":{"neve_meta_sidebar":"","neve_meta_container":"","neve_meta_enable_content_width":"off","neve_meta_content_width":100,"neve_meta_title_alignment":"","neve_meta_author_avatar":"","neve_post_elements_order":"","neve_meta_disable_header":"","neve_meta_disable_footer":"","neve_meta_disable_title":"","_themeisle_gutenberg_block_has_review":false},"product_brand":[65],"product_cat":[44],"product_tag":[],"class_list":{"0":"post-1890","1":"product","2":"type-product","3":"status-publish","4":"has-post-thumbnail","6":"product_brand-hbbchem","7":"product_cat-toz-kati","9":"first","10":"instock","11":"taxable","12":"shipping-taxable","13":"purchasable","14":"product-type-simple"},"_links":{"self":[{"href":"https:\/\/hbbkimya.com\/index.php?rest_route=\/wp\/v2\/product\/1890","targetHints":{"allow":["GET"]}}],"collection":[{"href":"https:\/\/hbbkimya.com\/index.php?rest_route=\/wp\/v2\/product"}],"about":[{"href":"https:\/\/hbbkimya.com\/index.php?rest_route=\/wp\/v2\/types\/product"}],"replies":[{"embeddable":true,"href":"https:\/\/hbbkimya.com\/index.php?rest_route=%2Fwp%2Fv2%2Fcomments&post=1890"}],"wp:featuredmedia":[{"embeddable":true,"href":"https:\/\/hbbkimya.com\/index.php?rest_route=\/wp\/v2\/media\/1891"}],"wp:attachment":[{"href":"https:\/\/hbbkimya.com\/index.php?rest_route=%2Fwp%2Fv2%2Fmedia&parent=1890"}],"wp:term":[{"taxonomy":"product_brand","embeddable":true,"href":"https:\/\/hbbkimya.com\/index.php?rest_route=%2Fwp%2Fv2%2Fproduct_brand&post=1890"},{"taxonomy":"product_cat","embeddable":true,"href":"https:\/\/hbbkimya.com\/index.php?rest_route=%2Fwp%2Fv2%2Fproduct_cat&post=1890"},{"taxonomy":"product_tag","embeddable":true,"href":"https:\/\/hbbkimya.com\/index.php?rest_route=%2Fwp%2Fv2%2Fproduct_tag&post=1890"}],"curies":[{"name":"wp","href":"https:\/\/api.w.org\/{rel}","templated":true}]}}