{"id":1880,"date":"2025-08-24T18:10:37","date_gmt":"2025-08-24T15:10:37","guid":{"rendered":"https:\/\/hbbkimya.com\/?post_type=product&#038;p=1880"},"modified":"2025-08-24T18:10:45","modified_gmt":"2025-08-24T15:10:45","slug":"hidrojen-peroksit-solusyonu-2-1-litre","status":"publish","type":"product","link":"https:\/\/hbbkimya.com\/?product=hidrojen-peroksit-solusyonu-2-1-litre","title":{"rendered":"Hidrojen Peroksit Sol\u00fcsyonu %2 1 Litre"},"content":{"rendered":"<p><a href=\"https:\/\/hbbkimya.com\/wp-content\/uploads\/2025\/08\/hidrojen-peroksit-2-perhidrol-hydrogen-peroxide-scaled.jpeg\"><img loading=\"lazy\" decoding=\"async\" class=\"alignnone size-medium wp-image-1881\" src=\"https:\/\/hbbkimya.com\/wp-content\/uploads\/2025\/08\/hidrojen-peroksit-2-perhidrol-hydrogen-peroxide-223x300.jpeg\" alt=\"\" width=\"223\" height=\"300\" srcset=\"https:\/\/hbbkimya.com\/wp-content\/uploads\/2025\/08\/hidrojen-peroksit-2-perhidrol-hydrogen-peroxide-223x300.jpeg 223w, https:\/\/hbbkimya.com\/wp-content\/uploads\/2025\/08\/hidrojen-peroksit-2-perhidrol-hydrogen-peroxide-scaled-600x808.jpeg 600w, https:\/\/hbbkimya.com\/wp-content\/uploads\/2025\/08\/hidrojen-peroksit-2-perhidrol-hydrogen-peroxide-761x1024.jpeg 761w, https:\/\/hbbkimya.com\/wp-content\/uploads\/2025\/08\/hidrojen-peroksit-2-perhidrol-hydrogen-peroxide-768x1034.jpeg 768w, https:\/\/hbbkimya.com\/wp-content\/uploads\/2025\/08\/hidrojen-peroksit-2-perhidrol-hydrogen-peroxide-1141x1536.jpeg 1141w, https:\/\/hbbkimya.com\/wp-content\/uploads\/2025\/08\/hidrojen-peroksit-2-perhidrol-hydrogen-peroxide-1522x2048.jpeg 1522w, https:\/\/hbbkimya.com\/wp-content\/uploads\/2025\/08\/hidrojen-peroksit-2-perhidrol-hydrogen-peroxide-scaled.jpeg 1902w\" sizes=\"auto, (max-width: 223px) 100vw, 223px\" \/><\/a><\/p>\n","protected":false},"excerpt":{"rendered":"<ul>\n<li>Sanayide geni\u015f bir kullan\u0131m alan\u0131 vard\u0131r,\u00a0 peroksit \u00e7\u00f6zeltisi vir\u00fcs \u00f6ld\u00fcr\u00fcc\u00fc olarak kullan\u0131l\u0131r \u00a0ve kimya laboratuvarlar\u0131nda, elektronik sanayisinde kullan\u0131l\u0131r. tekstil sanayisinde\u00a0\u00a0\u00a0pamuklu kuma\u015flar\u0131 beyazlatmak\u00a0\u00a0\u00a0maksad\u0131yla kullan\u0131l\u0131r.\u00a0\u00a0Ar\u0131tmalarda koku giderici\u00a0\u00a0olarak kullan\u0131m\u0131 vard\u0131r.<\/li>\n<li>Laboratuvarda analiz maksatl\u0131 kullan\u0131lmaktad\u0131r.<\/li>\n<\/ul>\n","protected":false},"featured_media":1881,"comment_status":"open","ping_status":"closed","template":"","meta":{"neve_meta_sidebar":"","neve_meta_container":"","neve_meta_enable_content_width":"off","neve_meta_content_width":100,"neve_meta_title_alignment":"","neve_meta_author_avatar":"","neve_post_elements_order":"","neve_meta_disable_header":"","neve_meta_disable_footer":"","neve_meta_disable_title":"","_themeisle_gutenberg_block_has_review":false},"product_brand":[65],"product_cat":[46],"product_tag":[],"class_list":{"0":"post-1880","1":"product","2":"type-product","3":"status-publish","4":"has-post-thumbnail","6":"product_brand-hbbchem","7":"product_cat-cozeltiler-solusyonlar","9":"first","10":"instock","11":"taxable","12":"shipping-taxable","13":"purchasable","14":"product-type-simple"},"_links":{"self":[{"href":"https:\/\/hbbkimya.com\/index.php?rest_route=\/wp\/v2\/product\/1880","targetHints":{"allow":["GET"]}}],"collection":[{"href":"https:\/\/hbbkimya.com\/index.php?rest_route=\/wp\/v2\/product"}],"about":[{"href":"https:\/\/hbbkimya.com\/index.php?rest_route=\/wp\/v2\/types\/product"}],"replies":[{"embeddable":true,"href":"https:\/\/hbbkimya.com\/index.php?rest_route=%2Fwp%2Fv2%2Fcomments&post=1880"}],"wp:featuredmedia":[{"embeddable":true,"href":"https:\/\/hbbkimya.com\/index.php?rest_route=\/wp\/v2\/media\/1881"}],"wp:attachment":[{"href":"https:\/\/hbbkimya.com\/index.php?rest_route=%2Fwp%2Fv2%2Fmedia&parent=1880"}],"wp:term":[{"taxonomy":"product_brand","embeddable":true,"href":"https:\/\/hbbkimya.com\/index.php?rest_route=%2Fwp%2Fv2%2Fproduct_brand&post=1880"},{"taxonomy":"product_cat","embeddable":true,"href":"https:\/\/hbbkimya.com\/index.php?rest_route=%2Fwp%2Fv2%2Fproduct_cat&post=1880"},{"taxonomy":"product_tag","embeddable":true,"href":"https:\/\/hbbkimya.com\/index.php?rest_route=%2Fwp%2Fv2%2Fproduct_tag&post=1880"}],"curies":[{"name":"wp","href":"https:\/\/api.w.org\/{rel}","templated":true}]}}