{"id":1858,"date":"2025-08-24T12:55:43","date_gmt":"2025-08-24T09:55:43","guid":{"rendered":"https:\/\/hbbkimya.com\/?post_type=product&#038;p=1858"},"modified":"2025-08-24T12:55:43","modified_gmt":"2025-08-24T09:55:43","slug":"okzalik-asit-250-gr","status":"publish","type":"product","link":"https:\/\/hbbkimya.com\/?product=okzalik-asit-250-gr","title":{"rendered":"Okzalik Asit 250 gr"},"content":{"rendered":"<p><a href=\"https:\/\/hbbkimya.com\/wp-content\/uploads\/2025\/08\/okzalik-asit-250-dihdirat-oxalic-acid-scaled.jpg\"><img loading=\"lazy\" decoding=\"async\" class=\"alignnone size-medium wp-image-1859\" src=\"https:\/\/hbbkimya.com\/wp-content\/uploads\/2025\/08\/okzalik-asit-250-dihdirat-oxalic-acid-225x300.jpg\" alt=\"\" width=\"225\" height=\"300\" srcset=\"https:\/\/hbbkimya.com\/wp-content\/uploads\/2025\/08\/okzalik-asit-250-dihdirat-oxalic-acid-225x300.jpg 225w, https:\/\/hbbkimya.com\/wp-content\/uploads\/2025\/08\/okzalik-asit-250-dihdirat-oxalic-acid-scaled-600x800.jpg 600w, https:\/\/hbbkimya.com\/wp-content\/uploads\/2025\/08\/okzalik-asit-250-dihdirat-oxalic-acid-768x1024.jpg 768w, https:\/\/hbbkimya.com\/wp-content\/uploads\/2025\/08\/okzalik-asit-250-dihdirat-oxalic-acid-1152x1536.jpg 1152w, https:\/\/hbbkimya.com\/wp-content\/uploads\/2025\/08\/okzalik-asit-250-dihdirat-oxalic-acid-1536x2048.jpg 1536w, https:\/\/hbbkimya.com\/wp-content\/uploads\/2025\/08\/okzalik-asit-250-dihdirat-oxalic-acid-scaled.jpg 1920w\" sizes=\"auto, (max-width: 225px) 100vw, 225px\" \/><\/a><\/p>\n","protected":false},"excerpt":{"rendered":"<p>Safl\u0131k=99%\u00a0 Form\u00fcl\u00fc : C2H2O4.2H2O\u00a0 Molar k\u00fctle: 126.07 g\/mol<\/p>\n<p>Oksalik asit bitki k\u00f6kenli organik asitlerden biridir. Tekstil end\u00fcstrisinde, ila\u00e7 end\u00fcstrisinde metal ayr\u0131\u015ft\u0131rmada oksalik asidik kullan\u0131l\u0131r.\u00a0Zay\u0131f asit \u00f6zelli\u011fi g\u00f6sterir. Sadece birbirine ba\u011fl\u0131 iki karboksil k\u00f6k\u00fcnden olu\u015fur. Bir\u00e7ok bitkisel kaynakta i\u00e7erik olarak bu organik asit bulunur.\u00a0Ah\u015fap sanayinde beyazlat\u0131c\u0131 olarak ka\u011f\u0131t \u00fcretiminde kullan\u0131lan bir maddedir.<br \/>\nOksalik Asit\u00a0 pas, kire\u00e7 s\u00f6k\u00fcc\u00fc, klozet temizleyici gibi \u00e7e\u015fitli temizlik kimyasallar\u0131nda mineral asitlerin yerine de kullan\u0131labilir.<br \/>\nAr\u0131c\u0131l\u0131kta Varroa ve yaprak damar\u0131 biti (Acarapis woodi) t\u00fcrleriyle m\u00fccadele i\u00e7in kullan\u0131l\u0131r, oksalik asit \u00e7\u00f6zeltisinin buhar\u0131 bu parazitler i\u00e7in \u00f6ld\u00fcr\u00fcc\u00fcd\u00fcr.<\/p>\n<p>Laboratuvarda analiz maksatl\u0131 kullan\u0131lmaktad\u0131r.<\/p>\n","protected":false},"featured_media":1859,"comment_status":"open","ping_status":"closed","template":"","meta":{"neve_meta_sidebar":"","neve_meta_container":"","neve_meta_enable_content_width":"off","neve_meta_content_width":100,"neve_meta_title_alignment":"","neve_meta_author_avatar":"","neve_post_elements_order":"","neve_meta_disable_header":"","neve_meta_disable_footer":"","neve_meta_disable_title":"","_themeisle_gutenberg_block_has_review":false},"product_brand":[65],"product_cat":[44],"product_tag":[],"class_list":{"0":"post-1858","1":"product","2":"type-product","3":"status-publish","4":"has-post-thumbnail","6":"product_brand-hbbchem","7":"product_cat-toz-kati","9":"first","10":"instock","11":"taxable","12":"shipping-taxable","13":"purchasable","14":"product-type-simple"},"_links":{"self":[{"href":"https:\/\/hbbkimya.com\/index.php?rest_route=\/wp\/v2\/product\/1858","targetHints":{"allow":["GET"]}}],"collection":[{"href":"https:\/\/hbbkimya.com\/index.php?rest_route=\/wp\/v2\/product"}],"about":[{"href":"https:\/\/hbbkimya.com\/index.php?rest_route=\/wp\/v2\/types\/product"}],"replies":[{"embeddable":true,"href":"https:\/\/hbbkimya.com\/index.php?rest_route=%2Fwp%2Fv2%2Fcomments&post=1858"}],"wp:featuredmedia":[{"embeddable":true,"href":"https:\/\/hbbkimya.com\/index.php?rest_route=\/wp\/v2\/media\/1859"}],"wp:attachment":[{"href":"https:\/\/hbbkimya.com\/index.php?rest_route=%2Fwp%2Fv2%2Fmedia&parent=1858"}],"wp:term":[{"taxonomy":"product_brand","embeddable":true,"href":"https:\/\/hbbkimya.com\/index.php?rest_route=%2Fwp%2Fv2%2Fproduct_brand&post=1858"},{"taxonomy":"product_cat","embeddable":true,"href":"https:\/\/hbbkimya.com\/index.php?rest_route=%2Fwp%2Fv2%2Fproduct_cat&post=1858"},{"taxonomy":"product_tag","embeddable":true,"href":"https:\/\/hbbkimya.com\/index.php?rest_route=%2Fwp%2Fv2%2Fproduct_tag&post=1858"}],"curies":[{"name":"wp","href":"https:\/\/api.w.org\/{rel}","templated":true}]}}