{"id":1843,"date":"2025-08-23T22:53:48","date_gmt":"2025-08-23T19:53:48","guid":{"rendered":"https:\/\/hbbkimya.com\/?post_type=product&#038;p=1843"},"modified":"2026-04-12T19:47:47","modified_gmt":"2026-04-12T16:47:47","slug":"compact-dry-sl-salmonella-var-yok-testi","status":"publish","type":"product","link":"https:\/\/hbbkimya.com\/?product=compact-dry-sl-salmonella-var-yok-testi","title":{"rendered":"Compact Dry SL Salmonella Var\/Yok Testi"},"content":{"rendered":"<p><a href=\"https:\/\/hbbkimya.com\/wp-content\/uploads\/2025\/08\/Compact-Dry-SL-ekim-mikrobiyoloji-etuv.jpg\"><img loading=\"lazy\" decoding=\"async\" class=\"alignnone size-medium wp-image-1844\" src=\"https:\/\/hbbkimya.com\/wp-content\/uploads\/2025\/08\/Compact-Dry-SL-ekim-mikrobiyoloji-etuv-300x300.jpg\" alt=\"\" width=\"300\" height=\"300\" srcset=\"https:\/\/hbbkimya.com\/wp-content\/uploads\/2025\/08\/Compact-Dry-SL-ekim-mikrobiyoloji-etuv-300x300.jpg 300w, https:\/\/hbbkimya.com\/wp-content\/uploads\/2025\/08\/Compact-Dry-SL-ekim-mikrobiyoloji-etuv-100x100.jpg 100w, https:\/\/hbbkimya.com\/wp-content\/uploads\/2025\/08\/Compact-Dry-SL-ekim-mikrobiyoloji-etuv-150x150.jpg 150w, https:\/\/hbbkimya.com\/wp-content\/uploads\/2025\/08\/Compact-Dry-SL-ekim-mikrobiyoloji-etuv.jpg 500w\" sizes=\"auto, (max-width: 300px) 100vw, 300px\" \/><\/a><\/p>\n","protected":false},"excerpt":{"rendered":"<p>PAKET \u0130\u00c7ER\u0130\u011e\u0130; 4 ADET<\/p>\n<p>Compact Dry SL, Salmonella`n\u0131n biyokimyasal reaktivitesi ve hareketlili\u011fi gibi spesifik karakterine dayal\u0131 kalitatif olarak tespitini sa\u011flayan basit bir kuru k\u00fclt\u00fcr besiyeridir. Zenginle\u015ftirme k\u00fclt\u00fcr\u00fc kullanarak, Salmonella`lar\u0131n h\u0131zla g\u00f6r\u00fcnt\u00fclenmesi sa\u011flanabilir (Geleneksel k\u00fclt\u00fcr metoduna (klasik y\u00f6ntem) nazaran 1 g\u00fcn \u00f6nce Salmonella&#8217;yi bulur). Compact Dry SL\u2019deki bir Salmonella kolonisi ileri do\u011frulama testleri i\u00e7in izole edilebilir. Ekim standardizasyonu sag\u0306layarak personel hatas\u0131n\u0131 minimuma indirir. \u00dcretimin her a\u015famas\u0131nda ve ortam analizlerinde kullan\u0131ma uygundur.<\/p>\n<p><strong>\u00dcreme referans rengi:<\/strong>\u00a0Sar\u0131+Yes\u0327il+Siyah\u00a0(Lysine decarboxylase \u00f6zellig\u0306i ile mediumun alkalizasyonu sonras\u0131 mor tabaka sar\u0131ya d\u00f6n\u00fcs\u0327\u00fcr. Kromojenik substrat\u0131n ayr\u0131s\u0327mas\u0131 ile yes\u0327il koloniler olus\u0327ur. Hidrojen s\u00fclfit \u00fcretenler siyah koloni olus\u0327turur.)<br \/>\n<strong>\u0130nk\u00fcbasyon s\u0131cakl\u0131g\u0306\u0131 ve s\u00fcresi:<\/strong><br \/>\n\u00d6n Zenginles\u0327tirme: \u0130nk\u00fcbasyon s\u0131cakl\u0131g\u0306\u0131 ve s\u00fcresi: 35\u201337\u00b0C \/ 24 saat<br \/>\nEsas \u0130nk\u00fcbasyon: \u0130nk\u00fcbasyon s\u0131cakl\u0131g\u0306\u0131 ve s\u00fcresi: 41\u201342\u00b0C \/ 24 saat<\/p>\n<p><strong>Raf \u00f6mr\u00fc:<\/strong>\u00a012-18 ay \/ 5-30\u00b0C\u2019de<\/p>\n<ul>\n<li>Uzun raf \u00f6mr\u00fcne sahiptir (12-18 ay), oda s\u0131ca\u011fl\u0131\u011f\u0131nda saklan\u0131r.Buzdolab\u0131 gerektirmez.<\/li>\n<li>T\u00fcrk G\u0131da Kodeksi i\u00e7erisinde yer alan analiz methodlar\u0131 ile es\u0327deg\u0306erlilik g\u00f6sterir.<\/li>\n<li>Numune\u00a0 inok\u00fclasyon\u00a0 as\u0327amas\u0131nda kendilig\u0306inden homojen bir s\u0327ekilde dif\u00fcze\u00a0 olarak yay\u0131l\u0131r, herhangi\u00a0 bir aparata\u00a0 ihtiya\u00e7 duyulmaz.<\/li>\n<li>Kilitli kapakl\u0131d\u0131r, %100 sterildir.<\/li>\n<li>Klasik analiz y\u00f6ntemindeki \u00e7al\u0131s\u0327ma g\u00fcvenilirlig\u0306ini sag\u0306lar. \u0130nk\u00fcbat\u00f6r i\u00e7erisine istiflenebilir.<\/li>\n<li>Zemindeki kat\u0131 kartus\u0327 k\u00fc\u00e7\u00fck g\u00f6zeneklerden olus\u0327tug\u0306u i\u00e7in her koloni ayr\u0131 ayr\u0131 g\u00f6zlemlenebilir, kolonileri saymak i\u00e7in ayr\u0131 bir cihaza ihtiya\u00e7 yoktur.<\/li>\n<li>Petri kab\u0131 mant\u0131g\u0306\u0131 oldug\u0306undan mikroorganizmalar 3 boyutlu b\u00fcy\u00fcme g\u00f6sterir.<\/li>\n<li>Compact Dry Besiyerleri analiz sonras\u0131 6-12 ay aras\u0131nda s\u0327ahit numune olarak ars\u0327ivlenebilir.<\/li>\n<li>Her \u00fcr\u00fcn\u00fcn \u00fczerinde, son kullanma tarihi mevcuttur ayr\u0131ca \u00fczerinde yer alan lot numaras\u0131na ait analiz sertifikalar\u0131 \u00fcr\u00fcn ile birlikte kullan\u0131c\u0131ya g\u00f6nderilir<strong>.<\/strong><strong>\u00a0<\/strong><\/li>\n<\/ul>\n<p><strong>Uluslararas\u0131 Onay Belgeleri<\/strong><br \/>\nAOAC, Mikroval, Nordval, ISO 6579:2002<\/p>\n","protected":false},"featured_media":1844,"comment_status":"open","ping_status":"closed","template":"","meta":{"neve_meta_sidebar":"","neve_meta_container":"","neve_meta_enable_content_width":"off","neve_meta_content_width":100,"neve_meta_title_alignment":"","neve_meta_author_avatar":"","neve_post_elements_order":"","neve_meta_disable_header":"","neve_meta_disable_footer":"","neve_meta_disable_title":"","_themeisle_gutenberg_block_has_review":false},"product_brand":[],"product_cat":[42],"product_tag":[],"class_list":{"0":"post-1843","1":"product","2":"type-product","3":"status-publish","4":"has-post-thumbnail","6":"product_cat-mikrobiyolojik","8":"first","9":"instock","10":"taxable","11":"shipping-taxable","12":"purchasable","13":"product-type-simple"},"_links":{"self":[{"href":"https:\/\/hbbkimya.com\/index.php?rest_route=\/wp\/v2\/product\/1843","targetHints":{"allow":["GET"]}}],"collection":[{"href":"https:\/\/hbbkimya.com\/index.php?rest_route=\/wp\/v2\/product"}],"about":[{"href":"https:\/\/hbbkimya.com\/index.php?rest_route=\/wp\/v2\/types\/product"}],"replies":[{"embeddable":true,"href":"https:\/\/hbbkimya.com\/index.php?rest_route=%2Fwp%2Fv2%2Fcomments&post=1843"}],"wp:featuredmedia":[{"embeddable":true,"href":"https:\/\/hbbkimya.com\/index.php?rest_route=\/wp\/v2\/media\/1844"}],"wp:attachment":[{"href":"https:\/\/hbbkimya.com\/index.php?rest_route=%2Fwp%2Fv2%2Fmedia&parent=1843"}],"wp:term":[{"taxonomy":"product_brand","embeddable":true,"href":"https:\/\/hbbkimya.com\/index.php?rest_route=%2Fwp%2Fv2%2Fproduct_brand&post=1843"},{"taxonomy":"product_cat","embeddable":true,"href":"https:\/\/hbbkimya.com\/index.php?rest_route=%2Fwp%2Fv2%2Fproduct_cat&post=1843"},{"taxonomy":"product_tag","embeddable":true,"href":"https:\/\/hbbkimya.com\/index.php?rest_route=%2Fwp%2Fv2%2Fproduct_tag&post=1843"}],"curies":[{"name":"wp","href":"https:\/\/api.w.org\/{rel}","templated":true}]}}