{"id":1841,"date":"2025-08-23T22:50:22","date_gmt":"2025-08-23T19:50:22","guid":{"rendered":"https:\/\/hbbkimya.com\/?post_type=product&#038;p=1841"},"modified":"2026-04-12T19:46:55","modified_gmt":"2026-04-12T16:46:55","slug":"compact-dry-ec-e-coli-koliform-sayimi","status":"publish","type":"product","link":"https:\/\/hbbkimya.com\/?product=compact-dry-ec-e-coli-koliform-sayimi","title":{"rendered":"Compact Dry EC E.coli &#038; Koliform Say\u0131m\u0131"},"content":{"rendered":"<p><a href=\"https:\/\/hbbkimya.com\/wp-content\/uploads\/2025\/08\/Compact-Dry-EC-ekim-mikrobiyoloji.jpg\"><img loading=\"lazy\" decoding=\"async\" class=\"alignnone size-medium wp-image-1842\" src=\"https:\/\/hbbkimya.com\/wp-content\/uploads\/2025\/08\/Compact-Dry-EC-ekim-mikrobiyoloji-300x300.jpg\" alt=\"\" width=\"300\" height=\"300\" srcset=\"https:\/\/hbbkimya.com\/wp-content\/uploads\/2025\/08\/Compact-Dry-EC-ekim-mikrobiyoloji-300x300.jpg 300w, https:\/\/hbbkimya.com\/wp-content\/uploads\/2025\/08\/Compact-Dry-EC-ekim-mikrobiyoloji-100x100.jpg 100w, https:\/\/hbbkimya.com\/wp-content\/uploads\/2025\/08\/Compact-Dry-EC-ekim-mikrobiyoloji-150x150.jpg 150w, https:\/\/hbbkimya.com\/wp-content\/uploads\/2025\/08\/Compact-Dry-EC-ekim-mikrobiyoloji.jpg 500w\" sizes=\"auto, (max-width: 300px) 100vw, 300px\" \/><\/a><\/p>\n","protected":false},"excerpt":{"rendered":"<p>Paket \u0130\u00e7eri\u011fi : 4 ADET<\/p>\n<p>Compact Dry EC, E.coli ve koliform grubu bakterilerin tan\u0131mlanabilmesi i\u00e7in kullan\u0131ma haz\u0131r halde bulunan kromojenik haz\u0131r besiyeridir. \u0130\u00e7eri\u011finde koliforma k\u0131rm\u0131z\u0131 renk ve E.coli\u2019ye mavi renk veren 2 \u00e7e\u015fit kromojenik enzim substrat\u0131 (Magenta-GAL ve X-GLUC) bulunmaktad\u0131r. Kromojenik substratlar \/ redox indikat\u00f6rleri sayesinde mikroorganizmalar spesifik renklerde gelis\u0327im g\u00f6sterir ve koloni say\u0131m\u0131 \u00e7ok net bir \u015fekilde yap\u0131l\u0131r. Ekim standardizasyonu sag\u0306layarak personel hatas\u0131n\u0131 minimuma indirir.<strong>\u00a0<\/strong>\u00dcretimin her a\u015famas\u0131nda ve ortam analizlerinde kullan\u0131ma uygundur.<\/p>\n<p><strong>\u00dcreme referans rengi:<\/strong>\u00a0<strong>E.coli:\u00a0<\/strong>Mavi<strong>\u00a0(X-Gluc) \/ Koliform:\u00a0<\/strong>Bordo<strong>\u00a0<\/strong><strong>(Magenta-Gal)\u00a0 \u00a0 \u00a0\u00a0<\/strong><br \/>\n<strong>\u0130nk\u00fcbasyon s\u0131cakl\u0131g\u0306\u0131 ve s\u00fcresi:<\/strong>\u00a035-37\u00b0C, 24 saat<br \/>\n<strong>Raf \u00f6mr\u00fc:<\/strong>\u00a012-18 ay \/ 5-30\u00b0C\u2019de<\/p>\n<ul>\n<li>Uzun raf \u00f6mr\u00fcne sahiptir (12-18 ay), oda s\u0131ca\u011fl\u0131\u011f\u0131nda saklan\u0131r.Buzdolab\u0131 gerektirmez.<\/li>\n<li>T\u00fcrk G\u0131da Kodeksi i\u00e7erisinde yer alan analiz methodlar\u0131 ile es\u0327deg\u0306erlilik g\u00f6sterir.<\/li>\n<li>Numune\u00a0 inok\u00fclasyon\u00a0 as\u0327amas\u0131nda kendilig\u0306inden homojen bir s\u0327ekilde dif\u00fcze\u00a0 olarak yay\u0131l\u0131r, herhangi\u00a0 bir aparata\u00a0 ihtiya\u00e7 duyulmaz.<\/li>\n<li>Kilitli kapakl\u0131d\u0131r, %100 sterildir.<\/li>\n<li>Klasik analiz y\u00f6ntemindeki \u00e7al\u0131s\u0327ma g\u00fcvenilirlig\u0306ini sag\u0306lar. \u0130nk\u00fcbat\u00f6r i\u00e7erisine istiflenebilir.<\/li>\n<li>Zemindeki kat\u0131 kartus\u0327 k\u00fc\u00e7\u00fck g\u00f6zeneklerden olus\u0327tug\u0306u i\u00e7in her koloni ayr\u0131 ayr\u0131 g\u00f6zlemlenebilir, kolonileri saymak i\u00e7in ayr\u0131 bir cihaza ihtiya\u00e7 yoktur.<\/li>\n<li>Petri kab\u0131 mant\u0131g\u0306\u0131 oldug\u0306undan mikroorganizmalar 3 boyutlu b\u00fcy\u00fcme g\u00f6sterir.<\/li>\n<li>Compact Dry Besiyerleri analiz sonras\u0131 6-12 ay aras\u0131nda s\u0327ahit numune olarak ars\u0327ivlenebilir.<\/li>\n<li>Her \u00fcr\u00fcn\u00fcn \u00fczerinde, son kullanma tarihi mevcuttur ayr\u0131ca \u00fczerinde yer alan lot numaras\u0131na ait analiz sertifikalar\u0131 \u00fcr\u00fcn ile birlikte kullan\u0131c\u0131ya g\u00f6nderilir<strong>.<\/strong><strong>\u00a0<\/strong><\/li>\n<\/ul>\n<p><strong>\u00d6nemli Notlar:\u00a0<\/strong>E.coli O157:H7 formlar\u0131 mavi koloniler aras\u0131ndad\u0131r. \u00dcreyen mavi renkteki kolonilerin %10\u2019u O157:H7 formu olarak kabul edilir. Sonu\u00e7 olarak mavi okunan E.coli\u2019ler s\u0131f\u0131ra indirildi\u011finde O157:H7 formlar\u0131n\u0131n \u00fcr\u00fcnde olmad\u0131\u011f\u0131 kabul edilir.<\/p>\n<p><strong>Uluslararas\u0131 Onay Belgeleri<\/strong><br \/>\nAOAC,\u00a0Mikroval, Nordval, ISO 4832-2006<\/p>\n","protected":false},"featured_media":1842,"comment_status":"open","ping_status":"closed","template":"","meta":{"neve_meta_sidebar":"","neve_meta_container":"","neve_meta_enable_content_width":"off","neve_meta_content_width":100,"neve_meta_title_alignment":"","neve_meta_author_avatar":"","neve_post_elements_order":"","neve_meta_disable_header":"","neve_meta_disable_footer":"","neve_meta_disable_title":"","_themeisle_gutenberg_block_has_review":false},"product_brand":[],"product_cat":[42],"product_tag":[],"class_list":{"0":"post-1841","1":"product","2":"type-product","3":"status-publish","4":"has-post-thumbnail","6":"product_cat-mikrobiyolojik","8":"first","9":"instock","10":"taxable","11":"shipping-taxable","12":"purchasable","13":"product-type-simple"},"_links":{"self":[{"href":"https:\/\/hbbkimya.com\/index.php?rest_route=\/wp\/v2\/product\/1841","targetHints":{"allow":["GET"]}}],"collection":[{"href":"https:\/\/hbbkimya.com\/index.php?rest_route=\/wp\/v2\/product"}],"about":[{"href":"https:\/\/hbbkimya.com\/index.php?rest_route=\/wp\/v2\/types\/product"}],"replies":[{"embeddable":true,"href":"https:\/\/hbbkimya.com\/index.php?rest_route=%2Fwp%2Fv2%2Fcomments&post=1841"}],"wp:featuredmedia":[{"embeddable":true,"href":"https:\/\/hbbkimya.com\/index.php?rest_route=\/wp\/v2\/media\/1842"}],"wp:attachment":[{"href":"https:\/\/hbbkimya.com\/index.php?rest_route=%2Fwp%2Fv2%2Fmedia&parent=1841"}],"wp:term":[{"taxonomy":"product_brand","embeddable":true,"href":"https:\/\/hbbkimya.com\/index.php?rest_route=%2Fwp%2Fv2%2Fproduct_brand&post=1841"},{"taxonomy":"product_cat","embeddable":true,"href":"https:\/\/hbbkimya.com\/index.php?rest_route=%2Fwp%2Fv2%2Fproduct_cat&post=1841"},{"taxonomy":"product_tag","embeddable":true,"href":"https:\/\/hbbkimya.com\/index.php?rest_route=%2Fwp%2Fv2%2Fproduct_tag&post=1841"}],"curies":[{"name":"wp","href":"https:\/\/api.w.org\/{rel}","templated":true}]}}