{"id":1837,"date":"2025-08-23T22:06:35","date_gmt":"2025-08-23T19:06:35","guid":{"rendered":"https:\/\/hbbkimya.com\/?post_type=product&#038;p=1837"},"modified":"2026-02-11T23:04:28","modified_gmt":"2026-02-11T20:04:28","slug":"laboratuvar-fircasi-buret-icin","status":"publish","type":"product","link":"https:\/\/hbbkimya.com\/?product=laboratuvar-fircasi-buret-icin","title":{"rendered":"Laboratuvar B\u00fcret Y\u0131kama F\u0131r\u00e7as\u0131"},"content":{"rendered":"<p><a href=\"https:\/\/hbbkimya.com\/wp-content\/uploads\/2025\/08\/isolab-laboratuvar-fircasi-buret-ve-tup-temizleme-fircasi.webp\"><img loading=\"lazy\" decoding=\"async\" class=\"alignnone size-medium wp-image-1838\" src=\"https:\/\/hbbkimya.com\/wp-content\/uploads\/2025\/08\/isolab-laboratuvar-fircasi-buret-ve-tup-temizleme-fircasi-300x300.webp\" alt=\"\" width=\"300\" height=\"300\" srcset=\"https:\/\/hbbkimya.com\/wp-content\/uploads\/2025\/08\/isolab-laboratuvar-fircasi-buret-ve-tup-temizleme-fircasi-300x300.webp 300w, https:\/\/hbbkimya.com\/wp-content\/uploads\/2025\/08\/isolab-laboratuvar-fircasi-buret-ve-tup-temizleme-fircasi-100x100.webp 100w, https:\/\/hbbkimya.com\/wp-content\/uploads\/2025\/08\/isolab-laboratuvar-fircasi-buret-ve-tup-temizleme-fircasi-150x150.webp 150w, https:\/\/hbbkimya.com\/wp-content\/uploads\/2025\/08\/isolab-laboratuvar-fircasi-buret-ve-tup-temizleme-fircasi.webp 500w\" sizes=\"auto, (max-width: 300px) 100vw, 300px\" \/><\/a><\/p>\n","protected":false},"excerpt":{"rendered":"<p data-start=\"54\" data-end=\"266\">Laboratuvar cam malzemelerinin etkili ve g\u00fcvenli temizli\u011fi i\u00e7in \u00f6zel olarak tasarlanm\u0131\u015ft\u0131r. B\u00fcret ba\u015fta olmak \u00fczere t\u00fcp, erlen, beher, balon ve dar a\u011f\u0131zl\u0131 \u015fi\u015felerin i\u00e7 y\u00fczey temizli\u011finde y\u00fcksek performans sa\u011flar.<\/p>\n<h3 data-start=\"268\" data-end=\"290\">\u00dcr\u00fcn \u00d6zellikleri<\/h3>\n<ul data-start=\"291\" data-end=\"686\">\n<li data-start=\"291\" data-end=\"320\">\n<p data-start=\"293\" data-end=\"320\">Paket \u0130\u00e7eri\u011fi: <strong data-start=\"308\" data-end=\"318\">1 adet<\/strong><\/p>\n<\/li>\n<li data-start=\"321\" data-end=\"408\">\n<p data-start=\"323\" data-end=\"408\">Sap: Paslanmaya dayan\u0131kl\u0131, sa\u011flam ve yeterli esnekli\u011fe sahip <strong data-start=\"384\" data-end=\"406\">b\u00fck\u00fclm\u00fc\u015f \u00e7elik tel<\/strong><\/p>\n<\/li>\n<li data-start=\"409\" data-end=\"470\">\n<p data-start=\"411\" data-end=\"470\">F\u0131r\u00e7a K\u0131l\u0131: Uzun \u00f6m\u00fcrl\u00fc, y\u00fcksek kaliteli <strong data-start=\"452\" data-end=\"468\">perlon elyaf<\/strong><\/p>\n<\/li>\n<li data-start=\"471\" data-end=\"556\">\n<p data-start=\"473\" data-end=\"556\">U\u00e7 K\u0131s\u0131m: K\u00fcresel kesimli s\u00fcnger ba\u015fl\u0131k ile k\u00f6\u015felere tam eri\u015fim ve etkin temizlik<\/p>\n<\/li>\n<li data-start=\"557\" data-end=\"629\">\n<p data-start=\"559\" data-end=\"629\">Ergonomik ve as\u0131labilir tasar\u0131m ile pratik kullan\u0131m ve kolay saklama<\/p>\n<\/li>\n<li data-start=\"630\" data-end=\"686\">\n<p data-start=\"632\" data-end=\"686\">Dayan\u0131kl\u0131 yap\u0131 ile uzun s\u00fcreli laboratuvar kullan\u0131m\u0131<\/p>\n<\/li>\n<\/ul>\n<h3 data-start=\"688\" data-end=\"709\">Teknik Bilgiler<\/h3>\n<ul data-start=\"710\" data-end=\"877\">\n<li data-start=\"710\" data-end=\"739\">\n<p data-start=\"712\" data-end=\"739\"><strong data-start=\"712\" data-end=\"726\">\u00dcr\u00fcn Kodu:<\/strong> 071.02.001<\/p>\n<\/li>\n<li data-start=\"740\" data-end=\"791\">\n<p data-start=\"742\" data-end=\"791\"><strong data-start=\"742\" data-end=\"758\">\u00dcr\u00fcn Tan\u0131m\u0131:<\/strong> B\u00fcret ve t\u00fcp temizleme f\u0131r\u00e7as\u0131<\/p>\n<\/li>\n<li data-start=\"792\" data-end=\"820\">\n<p data-start=\"794\" data-end=\"820\"><strong data-start=\"794\" data-end=\"811\">Sap Uzunlu\u011fu:<\/strong> 845 mm<\/p>\n<\/li>\n<li data-start=\"821\" data-end=\"846\">\n<p data-start=\"823\" data-end=\"846\"><strong data-start=\"823\" data-end=\"838\">F\u0131r\u00e7a \u00c7ap\u0131:<\/strong> 20 mm<\/p>\n<\/li>\n<li data-start=\"847\" data-end=\"877\">\n<p data-start=\"849\" data-end=\"877\"><strong data-start=\"849\" data-end=\"868\">F\u0131r\u00e7a Uzunlu\u011fu:<\/strong> 125 mm<\/p>\n<\/li>\n<\/ul>\n<p data-start=\"879\" data-end=\"973\" data-is-last-node=\"\" data-is-only-node=\"\">Laboratuvar ekipmanlar\u0131n\u0131z\u0131n hijyenik ve etkili temizli\u011fi i\u00e7in g\u00fcvenilir bir yard\u0131mc\u0131 \u00fcr\u00fcnd\u00fcr.<\/p>\n","protected":false},"featured_media":1838,"comment_status":"open","ping_status":"closed","template":"","meta":{"neve_meta_sidebar":"","neve_meta_container":"","neve_meta_enable_content_width":"off","neve_meta_content_width":100,"neve_meta_title_alignment":"","neve_meta_author_avatar":"","neve_post_elements_order":"","neve_meta_disable_header":"","neve_meta_disable_footer":"","neve_meta_disable_title":"","_themeisle_gutenberg_block_has_review":false},"product_brand":[66],"product_cat":[38],"product_tag":[],"class_list":{"0":"post-1837","1":"product","2":"type-product","3":"status-publish","4":"has-post-thumbnail","6":"product_brand-isolab","7":"product_cat-sarf-plastik","9":"first","10":"instock","11":"taxable","12":"shipping-taxable","13":"purchasable","14":"product-type-simple"},"_links":{"self":[{"href":"https:\/\/hbbkimya.com\/index.php?rest_route=\/wp\/v2\/product\/1837","targetHints":{"allow":["GET"]}}],"collection":[{"href":"https:\/\/hbbkimya.com\/index.php?rest_route=\/wp\/v2\/product"}],"about":[{"href":"https:\/\/hbbkimya.com\/index.php?rest_route=\/wp\/v2\/types\/product"}],"replies":[{"embeddable":true,"href":"https:\/\/hbbkimya.com\/index.php?rest_route=%2Fwp%2Fv2%2Fcomments&post=1837"}],"wp:featuredmedia":[{"embeddable":true,"href":"https:\/\/hbbkimya.com\/index.php?rest_route=\/wp\/v2\/media\/1838"}],"wp:attachment":[{"href":"https:\/\/hbbkimya.com\/index.php?rest_route=%2Fwp%2Fv2%2Fmedia&parent=1837"}],"wp:term":[{"taxonomy":"product_brand","embeddable":true,"href":"https:\/\/hbbkimya.com\/index.php?rest_route=%2Fwp%2Fv2%2Fproduct_brand&post=1837"},{"taxonomy":"product_cat","embeddable":true,"href":"https:\/\/hbbkimya.com\/index.php?rest_route=%2Fwp%2Fv2%2Fproduct_cat&post=1837"},{"taxonomy":"product_tag","embeddable":true,"href":"https:\/\/hbbkimya.com\/index.php?rest_route=%2Fwp%2Fv2%2Fproduct_tag&post=1837"}],"curies":[{"name":"wp","href":"https:\/\/api.w.org\/{rel}","templated":true}]}}