{"id":1835,"date":"2025-08-23T21:40:13","date_gmt":"2025-08-23T18:40:13","guid":{"rendered":"https:\/\/hbbkimya.com\/?post_type=product&#038;p=1835"},"modified":"2026-02-10T21:27:33","modified_gmt":"2026-02-10T18:27:33","slug":"porselen-spatul-14-cm-laboratuvar-kasigi","status":"publish","type":"product","link":"https:\/\/hbbkimya.com\/?product=porselen-spatul-14-cm-laboratuvar-kasigi","title":{"rendered":"Porselen Spat\u00fcl 17 cm &#8211; Ka\u015f\u0131kl\u0131 Spat\u00fcl"},"content":{"rendered":"<p><a href=\"https:\/\/hbbkimya.com\/wp-content\/uploads\/2025\/08\/porselen-spatul-laboratuvar-spatula.webp\"><img loading=\"lazy\" decoding=\"async\" class=\"alignnone size-medium wp-image-1836\" src=\"https:\/\/hbbkimya.com\/wp-content\/uploads\/2025\/08\/porselen-spatul-laboratuvar-spatula-300x300.webp\" alt=\"\" width=\"300\" height=\"300\" srcset=\"https:\/\/hbbkimya.com\/wp-content\/uploads\/2025\/08\/porselen-spatul-laboratuvar-spatula-300x300.webp 300w, https:\/\/hbbkimya.com\/wp-content\/uploads\/2025\/08\/porselen-spatul-laboratuvar-spatula-100x100.webp 100w, https:\/\/hbbkimya.com\/wp-content\/uploads\/2025\/08\/porselen-spatul-laboratuvar-spatula-600x600.webp 600w, https:\/\/hbbkimya.com\/wp-content\/uploads\/2025\/08\/porselen-spatul-laboratuvar-spatula-1024x1024.webp 1024w, https:\/\/hbbkimya.com\/wp-content\/uploads\/2025\/08\/porselen-spatul-laboratuvar-spatula-150x150.webp 150w, https:\/\/hbbkimya.com\/wp-content\/uploads\/2025\/08\/porselen-spatul-laboratuvar-spatula-768x768.webp 768w, https:\/\/hbbkimya.com\/wp-content\/uploads\/2025\/08\/porselen-spatul-laboratuvar-spatula-1536x1536.webp 1536w, https:\/\/hbbkimya.com\/wp-content\/uploads\/2025\/08\/porselen-spatul-laboratuvar-spatula.webp 1920w\" sizes=\"auto, (max-width: 300px) 100vw, 300px\" \/><\/a><\/p>\n","protected":false},"excerpt":{"rendered":"<ul>\n<li style=\"font-weight: 400;\">&#8211; Bir ucunda\u00a0spatula\u00a0ve di\u011fer ucunda ka\u015f\u0131k bulunan porselen ka\u015f\u0131k; t\u00fcm toz, kristal veya gran\u00fcl reaktiflerin ta\u015f\u0131nmas\u0131n\u0131 kolayla\u015ft\u0131r\u0131r.<\/li>\n<li style=\"font-weight: 400;\">&#8211; S\u0131rlanm\u0131\u015f porselenden tek par\u00e7a olarak \u00fcretilirler.<\/li>\n<li style=\"font-weight: 400;\">&#8211; Y\u00fcksek safl\u0131kta kullan\u0131lan malzemeler, \u00fcr\u00fcnlerin korozyona ve ani s\u0131cakl\u0131k de\u011fi\u015fimlerine dayanmas\u0131n\u0131 sa\u011flar.<\/li>\n<li style=\"font-weight: 400;\">&#8211; Porselen spat\u00fcller 1380\u00b0C&#8217;e kadar tatmin edici bir \u015fekilde \u00e7al\u0131\u015f\u0131r.<\/li>\n<li style=\"font-weight: 400;\">&#8211;\u00a0Keskin u\u00e7lar\u0131 ayn\u0131 zamanda temizleme ve kaz\u0131ma i\u015fleri i\u00e7in de rahatl\u0131kla kullan\u0131labilir.<\/li>\n<\/ul>\n","protected":false},"featured_media":1836,"comment_status":"open","ping_status":"closed","template":"","meta":{"neve_meta_sidebar":"","neve_meta_container":"","neve_meta_enable_content_width":"off","neve_meta_content_width":100,"neve_meta_title_alignment":"","neve_meta_author_avatar":"","neve_post_elements_order":"","neve_meta_disable_header":"","neve_meta_disable_footer":"","neve_meta_disable_title":"","_themeisle_gutenberg_block_has_review":false},"product_brand":[],"product_cat":[38],"product_tag":[],"class_list":{"0":"post-1835","1":"product","2":"type-product","3":"status-publish","4":"has-post-thumbnail","6":"product_cat-sarf-plastik","8":"first","9":"instock","10":"taxable","11":"shipping-taxable","12":"purchasable","13":"product-type-simple"},"_links":{"self":[{"href":"https:\/\/hbbkimya.com\/index.php?rest_route=\/wp\/v2\/product\/1835","targetHints":{"allow":["GET"]}}],"collection":[{"href":"https:\/\/hbbkimya.com\/index.php?rest_route=\/wp\/v2\/product"}],"about":[{"href":"https:\/\/hbbkimya.com\/index.php?rest_route=\/wp\/v2\/types\/product"}],"replies":[{"embeddable":true,"href":"https:\/\/hbbkimya.com\/index.php?rest_route=%2Fwp%2Fv2%2Fcomments&post=1835"}],"wp:featuredmedia":[{"embeddable":true,"href":"https:\/\/hbbkimya.com\/index.php?rest_route=\/wp\/v2\/media\/1836"}],"wp:attachment":[{"href":"https:\/\/hbbkimya.com\/index.php?rest_route=%2Fwp%2Fv2%2Fmedia&parent=1835"}],"wp:term":[{"taxonomy":"product_brand","embeddable":true,"href":"https:\/\/hbbkimya.com\/index.php?rest_route=%2Fwp%2Fv2%2Fproduct_brand&post=1835"},{"taxonomy":"product_cat","embeddable":true,"href":"https:\/\/hbbkimya.com\/index.php?rest_route=%2Fwp%2Fv2%2Fproduct_cat&post=1835"},{"taxonomy":"product_tag","embeddable":true,"href":"https:\/\/hbbkimya.com\/index.php?rest_route=%2Fwp%2Fv2%2Fproduct_tag&post=1835"}],"curies":[{"name":"wp","href":"https:\/\/api.w.org\/{rel}","templated":true}]}}