{"id":1831,"date":"2025-08-23T21:24:03","date_gmt":"2025-08-23T18:24:03","guid":{"rendered":"https:\/\/hbbkimya.com\/?post_type=product&#038;p=1831"},"modified":"2026-04-12T20:31:08","modified_gmt":"2026-04-12T17:31:08","slug":"buret-standi-215x240mm-h-seklinde-bunzen-mesnedi-set-60cm-cubuklu","status":"publish","type":"product","link":"https:\/\/hbbkimya.com\/?product=buret-standi-215x240mm-h-seklinde-bunzen-mesnedi-set-60cm-cubuklu","title":{"rendered":"B\u00fcret Stand\u0131 215x240mm &#8211; H \u015eeklinde &#8211; 60cm \u00c7ubuklu"},"content":{"rendered":"<p><a href=\"https:\/\/hbbkimya.com\/wp-content\/uploads\/2025\/08\/metal-buret-standi-h-seklinde-bunzen-mesnedi.webp\"><img loading=\"lazy\" decoding=\"async\" class=\"alignnone size-medium wp-image-1832\" src=\"https:\/\/hbbkimya.com\/wp-content\/uploads\/2025\/08\/metal-buret-standi-h-seklinde-bunzen-mesnedi-300x300.webp\" alt=\"\" width=\"300\" height=\"300\" srcset=\"https:\/\/hbbkimya.com\/wp-content\/uploads\/2025\/08\/metal-buret-standi-h-seklinde-bunzen-mesnedi-300x300.webp 300w, https:\/\/hbbkimya.com\/wp-content\/uploads\/2025\/08\/metal-buret-standi-h-seklinde-bunzen-mesnedi-100x100.webp 100w, https:\/\/hbbkimya.com\/wp-content\/uploads\/2025\/08\/metal-buret-standi-h-seklinde-bunzen-mesnedi-600x600.webp 600w, https:\/\/hbbkimya.com\/wp-content\/uploads\/2025\/08\/metal-buret-standi-h-seklinde-bunzen-mesnedi-1024x1024.webp 1024w, https:\/\/hbbkimya.com\/wp-content\/uploads\/2025\/08\/metal-buret-standi-h-seklinde-bunzen-mesnedi-150x150.webp 150w, https:\/\/hbbkimya.com\/wp-content\/uploads\/2025\/08\/metal-buret-standi-h-seklinde-bunzen-mesnedi-768x768.webp 768w, https:\/\/hbbkimya.com\/wp-content\/uploads\/2025\/08\/metal-buret-standi-h-seklinde-bunzen-mesnedi.webp 1280w\" sizes=\"auto, (max-width: 300px) 100vw, 300px\" \/><\/a><\/p>\n","protected":false},"excerpt":{"rendered":"<ul>\n<li class=\"selectable-text copyable-text x15bjb6t x1n2onr6\" dir=\"ltr\"><span class=\"selectable-text copyable-text\">H \u015feklindeki tasar\u0131m, di\u011fer laboratuvar ekipmanlar\u0131yla uyumlu bir \u015fekilde yerle\u015ftirilmesini sa\u011flar, b\u00f6ylece laboratuvar alan\u0131n\u0131 daha verimli kullanman\u0131za yard\u0131mc\u0131 olur.<\/span><span class=\"selectable-text copyable-text\"><br \/>\n<\/span><\/li>\n<li class=\"selectable-text copyable-text x15bjb6t x1n2onr6\" dir=\"ltr\"><span class=\"selectable-text copyable-text\">H \u015feklindeki tasar\u0131m\u0131 sayesinde stand, b\u00fcretleri g\u00fcvenli bir \u015fekilde yerinde tutar ve devrilme riskini minimize eder<\/span><\/li>\n<li class=\"selectable-text copyable-text x15bjb6t x1n2onr6\" dir=\"ltr\"><span class=\"selectable-text copyable-text\">Stand\u0131n geni\u015f taban\u0131, birden fazla b\u00fcretin ayn\u0131 anda kullan\u0131lmas\u0131na olanak tan\u0131r, b\u00f6ylece deney s\u0131ras\u0131nda kolayl\u0131k sa\u011flar<\/span><\/li>\n<li class=\"selectable-text copyable-text x15bjb6t x1n2onr6\" dir=\"ltr\"><span class=\"selectable-text copyable-text\">Taban alt\u0131na yerle\u015ftirilmi\u015f vidal\u0131 kau\u00e7uk ayaklar stand\u0131n kaymas\u0131n\u0131 \u00f6nlerler.<\/span><\/li>\n<li class=\"selectable-text copyable-text x15bjb6t x1n2onr6\" dir=\"ltr\"><span class=\"selectable-text copyable-text\">Y\u00fcksek sertlik ve dayan\u0131kl\u0131l\u0131\u011fa sahip olup, darbelere kar\u015f\u0131 olduk\u00e7a sa\u011flamd\u0131r.<\/span><\/li>\n<li class=\"selectable-text copyable-text x15bjb6t x1n2onr6\" dir=\"ltr\"><span class=\"selectable-text copyable-text\">Korozyona kar\u015f\u0131 diren\u00e7lidir<\/span><\/li>\n<li class=\"selectable-text copyable-text x15bjb6t x1n2onr6\" dir=\"ltr\"><span class=\"selectable-text copyable-text\">Kimyasal\/\u00e7\u00f6z\u00fcc\u00fc maddelere kar\u015f\u0131 dayan\u0131kl\u0131 malzemeden \u00fcretilmi\u015ftir.<\/span><\/li>\n<li class=\"selectable-text copyable-text x15bjb6t x1n2onr6\" dir=\"ltr\"><span class=\"selectable-text copyable-text\">Paslanmaz \u00e7elik \u00e7ubukla birlikte g\u00f6nderilmektedir. <\/span><\/li>\n<\/ul>\n","protected":false},"featured_media":1832,"comment_status":"open","ping_status":"closed","template":"","meta":{"neve_meta_sidebar":"","neve_meta_container":"","neve_meta_enable_content_width":"off","neve_meta_content_width":100,"neve_meta_title_alignment":"","neve_meta_author_avatar":"","neve_post_elements_order":"","neve_meta_disable_header":"","neve_meta_disable_footer":"","neve_meta_disable_title":"","_themeisle_gutenberg_block_has_review":false},"product_brand":[],"product_cat":[38],"product_tag":[],"class_list":{"0":"post-1831","1":"product","2":"type-product","3":"status-publish","4":"has-post-thumbnail","6":"product_cat-sarf-plastik","8":"first","9":"outofstock","10":"sale","11":"taxable","12":"shipping-taxable","13":"purchasable","14":"product-type-simple"},"_links":{"self":[{"href":"https:\/\/hbbkimya.com\/index.php?rest_route=\/wp\/v2\/product\/1831","targetHints":{"allow":["GET"]}}],"collection":[{"href":"https:\/\/hbbkimya.com\/index.php?rest_route=\/wp\/v2\/product"}],"about":[{"href":"https:\/\/hbbkimya.com\/index.php?rest_route=\/wp\/v2\/types\/product"}],"replies":[{"embeddable":true,"href":"https:\/\/hbbkimya.com\/index.php?rest_route=%2Fwp%2Fv2%2Fcomments&post=1831"}],"wp:featuredmedia":[{"embeddable":true,"href":"https:\/\/hbbkimya.com\/index.php?rest_route=\/wp\/v2\/media\/1832"}],"wp:attachment":[{"href":"https:\/\/hbbkimya.com\/index.php?rest_route=%2Fwp%2Fv2%2Fmedia&parent=1831"}],"wp:term":[{"taxonomy":"product_brand","embeddable":true,"href":"https:\/\/hbbkimya.com\/index.php?rest_route=%2Fwp%2Fv2%2Fproduct_brand&post=1831"},{"taxonomy":"product_cat","embeddable":true,"href":"https:\/\/hbbkimya.com\/index.php?rest_route=%2Fwp%2Fv2%2Fproduct_cat&post=1831"},{"taxonomy":"product_tag","embeddable":true,"href":"https:\/\/hbbkimya.com\/index.php?rest_route=%2Fwp%2Fv2%2Fproduct_tag&post=1831"}],"curies":[{"name":"wp","href":"https:\/\/api.w.org\/{rel}","templated":true}]}}