{"id":1829,"date":"2025-08-23T21:17:38","date_gmt":"2025-08-23T18:17:38","guid":{"rendered":"https:\/\/hbbkimya.com\/?post_type=product&#038;p=1829"},"modified":"2026-02-11T22:47:00","modified_gmt":"2026-02-11T19:47:00","slug":"dijital-termometre-problu-sicaklik-olcer-50-110c","status":"publish","type":"product","link":"https:\/\/hbbkimya.com\/?product=dijital-termometre-problu-sicaklik-olcer-50-110c","title":{"rendered":"Dijital Termometre &#8211; Problu S\u0131cakl\u0131k \u00d6l\u00e7er -50-110C"},"content":{"rendered":"<p><a href=\"https:\/\/hbbkimya.com\/wp-content\/uploads\/2025\/08\/problu-termometre-dijital-termometre.webp\"><img loading=\"lazy\" decoding=\"async\" class=\"alignnone size-medium wp-image-1830\" src=\"https:\/\/hbbkimya.com\/wp-content\/uploads\/2025\/08\/problu-termometre-dijital-termometre-300x300.webp\" alt=\"\" width=\"300\" height=\"300\" srcset=\"https:\/\/hbbkimya.com\/wp-content\/uploads\/2025\/08\/problu-termometre-dijital-termometre-300x300.webp 300w, https:\/\/hbbkimya.com\/wp-content\/uploads\/2025\/08\/problu-termometre-dijital-termometre-100x100.webp 100w, https:\/\/hbbkimya.com\/wp-content\/uploads\/2025\/08\/problu-termometre-dijital-termometre-600x600.webp 600w, https:\/\/hbbkimya.com\/wp-content\/uploads\/2025\/08\/problu-termometre-dijital-termometre-150x150.webp 150w, https:\/\/hbbkimya.com\/wp-content\/uploads\/2025\/08\/problu-termometre-dijital-termometre-768x768.webp 768w, https:\/\/hbbkimya.com\/wp-content\/uploads\/2025\/08\/problu-termometre-dijital-termometre.webp 1000w\" sizes=\"auto, (max-width: 300px) 100vw, 300px\" \/><\/a><\/p>\n","protected":false},"excerpt":{"rendered":"<table border=\"1\" width=\"0\" cellspacing=\"0\" cellpadding=\"0\">\n<tbody>\n<tr>\n<td valign=\"top\" width=\"204\">\n<p align=\"center\">\u00dcr\u00fcn Kodu<\/p>\n<\/td>\n<td valign=\"top\" width=\"150\">\n<p align=\"center\"><span lang=\"EN-US\">TPM10S<\/span><\/p>\n<\/td>\n<\/tr>\n<tr>\n<td valign=\"top\" width=\"204\">\n<p align=\"center\"><span lang=\"EN-US\">S\u0131cakl\u0131k \u00d6l\u00e7\u00fcm Aral\u0131\u011f\u0131<\/span><\/p>\n<\/td>\n<td valign=\"top\" width=\"150\">\n<p align=\"center\"><span lang=\"EN-US\">-50\u00b0C &#8211; 110\u00b0C<\/span><\/p>\n<\/td>\n<\/tr>\n<tr>\n<td valign=\"top\" width=\"204\">\n<p align=\"center\"><span lang=\"EN-US\">\u00d6l\u00e7\u00fcm Hassasiyeti<\/span><\/p>\n<\/td>\n<td valign=\"top\" width=\"150\">\n<p align=\"center\"><span lang=\"EN-US\">\u00b1 0.5 \u00b0C<\/span><\/p>\n<\/td>\n<\/tr>\n<tr>\n<td valign=\"top\" width=\"204\">\n<p align=\"center\"><span lang=\"EN-US\">\u00c7\u00f6z\u00fcn\u00fcrl\u00fck<\/span><\/p>\n<\/td>\n<td valign=\"top\" width=\"150\">\n<p align=\"center\"><span lang=\"EN-US\">0.1\u00b0C<\/span><\/p>\n<\/td>\n<\/tr>\n<tr>\n<td valign=\"top\" width=\"204\">\n<p align=\"center\"><span lang=\"EN-US\">Boyut<\/span><\/p>\n<\/td>\n<td valign=\"top\" width=\"150\">\n<p align=\"center\"><span lang=\"EN-US\">55&#215;42 mm<\/span><\/p>\n<\/td>\n<\/tr>\n<tr>\n<td valign=\"top\" width=\"204\">\n<p align=\"center\"><span lang=\"EN-US\">A\u011f\u0131rl\u0131k<\/span><\/p>\n<\/td>\n<td valign=\"top\" width=\"150\">\n<p align=\"center\"><span lang=\"EN-US\">40 g<\/span><\/p>\n<\/td>\n<\/tr>\n<tr>\n<td valign=\"top\" width=\"204\">\n<p align=\"center\"><span lang=\"EN-US\">Kablo Uzunlu\u011fu<\/span><\/p>\n<\/td>\n<td valign=\"top\" width=\"150\">\n<p align=\"center\"><span lang=\"EN-US\">~ 1 m<\/span><\/p>\n<\/td>\n<\/tr>\n<\/tbody>\n<\/table>\n<p data-start=\"0\" data-end=\"21\"><strong data-start=\"0\" data-end=\"21\">1 adet fiyat\u0131d\u0131r.<\/strong><\/p>\n<p data-start=\"23\" data-end=\"189\">Mini boyutlu, pano tipi dijital termometredir. Panoya montaj i\u00e7in uygun \u00e7er\u00e7eve tasar\u0131m\u0131na sahiptir ve <strong data-start=\"126\" data-end=\"146\">-50\u00b0C ile +110\u00b0C<\/strong> aral\u0131\u011f\u0131nda hassas s\u0131cakl\u0131k \u00f6l\u00e7\u00fcm\u00fc yapar.<\/p>\n<p data-start=\"191\" data-end=\"424\">Suya dayan\u0131kl\u0131 harici probu sayesinde \u00f6l\u00e7\u00fcm yap\u0131lacak ortama do\u011frudan yerle\u015ftirilerek g\u00fcvenilir sonu\u00e7 elde edilir. Kompakt yap\u0131s\u0131 ve kolay kullan\u0131m\u0131 sayesinde hem end\u00fcstriyel hem de g\u00fcnl\u00fck uygulamalarda yayg\u0131n olarak tercih edilir.<\/p>\n<p data-start=\"426\" data-end=\"508\" data-is-last-node=\"\" data-is-only-node=\"\"><strong data-start=\"426\" data-end=\"444\">\u00c7al\u0131\u015fma \u015eekli:<\/strong> 2 adet pil ile \u00e7al\u0131\u015f\u0131r.<br data-start=\"468\" data-end=\"471\" \/><strong data-start=\"471\" data-end=\"482\">Piller:<\/strong> Paket i\u00e7eri\u011fine dahildir.<\/p>\n","protected":false},"featured_media":1830,"comment_status":"open","ping_status":"closed","template":"","meta":{"neve_meta_sidebar":"","neve_meta_container":"","neve_meta_enable_content_width":"off","neve_meta_content_width":100,"neve_meta_title_alignment":"","neve_meta_author_avatar":"","neve_post_elements_order":"","neve_meta_disable_header":"","neve_meta_disable_footer":"","neve_meta_disable_title":"","_themeisle_gutenberg_block_has_review":false},"product_brand":[],"product_cat":[52],"product_tag":[],"class_list":{"0":"post-1829","1":"product","2":"type-product","3":"status-publish","4":"has-post-thumbnail","6":"product_cat-termometre-termohigrometre","8":"first","9":"instock","10":"taxable","11":"shipping-taxable","12":"purchasable","13":"product-type-simple"},"_links":{"self":[{"href":"https:\/\/hbbkimya.com\/index.php?rest_route=\/wp\/v2\/product\/1829","targetHints":{"allow":["GET"]}}],"collection":[{"href":"https:\/\/hbbkimya.com\/index.php?rest_route=\/wp\/v2\/product"}],"about":[{"href":"https:\/\/hbbkimya.com\/index.php?rest_route=\/wp\/v2\/types\/product"}],"replies":[{"embeddable":true,"href":"https:\/\/hbbkimya.com\/index.php?rest_route=%2Fwp%2Fv2%2Fcomments&post=1829"}],"wp:featuredmedia":[{"embeddable":true,"href":"https:\/\/hbbkimya.com\/index.php?rest_route=\/wp\/v2\/media\/1830"}],"wp:attachment":[{"href":"https:\/\/hbbkimya.com\/index.php?rest_route=%2Fwp%2Fv2%2Fmedia&parent=1829"}],"wp:term":[{"taxonomy":"product_brand","embeddable":true,"href":"https:\/\/hbbkimya.com\/index.php?rest_route=%2Fwp%2Fv2%2Fproduct_brand&post=1829"},{"taxonomy":"product_cat","embeddable":true,"href":"https:\/\/hbbkimya.com\/index.php?rest_route=%2Fwp%2Fv2%2Fproduct_cat&post=1829"},{"taxonomy":"product_tag","embeddable":true,"href":"https:\/\/hbbkimya.com\/index.php?rest_route=%2Fwp%2Fv2%2Fproduct_tag&post=1829"}],"curies":[{"name":"wp","href":"https:\/\/api.w.org\/{rel}","templated":true}]}}